{"id":113,"date":"2025-05-28T05:47:02","date_gmt":"2025-05-28T03:47:02","guid":{"rendered":"https:\/\/brc.desarrollo.itsangee.com\/?page_id=113"},"modified":"2026-04-27T18:18:15","modified_gmt":"2026-04-27T16:18:15","slug":"gallery","status":"publish","type":"page","link":"https:\/\/brc.desarrollo.itsangee.com\/en\/gallery\/","title":{"rendered":"Gallery"},"content":{"rendered":"<div class=\"brz brz-root__container brz-reset-all brz-root__container-page\">\n<section id=\"o63DV5ZBSvjI_o63DV5ZBSvjI\" class=\"brz-section brz-css-d-section brz-css-u1lp6s\">\n<div class=\"brz-section__content brz-section--boxed brz-css-d-sectionitem-bg brz-css-mklq4y\" data-brz-custom-id=\"eK9k86wyPJ6Z\">\n<div class=\"brz-bg\">\n<div class=\"brz-bg-image\"><\/div>\n<div class=\"brz-bg-color\"><\/div>\n<div class=\"brz-bg-shape brz-bg-shape__bottom\"><\/div>\n<\/div>\n<div class=\"brz-container brz-css-d-sectionitem-container brz-css-1oe3v6\">\n<div id=\"\" class=\"brz-css-d-wrapper brz-css-r-wrapper brz-css-td5duo brz-wrapper\">\n<div class=\"brz-spacer brz-css-d-spacer brz-css-dmmjfn\"><\/div>\n<\/div>\n<\/div>\n<\/div>\n<\/section>\n<section id=\"oefmceiLoeqE_oefmceiLoeqE\" class=\"brz-section brz-css-d-section brz-css-1bsabry\">\n<div class=\"brz-section__content brz-section--boxed brz-css-d-sectionitem-bg brz-css-5xh1lm\" data-brz-custom-id=\"mc1xacWWfs8Z\">\n<div class=\"brz-bg\">\n<div class=\"brz-bg-color\"><\/div>\n<\/div>\n<div class=\"brz-container brz-css-d-sectionitem-container brz-css-q95stj\">\n<div class=\"brz-row__container brz-css-d-row-row brz-css-x695fj\" data-brz-custom-id=\"n9VjfC8zxtBm\">\n<div class=\"brz-row brz-css-d-row-container brz-css-fxuffr\">\n<div class=\"brz-columns brz-css-d-column-column brz-css-vg291t\" data-brz-custom-id=\"n8g7nvFeG0hQ\">\n<div class=\"brz-column__items brz-css-d-column-bg brz-css-1v58nn\">\n<div id=\"\" data-brz-iteration-count=\"1\" class=\"brz-css-d-wrapper brz-css-wmid2m brz-wrapper brz-animated brz-css-d-wrapper-animation-fadeinup-900-0-false brz-css-nmd64s\" data-animationid=\"zpyqeo0XR29k\">\n<div class=\"brz-rich-text brz-rich-text__custom brz-css-d-richtext brz-css-33n29u\" data-brz-custom-id=\"v15fssBQp_5T\">\n<div data-brz-translate-text=\"1\">\n<h1 class=\"ql-align-center brz-tp-lg-heading1 brz-css-fJPqd\" data-generated-css=\"brz-css-u4qG0\" data-uniq-id=\"btPDc\"><span class=\"brz-cp-color8\" style=\"background-color: transparent\">Image Gallery<\/span><\/h1>\n<\/div>\n<\/div>\n<\/div>\n<div id=\"\" data-brz-iteration-count=\"1\" class=\"brz-css-d-wrapper brz-css-nykpts brz-wrapper brz-animated brz-css-d-wrapper-animation-fadeinup-900-0-false brz-css-z5rrhy\" data-animationid=\"mYFyDKcaDPVQ\">\n<div class=\"brz-rich-text brz-rich-text__custom brz-css-d-richtext brz-css-1uccsy1\" data-brz-custom-id=\"vmt1tmTZfSju\">\n<div data-brz-translate-text=\"1\">\n<p class=\"brz-tp-lg-nqBoWtX8Ue0D brz-css-cAGun\" data-uniq-id=\"tJ4ix\" data-generated-css=\"brz-css-zRRcc\"><span class=\"brz-cp-color8\" style=\"background-color: transparent\">Images that capture the commitment, creativity, and impact of recycling in Isla Col\u00f3n.<\/span><\/p>\n<\/div>\n<\/div>\n<\/div>\n<div id=\"\" class=\"brz-css-d-wrapper brz-css-r-wrapper brz-css-1bwpb83 brz-wrapper\">\n<div class=\"brz-spacer brz-css-d-spacer brz-css-hy2y31\"><\/div>\n<\/div>\n<div class=\"brz-wrapper-clone brz-flex-xs-wrap brz-css-d-cloneable brz-css-xyob77\" data-brz-custom-id=\"mPapd1xcd0r2\"><a class=\"brz-a brz-btn brz-css-d-button brz-css-1ecevh1 brz-css-d-button-bg brz-css-zedspp\" target=\"_self\" rel=\"noopener\" data-brz-link-type=\"external\" data-brz-custom-id=\"xIhZjO1YyoJQ\"><span data-brz-translate-text=\"1\" class=\"brz-span brz-text__editor\">Join our team<\/span><\/a><a class=\"brz-a brz-btn brz-css-d-button brz-css-1pvt299 brz-css-d-button-bg brz-css-fqaw5o\" target=\"_self\" rel=\"noopener\" data-brz-link-type=\"external\" data-brz-custom-id=\"iVvuD41Z_xa6\"><span data-brz-translate-text=\"1\" class=\"brz-span brz-text__editor\">Support our mission<\/span><\/a><\/div>\n<\/div>\n<\/div>\n<div class=\"brz-columns brz-css-d-column-column brz-css-1ehh5qo\" data-brz-custom-id=\"aYcYpWui7Ev2\">\n<div class=\"brz-column__items brz-css-d-column-bg brz-css-p08lij\">\n<div id=\"\" class=\"brz-css-d-wrapper brz-css-1ykicq2 brz-wrapper\">\n<div class=\"brz-image brz-css-d-image-jgqlhc1ct2z8-parent brz-css-ig2dou\" data-brz-custom-id=\"jgqLHc1Ct2z8\"><img decoding=\"async\" class=\"brz-img\" src=\"http:\/\/brc.desarrollo.itsangee.com\/wp-content\/uploads\/2026\/02\/gallery-18.webp\" loading=\"lazy\" title=\"\"><\/div>\n<\/div>\n<\/div>\n<\/div>\n<\/div>\n<\/div>\n<div id=\"\" class=\"brz-css-d-wrapper brz-css-r-wrapper brz-css-mpzidj brz-wrapper\">\n<div class=\"brz-spacer brz-css-d-spacer brz-css-oofa9b\"><\/div>\n<\/div>\n<div id=\"\" data-brz-iteration-count=\"1\" class=\"brz-css-d-wrapper brz-css-w8gl6g brz-wrapper brz-animated brz-css-d-wrapper-animation-fadeinup-900-0-false brz-css-6hp1p3\" data-animationid=\"yHbv1H5K48lT\">\n<div class=\"brz-line brz-line-default brz-css-d-line brz-css-189nszx\" data-brz-custom-id=\"n8nRt3zy8eVS\">\n<hr class=\"brz-hr\"><\/div>\n<\/div>\n<div id=\"\" class=\"brz-css-d-wrapper brz-css-r-wrapper brz-css-ruko9c brz-wrapper\">\n<div class=\"brz-spacer brz-css-d-spacer brz-css-mydsqn\"><\/div>\n<\/div>\n<\/div>\n<\/div>\n<\/section>\n<section id=\"dI2OEky5SySk_dI2OEky5SySk\" class=\"brz-section brz-css-d-section brz-css-4dya7u\">\n<div class=\"brz-section__content brz-section--boxed brz-css-d-sectionitem-bg brz-css-nhmu52\" data-brz-custom-id=\"sglUhd_G2mzO\">\n<div class=\"brz-container brz-css-d-sectionitem-container brz-css-1d73bjr\">\n<div class=\"brz-row__container brz-css-d-row-row brz-css-140mr46\" data-brz-custom-id=\"bWBac6p5MFb8\">\n<div class=\"brz-row brz-css-d-row-container brz-css-zev993\">\n<div class=\"brz-columns brz-css-d-column-column brz-css-jhvlzl\" data-brz-custom-id=\"kBEenUhcBRMG\">\n<div class=\"brz-bg\"><\/div>\n<div class=\"brz-column__items brz-css-d-column-bg brz-css-1v1avbt\">\n<div id=\"\" class=\"brz-css-d-wrapper brz-css-d6q4xp brz-wrapper\">\n<div class=\"brz-image brz-css-d-image-pi1dtkumatmx-parent brz-css-4h2ltx\" data-brz-custom-id=\"pi1dtKUMAtmX\"><img decoding=\"async\" class=\"brz-img\" src=\"http:\/\/brc.desarrollo.itsangee.com\/wp-content\/uploads\/brizy\/imgs\/gallery-2-381x255x67x0x248x255x1748406410.webp\" loading=\"lazy\" title=\"\"><\/div>\n<\/div>\n<\/div>\n<\/div>\n<div class=\"brz-columns brz-css-d-column-column brz-css-1rwaiw1\" data-brz-custom-id=\"vVNOa6Dn_zzd\">\n<div class=\"brz-bg\"><\/div>\n<div class=\"brz-column__items brz-css-d-column-bg brz-css-1exgls4\">\n<div id=\"\" class=\"brz-css-d-wrapper brz-css-13tbaet brz-wrapper\">\n<div class=\"brz-image brz-css-d-image-m5kgyvxtjlq3-parent brz-css-18ei8zf\" data-brz-custom-id=\"m5kgYVxTJlq3\"><img decoding=\"async\" class=\"brz-img\" src=\"http:\/\/brc.desarrollo.itsangee.com\/wp-content\/uploads\/brizy\/imgs\/gallery-3-379x253x66x0x248x253x1748406608.webp\" loading=\"lazy\" title=\"\"><\/div>\n<\/div>\n<\/div>\n<\/div>\n<div class=\"brz-columns brz-css-d-column-column brz-css-rph11\" data-brz-custom-id=\"zRFfYFvHVQZu\">\n<div class=\"brz-bg\"><\/div>\n<div class=\"brz-column__items brz-css-d-column-bg brz-css-a8y1jo\">\n<div id=\"\" class=\"brz-css-d-wrapper brz-css-f87kip brz-wrapper\">\n<div class=\"brz-image brz-css-d-image-watr_nd85qv_-parent brz-css-g5k8to\" data-brz-custom-id=\"wAtR_nd85Qv_\"><img decoding=\"async\" class=\"brz-img\" src=\"http:\/\/brc.desarrollo.itsangee.com\/wp-content\/uploads\/brizy\/imgs\/gallery-4-248x370x0x59x248x252x1748406708.webp\" loading=\"lazy\" title=\"\"><\/div>\n<\/div>\n<\/div>\n<\/div>\n<div class=\"brz-columns brz-css-d-column-column brz-css-qtnts6\" data-brz-custom-id=\"yhEIz0eUfcvB\">\n<div class=\"brz-column__items brz-css-d-column-bg brz-css-rras11\">\n<div id=\"\" class=\"brz-css-d-wrapper brz-css-15v6fjr brz-wrapper\">\n<div class=\"brz-image brz-css-d-image-qn7t4k5sxah6-parent brz-css-hecb4c\" data-brz-custom-id=\"qn7T4K5sxAH6\"><img decoding=\"async\" class=\"brz-img\" src=\"http:\/\/brc.desarrollo.itsangee.com\/?brizy_media=wp-8fa240fe4e2c21145490d41dd161e962.webp&amp;brizy_crop=iW%3D258%26iH%3D322%26oX%3D0%26oY%3D27%26cW%3D258%26cH%3D267\" loading=\"lazy\" title=\"\"><\/div>\n<\/div>\n<\/div>\n<\/div>\n<\/div>\n<\/div>\n<div class=\"brz-row__container brz-css-d-row-row brz-css-17mjs4n\" data-brz-custom-id=\"yZPajwRf0JpN\">\n<div class=\"brz-row brz-css-d-row-container brz-css-usbofx\">\n<div class=\"brz-columns brz-css-d-column-column brz-css-nob6hv\" data-brz-custom-id=\"fO7rSKLBtLcc\">\n<div class=\"brz-column__items brz-css-d-column-bg brz-css-1ozkvlf\"><\/div>\n<\/div>\n<div class=\"brz-columns brz-css-d-column-column brz-css-1iqby3u\" data-brz-custom-id=\"qmAgCm_4ea2q\">\n<div class=\"brz-bg\"><\/div>\n<div class=\"brz-column__items brz-css-d-column-bg brz-css-1x8kzc3\">\n<div id=\"\" class=\"brz-css-d-wrapper brz-css-u9ncgm brz-wrapper\">\n<div class=\"brz-image brz-css-d-image-z1qhbnv4mhzy-parent brz-css-11yw5cw\" data-brz-custom-id=\"z1QHBNV4MhzY\"><img decoding=\"async\" class=\"brz-img\" src=\"http:\/\/brc.desarrollo.itsangee.com\/wp-content\/uploads\/brizy\/imgs\/gallery-5-371x248x62x0x248x248x1748406840.webp\" loading=\"lazy\" title=\"\"><\/div>\n<\/div>\n<\/div>\n<\/div>\n<div class=\"brz-columns brz-css-d-column-column brz-css-g4ejv\" data-brz-custom-id=\"tv6AJSXCUw5o\">\n<div class=\"brz-bg\"><\/div>\n<div class=\"brz-column__items brz-css-d-column-bg brz-css-16riwrt\">\n<div id=\"\" class=\"brz-css-d-wrapper brz-css-1vp7ze brz-wrapper\">\n<div class=\"brz-image brz-css-d-image-jtserklam8pf-parent brz-css-1bqmz2s\" data-brz-custom-id=\"jTSErKLAM8pF\"><img decoding=\"async\" class=\"brz-img\" src=\"http:\/\/brc.desarrollo.itsangee.com\/wp-content\/uploads\/brizy\/imgs\/gallery-6-371x248x62x0x248x248x1748406987.webp\" loading=\"lazy\" title=\"\"><\/div>\n<\/div>\n<\/div>\n<\/div>\n<div class=\"brz-columns brz-css-d-column-column brz-css-6c4ayn\" data-brz-custom-id=\"uwvkLY_6gOpU\">\n<div class=\"brz-bg\"><\/div>\n<div class=\"brz-column__items brz-css-d-column-bg brz-css-pppvts\">\n<div id=\"\" class=\"brz-css-d-wrapper brz-css-8bzcfv brz-wrapper\">\n<div class=\"brz-image brz-css-d-image-eh2p5pdea_ol-parent brz-css-1owrng6\" data-brz-custom-id=\"eH2P5PdeA_oL\"><img decoding=\"async\" class=\"brz-img\" src=\"http:\/\/brc.desarrollo.itsangee.com\/wp-content\/uploads\/brizy\/imgs\/gallery-7-248x370x0x61x248x248x1748407180.webp\" loading=\"lazy\" title=\"\"><\/div>\n<\/div>\n<\/div>\n<\/div>\n<\/div>\n<\/div>\n<div class=\"brz-row__container brz-css-d-row-row brz-css-q7sp5s\" data-brz-custom-id=\"gNTET82q0gpS\">\n<div class=\"brz-row brz-css-d-row-container brz-css-u8hrss\">\n<div class=\"brz-columns brz-css-d-column-column brz-css-nftchb\" data-brz-custom-id=\"w4AEWCgcqbV5\">\n<div class=\"brz-bg\"><\/div>\n<div class=\"brz-column__items brz-css-d-column-bg brz-css-nvz66z\">\n<div id=\"\" class=\"brz-css-d-wrapper brz-css-1rky8hm brz-wrapper\">\n<div class=\"brz-image brz-css-d-image-ohoxymzmnzez-parent brz-css-19pemki\" data-brz-custom-id=\"ohOxyMZmnZEZ\"><img decoding=\"async\" class=\"brz-img\" src=\"http:\/\/brc.desarrollo.itsangee.com\/wp-content\/uploads\/brizy\/imgs\/gallery-8-248x370x0x61x248x248x1748407360.webp\" loading=\"lazy\" title=\"\"><\/div>\n<\/div>\n<\/div>\n<\/div>\n<div class=\"brz-columns brz-css-d-column-column brz-css-lyb4j8\" data-brz-custom-id=\"d6L21RO3wscp\">\n<div class=\"brz-bg\"><\/div>\n<div class=\"brz-column__items brz-css-d-column-bg brz-css-xjhq8e\">\n<div id=\"\" class=\"brz-css-d-wrapper brz-css-88j8rq brz-wrapper\">\n<div class=\"brz-image brz-css-d-image-mjey63n2x7er-parent brz-css-14x3v81\" data-brz-custom-id=\"mJey63N2x7Er\"><img decoding=\"async\" class=\"brz-img\" src=\"http:\/\/brc.desarrollo.itsangee.com\/wp-content\/uploads\/brizy\/imgs\/gallery-19-248x371x0x61x248x249x1770248390.webp\" loading=\"lazy\" title=\"\"><\/div>\n<\/div>\n<\/div>\n<\/div>\n<div class=\"brz-columns brz-css-d-column-column brz-css-afe49x\" data-brz-custom-id=\"or61ugzlTede\">\n<div class=\"brz-bg\"><\/div>\n<div class=\"brz-column__items brz-css-d-column-bg brz-css-1dawgkx\">\n<div id=\"\" class=\"brz-css-d-wrapper brz-css-19n67ab brz-wrapper\">\n<div class=\"brz-image brz-css-d-image-alr0ee9dkbv4-parent brz-css-6ljnp7\" data-brz-custom-id=\"alR0EE9dkBV4\"><img decoding=\"async\" class=\"brz-img\" src=\"http:\/\/brc.desarrollo.itsangee.com\/wp-content\/uploads\/brizy\/imgs\/gallery-10-248x370x0x61x248x248x1748407804.webp\" loading=\"lazy\" title=\"\"><\/div>\n<\/div>\n<\/div>\n<\/div>\n<div class=\"brz-columns brz-css-d-column-column brz-css-1sy4som\" data-brz-custom-id=\"t09IeK1KkkKD\">\n<div class=\"brz-column__items brz-css-d-column-bg brz-css-gt3lyh\"><\/div>\n<\/div>\n<\/div>\n<\/div>\n<div class=\"brz-row__container brz-css-d-row-row brz-css-1nfbnet\" data-brz-custom-id=\"n3LAMSHOt2xc\">\n<div class=\"brz-row brz-css-d-row-container brz-css-nt4j8a\">\n<div class=\"brz-columns brz-css-d-column-column brz-css-1ipvydi\" data-brz-custom-id=\"t_6YOzQx0FVa\">\n<div class=\"brz-column__items brz-css-d-column-bg brz-css-1a3q2qw\"><\/div>\n<\/div>\n<div class=\"brz-columns brz-css-d-column-column brz-css-1dflqdx\" data-brz-custom-id=\"aV1U2krfnu4q\">\n<div class=\"brz-bg\"><\/div>\n<div class=\"brz-column__items brz-css-d-column-bg brz-css-nqdmja\">\n<div id=\"\" class=\"brz-css-d-wrapper brz-css-1z0sqqk brz-wrapper\">\n<div class=\"brz-image brz-css-d-image-h_ro5cbpwsn2-parent brz-css-98tq0v\" data-brz-custom-id=\"h_ro5CbpWsN2\"><img decoding=\"async\" class=\"brz-img\" src=\"http:\/\/brc.desarrollo.itsangee.com\/wp-content\/uploads\/brizy\/imgs\/gallery-12-248x370x0x65x248x241x1748408209.webp\" loading=\"lazy\" title=\"\"><\/div>\n<\/div>\n<\/div>\n<\/div>\n<div class=\"brz-columns brz-css-d-column-column brz-css-65n1xf\" data-brz-custom-id=\"mt5a2R69fPtf\">\n<div class=\"brz-bg\"><\/div>\n<div class=\"brz-column__items brz-css-d-column-bg brz-css-3rqpp\">\n<div id=\"\" class=\"brz-css-d-wrapper brz-css-6b64w2 brz-wrapper\">\n<div class=\"brz-image brz-css-d-image-asrevfhbf4ag-parent brz-css-5g46yh\" data-brz-custom-id=\"aSrEvFHBf4ag\"><img decoding=\"async\" class=\"brz-img\" src=\"http:\/\/brc.desarrollo.itsangee.com\/wp-content\/uploads\/brizy\/imgs\/gallery-13-356x238x54x0x248x238x1748408466.webp\" loading=\"lazy\" title=\"\"><\/div>\n<\/div>\n<\/div>\n<\/div>\n<div class=\"brz-columns brz-css-d-column-column brz-css-swqa5h\" data-brz-custom-id=\"cTRHhiBAZaIX\">\n<div class=\"brz-bg\"><\/div>\n<div class=\"brz-column__items brz-css-d-column-bg brz-css-hyfnxt\">\n<div id=\"\" class=\"brz-css-d-wrapper brz-css-1elr2hs brz-wrapper\">\n<div class=\"brz-image brz-css-d-image-n9ne4f7hicxt-parent brz-css-sndbxg\" data-brz-custom-id=\"n9nE4F7hIcxT\"><img decoding=\"async\" class=\"brz-img\" src=\"http:\/\/brc.desarrollo.itsangee.com\/wp-content\/uploads\/brizy\/imgs\/gallery-14-356x238x54x0x248x238x1748408741.webp\" loading=\"lazy\" title=\"\"><\/div>\n<\/div>\n<\/div>\n<\/div>\n<\/div>\n<\/div>\n<div class=\"brz-row__container brz-css-d-row-row brz-css-1byp606\" data-brz-custom-id=\"xiMlVAMUR8uw\">\n<div class=\"brz-row brz-css-d-row-container brz-css-tnzvxj\">\n<div class=\"brz-columns brz-css-d-column-column brz-css-18tmq7z\" data-brz-custom-id=\"yzAU1zBZq55E\">\n<div class=\"brz-bg\"><\/div>\n<div class=\"brz-column__items brz-css-d-column-bg brz-css-srl6av\">\n<div id=\"\" class=\"brz-css-d-wrapper brz-css-ailbd2 brz-wrapper\">\n<div class=\"brz-image brz-css-d-image-zzfbdqkawfio-parent brz-css-dajsxo\" data-brz-custom-id=\"zZFbdQKAWfIo\"><img decoding=\"async\" class=\"brz-img\" src=\"http:\/\/brc.desarrollo.itsangee.com\/wp-content\/uploads\/brizy\/imgs\/gallery-15-248x370x0x74x248x222x1748408937.webp\" loading=\"lazy\" title=\"\"><\/div>\n<\/div>\n<\/div>\n<\/div>\n<div class=\"brz-columns brz-css-d-column-column brz-css-1r9889d\" data-brz-custom-id=\"smWqkf388JU3\">\n<div class=\"brz-bg\"><\/div>\n<div class=\"brz-column__items brz-css-d-column-bg brz-css-1mk88m3\">\n<div id=\"\" class=\"brz-css-d-wrapper brz-css-3aamx5 brz-wrapper\">\n<div class=\"brz-image brz-css-d-image-z_cgyt5ji6iv-parent brz-css-1261u82\" data-brz-custom-id=\"z_cgYT5Ji6iv\"><img decoding=\"async\" class=\"brz-img\" src=\"http:\/\/brc.desarrollo.itsangee.com\/wp-content\/uploads\/brizy\/imgs\/gallery-16-248x370x0x74x248x222x1748409053.webp\" loading=\"lazy\" title=\"\"><\/div>\n<\/div>\n<\/div>\n<\/div>\n<div class=\"brz-columns brz-css-d-column-column brz-css-1xdg0dw\" data-brz-custom-id=\"mtz3knBjcILS\">\n<div class=\"brz-bg\"><\/div>\n<div class=\"brz-column__items brz-css-d-column-bg brz-css-ofzsgm\">\n<div id=\"\" class=\"brz-css-d-wrapper brz-css-4y21a1 brz-wrapper\">\n<div class=\"brz-image brz-css-d-image-negz7bxhx71v-parent brz-css-1vzfluw\" data-brz-custom-id=\"negZ7BXHx71v\"><img decoding=\"async\" class=\"brz-img\" src=\"http:\/\/brc.desarrollo.itsangee.com\/wp-content\/uploads\/brizy\/imgs\/gallery-17-248x370x0x74x248x222x1748409189.webp\" loading=\"lazy\" title=\"\"><\/div>\n<\/div>\n<\/div>\n<\/div>\n<div class=\"brz-columns brz-css-d-column-column brz-css-fcklgo\" data-brz-custom-id=\"oqW1qisYbSgT\">\n<div class=\"brz-column__items brz-css-d-column-bg brz-css-14wbd3w\"><\/div>\n<\/div>\n<\/div>\n<\/div>\n<\/div>\n<\/div>\n<\/section><\/div>\n<p><!-- version:1770822764 --><\/p>","protected":false},"excerpt":{"rendered":"<p>Galer\u00eda de im\u00e1genes Im\u00e1genes que capturan el compromiso, la creatividad y el impacto del reciclaje en Isla Col\u00f3n. \u00danete a nuestro equipoApoya nuestra misi\u00f3n<\/p>","protected":false},"author":1,"featured_media":0,"parent":0,"menu_order":0,"comment_status":"closed","ping_status":"closed","template":"brizy-blank-template.php","meta":{"footnotes":""},"class_list":["post-113","page","type-page","status-publish","hentry"],"blocksy_meta":[],"brizy_media":[{"id":138,"url":"https:\/\/brc.desarrollo.itsangee.com\/wp-content\/uploads\/2025\/05\/6.webp","name":"6.webp","meta":{"brizy_attachment_uid":"wp-0727660e7f076f72646dd490e63c892e.webp","brizy_post_uid":["0e5dde1cac43aa3311d5a9e959f35cb0"]}},{"id":139,"url":"https:\/\/brc.desarrollo.itsangee.com\/wp-content\/uploads\/2025\/05\/gallery-2.webp","name":"gallery-2.webp","meta":{"brizy_attachment_uid":"wp-9cd84049ec0e9ac7a2874cc7db06f71e.webp","brizy_post_uid":["0e5dde1cac43aa3311d5a9e959f35cb0"]}},{"id":140,"url":"https:\/\/brc.desarrollo.itsangee.com\/wp-content\/uploads\/2025\/05\/gallery-3.webp","name":"gallery-3.webp","meta":{"brizy_attachment_uid":"wp-6b458cf4acf38f7498e22ac471b4066f.webp","brizy_post_uid":["0e5dde1cac43aa3311d5a9e959f35cb0"]}},{"id":141,"url":"https:\/\/brc.desarrollo.itsangee.com\/wp-content\/uploads\/2025\/05\/gallery-4.webp","name":"gallery-4.webp","meta":{"brizy_attachment_uid":"wp-df07e9d2380ef024685d3dc595a9b2ff.webp","brizy_post_uid":["0e5dde1cac43aa3311d5a9e959f35cb0"]}},{"id":142,"url":"https:\/\/brc.desarrollo.itsangee.com\/wp-content\/uploads\/2025\/05\/gallery-5.webp","name":"gallery-5.webp","meta":{"brizy_attachment_uid":"wp-772bc08259aa44c8fc46cc8b05f7afd4.webp","brizy_post_uid":["0e5dde1cac43aa3311d5a9e959f35cb0"]}},{"id":143,"url":"https:\/\/brc.desarrollo.itsangee.com\/wp-content\/uploads\/2025\/05\/gallery-6.webp","name":"gallery-6.webp","meta":{"brizy_attachment_uid":"wp-ff2c882257995422a9fed81078c52ddb.webp","brizy_post_uid":["0e5dde1cac43aa3311d5a9e959f35cb0","60ed1afef46add52c5bf5eabd94e8c44"]}},{"id":144,"url":"https:\/\/brc.desarrollo.itsangee.com\/wp-content\/uploads\/2025\/05\/gallery-7.webp","name":"gallery-7.webp","meta":{"brizy_attachment_uid":"wp-b6a09af2e1d91c6443cf8531f84550f9.webp","brizy_post_uid":["0e5dde1cac43aa3311d5a9e959f35cb0"]}},{"id":145,"url":"https:\/\/brc.desarrollo.itsangee.com\/wp-content\/uploads\/2025\/05\/gallery-8.webp","name":"gallery-8.webp","meta":{"brizy_attachment_uid":"wp-7ddf164a943bf5a8a9ad0af0f3b41d77.webp","brizy_post_uid":["0e5dde1cac43aa3311d5a9e959f35cb0"]}},{"id":146,"url":"https:\/\/brc.desarrollo.itsangee.com\/wp-content\/uploads\/2025\/05\/gallery-9.webp","name":"gallery-9.webp","meta":{"brizy_attachment_uid":"wp-bc8f5f935adef0539ee630040800d33b.webp","brizy_post_uid":["0e5dde1cac43aa3311d5a9e959f35cb0"]}},{"id":147,"url":"https:\/\/brc.desarrollo.itsangee.com\/wp-content\/uploads\/2025\/05\/gallery-10.webp","name":"gallery-10.webp","meta":{"brizy_attachment_uid":"wp-4c1dde8ef0b1c247083aa11b1accc8c1.webp","brizy_post_uid":["0e5dde1cac43aa3311d5a9e959f35cb0"]}},{"id":148,"url":"https:\/\/brc.desarrollo.itsangee.com\/wp-content\/uploads\/2025\/05\/gallery-12.webp","name":"gallery-12.webp","meta":{"brizy_attachment_uid":"wp-ccb363b8bc1ce1fde79807c376ca9ed6.webp","brizy_post_uid":["0e5dde1cac43aa3311d5a9e959f35cb0"]}},{"id":149,"url":"https:\/\/brc.desarrollo.itsangee.com\/wp-content\/uploads\/2025\/05\/gallery-13.webp","name":"gallery-13.webp","meta":{"brizy_attachment_uid":"wp-233db79ae75ab01ff362c97b98c379e3.webp","brizy_post_uid":["0e5dde1cac43aa3311d5a9e959f35cb0"]}},{"id":150,"url":"https:\/\/brc.desarrollo.itsangee.com\/wp-content\/uploads\/2025\/05\/gallery-14.webp","name":"gallery-14.webp","meta":{"brizy_attachment_uid":"wp-041af380492794f514e239d187c3de03.webp","brizy_post_uid":["0e5dde1cac43aa3311d5a9e959f35cb0"]}},{"id":151,"url":"https:\/\/brc.desarrollo.itsangee.com\/wp-content\/uploads\/2025\/05\/gallery-15.webp","name":"gallery-15.webp","meta":{"brizy_attachment_uid":"wp-d324c0a68cde8c552ea2d42df17c4e1e.webp","brizy_post_uid":["0e5dde1cac43aa3311d5a9e959f35cb0"]}},{"id":152,"url":"https:\/\/brc.desarrollo.itsangee.com\/wp-content\/uploads\/2025\/05\/gallery-16.webp","name":"gallery-16.webp","meta":{"brizy_attachment_uid":"wp-ef6ec7a6baa2e3c586a00e52853820a4.webp","brizy_post_uid":["0e5dde1cac43aa3311d5a9e959f35cb0"]}},{"id":153,"url":"https:\/\/brc.desarrollo.itsangee.com\/wp-content\/uploads\/2025\/05\/gallery-17.webp","name":"gallery-17.webp","meta":{"brizy_attachment_uid":"wp-d0441e0b373eb1b61616d03b71074a1b.webp","brizy_post_uid":["0e5dde1cac43aa3311d5a9e959f35cb0"]}},{"id":230,"url":"https:\/\/brc.desarrollo.itsangee.com\/wp-content\/uploads\/2025\/05\/blog.webp","name":"blog.webp","meta":{"brizy_attachment_uid":"wp-17a1de69bc6c5e2c0490f97ad02a102f.webp","brizy_post_uid":["a78bfc1a4090d1f4df7d90e551802ff9","0e5dde1cac43aa3311d5a9e959f35cb0"]}},{"id":689,"url":"https:\/\/brc.desarrollo.itsangee.com\/wp-content\/uploads\/2026\/02\/gallery-18.webp","name":"gallery-18.webp","meta":{"brizy_attachment_uid":"wp-ed80ef677b1f74bc5775564ee968d298.webp","brizy_post_uid":["0e5dde1cac43aa3311d5a9e959f35cb0"]}},{"id":690,"url":"https:\/\/brc.desarrollo.itsangee.com\/wp-content\/uploads\/2026\/02\/gallery-19.webp","name":"gallery-19.webp","meta":{"brizy_attachment_uid":"wp-47784b34ce9eeb95c2eba2775196fe61.webp","brizy_post_uid":["0e5dde1cac43aa3311d5a9e959f35cb0"]}},{"id":707,"url":"https:\/\/brc.desarrollo.itsangee.com\/wp-content\/uploads\/2026\/02\/Ricky-Recycle-2-for-web.webp","name":"Ricky-Recycle-2-for-web.webp","meta":{"brizy_attachment_uid":"wp-8fa240fe4e2c21145490d41dd161e962.webp","brizy_post_uid":["60ed1afef46add52c5bf5eabd94e8c44","0a3cc0c56881c3e8c1312273fbdc08fc","6572f1e75a75c64ebe72f14fb8ecc937","f2511840e41a6a450d7aa5dc22fcb04c","0e5dde1cac43aa3311d5a9e959f35cb0","338d9ad25491a29a5b15dbdc9ddfefe6"]}}],"_links":{"self":[{"href":"https:\/\/brc.desarrollo.itsangee.com\/en\/wp-json\/wp\/v2\/pages\/113","targetHints":{"allow":["GET"]}}],"collection":[{"href":"https:\/\/brc.desarrollo.itsangee.com\/en\/wp-json\/wp\/v2\/pages"}],"about":[{"href":"https:\/\/brc.desarrollo.itsangee.com\/en\/wp-json\/wp\/v2\/types\/page"}],"author":[{"embeddable":true,"href":"https:\/\/brc.desarrollo.itsangee.com\/en\/wp-json\/wp\/v2\/users\/1"}],"replies":[{"embeddable":true,"href":"https:\/\/brc.desarrollo.itsangee.com\/en\/wp-json\/wp\/v2\/comments?post=113"}],"version-history":[{"count":19,"href":"https:\/\/brc.desarrollo.itsangee.com\/en\/wp-json\/wp\/v2\/pages\/113\/revisions"}],"predecessor-version":[{"id":745,"href":"https:\/\/brc.desarrollo.itsangee.com\/en\/wp-json\/wp\/v2\/pages\/113\/revisions\/745"}],"wp:attachment":[{"href":"https:\/\/brc.desarrollo.itsangee.com\/en\/wp-json\/wp\/v2\/media?parent=113"}],"curies":[{"name":"wp","href":"https:\/\/api.w.org\/{rel}","templated":true}]}}