{"id":156,"date":"2025-05-28T16:50:45","date_gmt":"2025-05-28T14:50:45","guid":{"rendered":"https:\/\/brc.desarrollo.itsangee.com\/?page_id=156"},"modified":"2026-04-23T19:46:49","modified_gmt":"2026-04-23T17:46:49","slug":"blog","status":"publish","type":"page","link":"https:\/\/brc.desarrollo.itsangee.com\/en\/blog\/","title":{"rendered":"Blog"},"content":{"rendered":"<div class=\"brz brz-root__container brz-reset-all brz-root__container-page\">\n<section id=\"fkwj90yfBsnT_fkwj90yfBsnT\" class=\"brz-section brz-css-d-section brz-css-qefkgo\">\n<div class=\"brz-section__content brz-section--boxed brz-css-d-sectionitem-bg brz-css-1j2kk88\" data-brz-custom-id=\"bXiJYFUfanfw\">\n<div class=\"brz-bg\">\n<div class=\"brz-bg-image\"><\/div>\n<div class=\"brz-bg-color\"><\/div>\n<div class=\"brz-bg-shape brz-bg-shape__bottom\"><\/div>\n<\/div>\n<div class=\"brz-container brz-css-d-sectionitem-container brz-css-amvyc1\">\n<div id=\"\" class=\"brz-css-d-wrapper brz-css-r-wrapper brz-css-ufkp7s brz-wrapper\">\n<div class=\"brz-spacer brz-css-d-spacer brz-css-1j1cz94\"><\/div>\n<\/div>\n<\/div>\n<\/div>\n<\/section>\n<section id=\"ua_0GfeKc_lJ_ua_0GfeKc_lJ\" class=\"brz-section brz-css-d-section brz-css-1qrvjhf\">\n<div class=\"brz-section__content brz-section--boxed brz-css-d-sectionitem-bg brz-css-h0470y\" data-brz-custom-id=\"wLyGIah_2n2a\">\n<div class=\"brz-bg\">\n<div class=\"brz-bg-color\"><\/div>\n<\/div>\n<div class=\"brz-container brz-css-d-sectionitem-container brz-css-1fvojhl\">\n<div class=\"brz-row__container brz-css-d-row-row brz-css-1g0qwff\" data-brz-custom-id=\"vB_VWOqnGtuI\">\n<div class=\"brz-row brz-css-d-row-container brz-css-184ekt7\">\n<div class=\"brz-columns brz-css-d-column-column brz-css-lkd9mb\" data-brz-custom-id=\"vJRXvsh17MvH\">\n<div class=\"brz-column__items brz-css-d-column-bg brz-css-tq8on1\">\n<div id=\"\" data-brz-iteration-count=\"1\" class=\"brz-css-d-wrapper brz-css-xa8873 brz-wrapper brz-animated brz-css-d-wrapper-animation-fadeinup-900-0-false brz-css-1ifejdm\" data-animationid=\"ki6WnsfbWCsJ\">\n<div class=\"brz-rich-text brz-rich-text__custom brz-css-d-richtext brz-css-1nmbhex\" data-brz-custom-id=\"nHm8iDmglMmR\">\n<div data-brz-translate-text=\"1\">\n<h1 class=\"ql-align-center brz-tp-lg-heading1 brz-css-laNuu\" data-generated-css=\"brz-css-d72su\" data-uniq-id=\"xDJWi\"><span class=\"brz-cp-color8\" style=\"background-color: transparent\">Our Blog<\/span><\/h1>\n<\/div>\n<\/div>\n<\/div>\n<div id=\"\" data-brz-iteration-count=\"1\" class=\"brz-css-d-wrapper brz-css-18p6okl brz-wrapper brz-animated brz-css-d-wrapper-animation-fadeinup-900-0-false brz-css-venppk\" data-animationid=\"g5QW_4gIcNwO\">\n<div class=\"brz-rich-text brz-rich-text__custom brz-css-d-richtext brz-css-mwb2fw\" data-brz-custom-id=\"kzX3N7cMELmJ\">\n<div data-brz-translate-text=\"1\">\n<p class=\"brz-tp-lg-nqBoWtX8Ue0D brz-css-ef4bg\" data-generated-css=\"brz-css-hcglE\" data-uniq-id=\"xZrzm\"><span class=\"brz-cp-color8\" style=\"background-color: transparent\">Stories, achievements, and lessons from the journey toward a more sustainable Panama, from the heart of Isla Col\u00f3n.<\/span><\/p>\n<p class=\"brz-tp-lg-nqBoWtX8Ue0D brz-css-eHdXE\" data-generated-css=\"brz-css-biPzV\" data-uniq-id=\"zTOdZ\"><span class=\"brz-cp-color8\" style=\"background-color: transparent\">Explore how recycling and community action are transforming realities, one initiative at a time.<\/span><\/p>\n<\/div>\n<\/div>\n<\/div>\n<div id=\"\" class=\"brz-css-d-wrapper brz-css-r-wrapper brz-css-1schu53 brz-wrapper\">\n<div class=\"brz-spacer brz-css-d-spacer brz-css-10h71lh\"><\/div>\n<\/div>\n<div class=\"brz-wrapper-clone brz-flex-xs-wrap brz-css-d-cloneable brz-css-qspigu\" data-brz-custom-id=\"m3hUMQD6ubee\"><a class=\"brz-a brz-btn brz-css-d-button brz-css-wz33tu brz-css-d-button-bg brz-css-1cj716s\" target=\"_self\" rel=\"noopener\" data-brz-link-type=\"external\" data-brz-custom-id=\"fA7FdG8vnKFh\"><span data-brz-translate-text=\"1\" class=\"brz-span brz-text__editor\">Join our team<\/span><\/a><a class=\"brz-a brz-btn brz-css-d-button brz-css-acnycp brz-css-d-button-bg brz-css-2hvvxq\" target=\"_self\" rel=\"noopener\" data-brz-link-type=\"external\" data-brz-custom-id=\"zHKrJKW1PJdD\"><span data-brz-translate-text=\"1\" class=\"brz-span brz-text__editor\">Support our mission<\/span><\/a><\/div>\n<\/div>\n<\/div>\n<div class=\"brz-columns brz-css-d-column-column brz-css-19i8ds0\" data-brz-custom-id=\"lRmTHvlY5bBG\">\n<div class=\"brz-column__items brz-css-d-column-bg brz-css-1cwot9p\">\n<div id=\"\" class=\"brz-css-d-wrapper brz-css-rk4sd7 brz-wrapper\">\n<div class=\"brz-image brz-css-d-image-rhxo63nyv84j-parent brz-css-eqhp3f\" data-brz-custom-id=\"rHXo63NYV84j\"><img decoding=\"async\" class=\"brz-img\" src=\"https:\/\/brc.desarrollo.itsangee.com\/wp-content\/uploads\/2026\/02\/home-6.webp\" loading=\"lazy\" title=\"\"><\/div>\n<\/div>\n<\/div>\n<\/div>\n<\/div>\n<\/div>\n<div id=\"\" class=\"brz-css-d-wrapper brz-css-r-wrapper brz-css-1a3rulb brz-wrapper\">\n<div class=\"brz-spacer brz-css-d-spacer brz-css-1aior81\"><\/div>\n<\/div>\n<div id=\"\" class=\"brz-css-d-wrapper brz-css-r-wrapper brz-css-133iiyz brz-wrapper\">\n<div class=\"brz-spacer brz-css-d-spacer brz-css-xj9kvh\"><\/div>\n<\/div>\n<div id=\"\" data-brz-iteration-count=\"1\" class=\"brz-css-d-wrapper brz-css-1o0a5jv brz-wrapper brz-animated brz-css-d-wrapper-animation-fadeinup-900-0-false brz-css-4ssom7\" data-animationid=\"eLFuUZ3sa2OW\">\n<div class=\"brz-line brz-line-default brz-css-d-line brz-css-6oeoy3\" data-brz-custom-id=\"qYvIW4IMySvP\">\n<hr class=\"brz-hr\"><\/div>\n<\/div>\n<div id=\"\" class=\"brz-css-d-wrapper brz-css-r-wrapper brz-css-1ph7ew4 brz-wrapper\">\n<div class=\"brz-spacer brz-css-d-spacer brz-css-1ro3dfx\"><\/div>\n<\/div>\n<\/div>\n<\/div>\n<\/section>\n<section id=\"nk2r9bIgSkhS_nk2r9bIgSkhS\" class=\"brz-section brz-css-d-section brz-css-11wwx72\">\n<div class=\"brz-section__content brz-section--boxed brz-css-d-sectionitem-bg brz-css-1gwwvo6\" data-brz-custom-id=\"oUZMTuKZZuiG\">\n<div class=\"brz-container brz-css-d-sectionitem-container brz-css-75fu6r\">\n<div id=\"\" data-brz-iteration-count=\"1\" class=\"brz-css-d-wrapper brz-css-1erilig brz-wrapper brz-animated brz-css-d-wrapper-animation-fadeinup-900-0-false brz-css-iv1xja\" data-animationid=\"sviOQtkDhOe9\">\n<div class=\"brz-rich-text brz-rich-text__custom brz-css-d-richtext brz-css-16x62sz\" data-brz-custom-id=\"sfxbpfzXVhI8\">\n<div data-brz-translate-text=\"1\">\n<h2 class=\"brz-text-xs-center brz-text-lg-center brz-tp-lg-heading2 brz-css-tymdl\" data-generated-css=\"brz-css-uys1_\" data-uniq-id=\"zyCCk\"><span class=\"brz-cp-color5\">Our Blog<\/span><\/h2>\n<\/div>\n<\/div>\n<\/div>\n<div id=\"\" data-brz-iteration-count=\"1\" class=\"brz-css-d-wrapper brz-css-lchw3u brz-wrapper brz-animated brz-css-d-wrapper-animation-fadeinup-900-0-false brz-css-1uv1c6o\" data-animationid=\"qRMuPS63ysCV\">\n<div class=\"brz-rich-text brz-rich-text__custom brz-css-d-richtext brz-css-8jp1sw\" data-brz-custom-id=\"uL71mUclhyot\">\n<div data-brz-translate-text=\"1\">\n<p class=\"brz-text-xs-center brz-text-lg-center brz-tp-sm-empty brz-fs-sm-14 brz-fss-sm-px brz-fw-sm-400 brz-ls-sm-0 brz-lh-sm-1_8 brz-vfw-sm-400 brz-fwdth-sm-100 brz-fsft-sm-0 brz-fss-xs-px brz-fw-xs-400 brz-ls-xs-0 brz-lh-xs-1_8 brz-vfw-xs-400 brz-fwdth-xs-100 brz-fsft-xs-0 brz-tp-xs-empty brz-fs-xs-15 brz-ff-overpass brz-ft-google brz-fs-lg-17 brz-fss-lg-px brz-fw-lg-400 brz-ls-lg-0 brz-lh-lg-1_8 brz-vfw-lg-400 brz-fwdth-lg-100 brz-fsft-lg-0 brz-tp-lg-nqBoWtX8Ue0D brz-css-xxUnK\" data-uniq-id=\"wTp4t\" data-generated-css=\"brz-css-x8nCV\"><span class=\"brz-cp-color7\">Your space to learn, share, and take action for a greener Bocas del Toro.<\/span><\/p>\n<\/div>\n<\/div>\n<\/div>\n<\/div>\n<\/div>\n<\/section>\n<section id=\"jU8cUUZDXr4X_jU8cUUZDXr4X\" class=\"brz-section brz-css-d-section brz-css-1rvo219\">\n<div class=\"brz-section__content brz-section--boxed brz-css-d-sectionitem-bg brz-css-13rp5ix\" data-brz-custom-id=\"adQIuOVrYD_9\">\n<div class=\"brz-bg\">\n<div class=\"brz-bg-color\"><\/div>\n<div class=\"brz-bg-shape brz-bg-shape__top\"><\/div>\n<div class=\"brz-bg-shape brz-bg-shape__bottom\"><\/div>\n<\/div>\n<div class=\"brz-container brz-css-d-sectionitem-container brz-css-1k9yu75\">\n<div class=\"brz-row__container brz-css-d-row-row brz-css-dh22pf\" data-brz-custom-id=\"vmWHsiWc5nyW\">\n<div class=\"brz-row brz-css-d-row-container brz-css-r-row-container brz-css-hsrsmx\">\n<div class=\"brz-columns brz-css-d-column-column brz-css-pquuqb\" data-brz-custom-id=\"t4y4JnY3xc9m\">\n<div class=\"brz-bg\">\n<div class=\"brz-bg-color\"><\/div>\n<\/div>\n<div class=\"brz-column__items brz-css-d-column-bg brz-css-1pccxlq\">\n<div id=\"\" class=\"brz-css-d-wrapper brz-css-1ljn1nc brz-wrapper\">\n<div class=\"brz-image brz-css-d-image-npdhzcpxpnr7-parent brz-css-1fdyybs\" data-brz-custom-id=\"npdhZcPxPnR7\"><img decoding=\"async\" class=\"brz-img\" src=\"https:\/\/brc.desarrollo.itsangee.com\/wp-content\/uploads\/brizy\/imgs\/blog-1-612x350x131x0x350x350x1748444892.webp\" loading=\"lazy\" title=\"\"><\/div>\n<\/div>\n<div id=\"\" class=\"brz-css-d-wrapper brz-css-40aa8n brz-wrapper\">\n<div class=\"brz-rich-text brz-rich-text__custom brz-css-d-richtext brz-css-ymxwl9\" data-brz-custom-id=\"ljb1Fz06hWhh\">\n<div data-brz-translate-text=\"1\">\n<h5 class=\"brz-tp-lg-heading5 brz-tp-xs-heading4 brz-text-xs-center brz-css-x2gVo\" data-generated-css=\"brz-css-r9tX8\" data-uniq-id=\"ptomc\"><span class=\"brz-cp-color5\">Recycling in Bocas del Toro: How to protect our tropical paradise<\/span><\/h5>\n<\/div>\n<\/div>\n<\/div>\n<div id=\"\" class=\"brz-css-d-wrapper brz-css-oifxa6 brz-wrapper\">\n<div class=\"brz-line brz-line-default brz-css-d-line brz-css-1kxyddq\" data-brz-custom-id=\"jyoSFutJBqFd\">\n<hr class=\"brz-hr\"><\/div>\n<\/div>\n<div id=\"\" class=\"brz-css-d-wrapper brz-css-1roaud5 brz-wrapper\">\n<div class=\"brz-rich-text brz-rich-text__custom brz-css-d-richtext brz-css-1x4heyu\" data-brz-custom-id=\"eX1FXLaR1NjQ\">\n<div data-brz-translate-text=\"1\">\n<p data-generated-css=\"brz-css-c0Sc2\" data-uniq-id=\"h_y_D\" class=\"brz-tp-lg-nqBoWtX8Ue0D brz-css-n29dH\"><span class=\"brz-cp-color1\">Discover how recycling in Bocas del Toro is helping preserve our tropical paradise, step by step.<\/span><\/p>\n<\/div>\n<\/div>\n<\/div>\n<div class=\"brz-wrapper-clone brz-flex-xs-wrap brz-css-d-cloneable brz-css-171vkvp\" data-brz-custom-id=\"jdpqLPD3f3dr\"><a class=\"brz-a brz-btn brz-css-d-button brz-css-1of2okw brz-css-d-button-bg brz-css-o5sees\" target=\"_self\" rel=\"noopener\" href=\"#\" data-brz-link-type=\"external\" data-brz-custom-id=\"flolLm6iPevQ\"><span data-brz-translate-text=\"1\" class=\"brz-span brz-text__editor\">Read more<\/span><\/a><\/div>\n<\/div>\n<\/div>\n<div class=\"brz-columns brz-css-d-column-column brz-css-kval2q\" data-brz-custom-id=\"eqNv2g47VyPG\">\n<div class=\"brz-bg\">\n<div class=\"brz-bg-color\"><\/div>\n<\/div>\n<div class=\"brz-column__items brz-css-d-column-bg brz-css-1djeazk\">\n<div id=\"\" class=\"brz-css-d-wrapper brz-css-14mjvg1 brz-wrapper\">\n<div class=\"brz-image brz-css-d-image-qih7qhb6oh6f-parent brz-css-1a0zvnc\" data-brz-custom-id=\"qIh7qHB6OH6F\"><img decoding=\"async\" class=\"brz-img\" src=\"https:\/\/brc.desarrollo.itsangee.com\/wp-content\/uploads\/brizy\/imgs\/blog-2-524x350x87x0x350x350x1748445410.webp\" loading=\"lazy\" title=\"\"><\/div>\n<\/div>\n<div id=\"\" class=\"brz-css-d-wrapper brz-css-1v0dbyi brz-wrapper\">\n<div class=\"brz-rich-text brz-rich-text__custom brz-css-d-richtext brz-css-1686ejh\" data-brz-custom-id=\"hzZfUnp9PuCt\">\n<div data-brz-translate-text=\"1\">\n<h5 class=\"brz-text-xs-center brz-tp-xs-heading4 brz-tp-lg-heading5 brz-css-b25z0\" data-generated-css=\"brz-css-zosJJ\" data-uniq-id=\"yqI5t\"><span class=\"brz-cp-color5\">From waste to resource: the impact of recycling in our community<\/span><\/h5>\n<\/div>\n<\/div>\n<\/div>\n<div id=\"\" class=\"brz-css-d-wrapper brz-css-1innu8o brz-wrapper\">\n<div class=\"brz-line brz-line-default brz-css-d-line brz-css-1dlp469\" data-brz-custom-id=\"cKqvAv8g4c6Y\">\n<hr class=\"brz-hr\"><\/div>\n<\/div>\n<div id=\"\" class=\"brz-css-d-wrapper brz-css-1t92676 brz-wrapper\">\n<div class=\"brz-rich-text brz-rich-text__custom brz-css-d-richtext brz-css-l5p13\" data-brz-custom-id=\"fSJiJmyu5S9R\">\n<div data-brz-translate-text=\"1\">\n<p data-generated-css=\"brz-css-pScl8\" data-uniq-id=\"hi8BN\" class=\"brz-tp-lg-nqBoWtX8Ue0D brz-css-sXzoa\"><span class=\"brz-cp-color1\">Discover how recycling is generating opportunities, awareness, and transformation in Bocas del Toro.<\/span><\/p>\n<\/div>\n<\/div>\n<\/div>\n<div class=\"brz-wrapper-clone brz-flex-xs-wrap brz-css-d-cloneable brz-css-vabw5m\" data-brz-custom-id=\"c4s6i8NV1479\"><a class=\"brz-a brz-btn brz-css-d-button brz-css-10q7en2 brz-css-d-button-bg brz-css-1q52rrw\" target=\"_self\" rel=\"noopener\" href=\"#\" data-brz-link-type=\"external\" data-brz-custom-id=\"pAEOZf9AmnSq\"><span data-brz-translate-text=\"1\" class=\"brz-span brz-text__editor\">Read more<\/span><\/a><\/div>\n<\/div>\n<\/div>\n<div class=\"brz-columns brz-css-d-column-column brz-css-5zhgz5\" data-brz-custom-id=\"uUDkOhfGgVRz\">\n<div class=\"brz-bg\">\n<div class=\"brz-bg-color\"><\/div>\n<\/div>\n<div class=\"brz-column__items brz-css-d-column-bg brz-css-9zhwsb\">\n<div id=\"\" class=\"brz-css-d-wrapper brz-css-8ql0ul brz-wrapper\">\n<div class=\"brz-image brz-css-d-image-oyvq9fpaegkl-parent brz-css-19c7kd3\" data-brz-custom-id=\"oYvq9fPaEGKL\"><img decoding=\"async\" class=\"brz-img\" src=\"https:\/\/brc.desarrollo.itsangee.com\/wp-content\/uploads\/brizy\/imgs\/blog-3-624x351x136x0x351x351x1748445754.webp\" loading=\"lazy\" title=\"\"><\/div>\n<\/div>\n<div id=\"\" class=\"brz-css-d-wrapper brz-css-1l3a9fs brz-wrapper\">\n<div class=\"brz-rich-text brz-rich-text__custom brz-css-d-richtext brz-css-12pi5be\" data-brz-custom-id=\"eNqzp9fErmlq\">\n<div data-brz-translate-text=\"1\">\n<h5 class=\"brz-tp-xs-heading4 brz-text-xs-center brz-tp-lg-heading5 brz-css-nmvqi\" data-generated-css=\"brz-css-kXyW6\" data-uniq-id=\"ruCDA\"><span class=\"brz-cp-color5\">Reduce, Reuse, Recycle: A practical guide to sustainable living<\/span><\/h5>\n<\/div>\n<\/div>\n<\/div>\n<div id=\"\" class=\"brz-css-d-wrapper brz-css-8lnro6 brz-wrapper\">\n<div class=\"brz-line brz-line-default brz-css-d-line brz-css-94n5b7\" data-brz-custom-id=\"lr1ZB1rHBU_u\">\n<hr class=\"brz-hr\"><\/div>\n<\/div>\n<div id=\"\" class=\"brz-css-d-wrapper brz-css-fhlh4e brz-wrapper\">\n<div class=\"brz-rich-text brz-rich-text__custom brz-css-d-richtext brz-css-l6y03x\" data-brz-custom-id=\"fGtIFeCVq5U4\">\n<div data-brz-translate-text=\"1\">\n<p data-generated-css=\"brz-css-sCb1N\" data-uniq-id=\"w2wKu\" class=\"brz-tp-lg-nqBoWtX8Ue0D brz-css-lbg2k\"><span class=\"brz-cp-color1\" style=\"opacity: 1\">Practical tips for sustainable living by applying the principles of reduce, reuse, and recycle.<\/span><\/p>\n<\/div>\n<\/div>\n<\/div>\n<div class=\"brz-wrapper-clone brz-flex-xs-wrap brz-css-d-cloneable brz-css-aucpqp\" data-brz-custom-id=\"adrJygznQi_g\"><a class=\"brz-a brz-btn brz-css-d-button brz-css-163zc53 brz-css-d-button-bg brz-css-19g2zpb\" target=\"_self\" rel=\"noopener\" href=\"#\" data-brz-link-type=\"external\" data-brz-custom-id=\"sjd7iyBFToPF\"><span data-brz-translate-text=\"1\" class=\"brz-span brz-text__editor\">Read more<\/span><\/a><\/div>\n<\/div>\n<\/div>\n<\/div>\n<\/div>\n<div id=\"\" class=\"brz-css-d-wrapper brz-css-r-wrapper brz-css-1th2uuw brz-wrapper\">\n<div class=\"brz-spacer brz-css-d-spacer brz-css-180ol13\"><\/div>\n<\/div>\n<div class=\"brz-row__container brz-css-d-row-row brz-css-hwsne4\" data-brz-custom-id=\"bVLvJtzAOkCJ\">\n<div class=\"brz-row brz-css-d-row-container brz-css-r-row-container brz-css-1eldzks\">\n<div class=\"brz-columns brz-css-d-column-column brz-css-yns8m2\" data-brz-custom-id=\"tdoTk_bnUSac\">\n<div class=\"brz-bg\">\n<div class=\"brz-bg-color\"><\/div>\n<\/div>\n<div class=\"brz-column__items brz-css-d-column-bg brz-css-apf48b\">\n<div id=\"\" class=\"brz-css-d-wrapper brz-css-1jqy17s brz-wrapper\">\n<div class=\"brz-image brz-css-d-image-lchnc5x21onz-parent brz-css-1kw3hqb\" data-brz-custom-id=\"lChnc5X21oNZ\"><img decoding=\"async\" class=\"brz-img\" src=\"https:\/\/brc.desarrollo.itsangee.com\/wp-content\/uploads\/brizy\/imgs\/blog-4-466x350x58x0x350x350x1748445908.webp\" loading=\"lazy\" title=\"\"><\/div>\n<\/div>\n<div id=\"\" class=\"brz-css-d-wrapper brz-css-fqky91 brz-wrapper\">\n<div class=\"brz-rich-text brz-rich-text__custom brz-css-d-richtext brz-css-6mm7cd\" data-brz-custom-id=\"pP5nevoParvb\">\n<div data-brz-translate-text=\"1\">\n<h5 class=\"brz-text-xs-center brz-tp-xs-heading4 brz-tp-lg-heading5 brz-css-ar_6W\" data-generated-css=\"brz-css-iSEf1\" data-uniq-id=\"bjyVi\"><span class=\"brz-cp-color5\">The journey of plastic: Where do our waste materials go?<\/span><\/h5>\n<\/div>\n<\/div>\n<\/div>\n<div id=\"\" class=\"brz-css-d-wrapper brz-css-164mwvx brz-wrapper\">\n<div class=\"brz-line brz-line-default brz-css-d-line brz-css-152cmx6\" data-brz-custom-id=\"iQZ2ZMJtCvy7\">\n<hr class=\"brz-hr\"><\/div>\n<\/div>\n<div id=\"\" class=\"brz-css-d-wrapper brz-css-1esx1gd brz-wrapper\">\n<div class=\"brz-rich-text brz-rich-text__custom brz-css-d-richtext brz-css-fet5rs\" data-brz-custom-id=\"ibnDMl8wLvVm\">\n<div data-brz-translate-text=\"1\">\n<p data-generated-css=\"brz-css-m8rMs\" data-uniq-id=\"gRPLR\" class=\"brz-ff-overpass brz-ft-google brz-fs-lg-16 brz-fss-lg-px brz-fw-lg-400 brz-ls-lg-0 brz-lh-lg-1_5 brz-vfw-lg-400 brz-fwdth-lg-100 brz-fsft-lg-0 brz-tp-lg-nqBoWtX8Ue0D brz-css-d22dq\"><span class=\"brz-cp-color1\">Discover the journey of plastic and how our waste impacts the environment, from disposal to its final destination.<\/span><\/p>\n<\/div>\n<\/div>\n<\/div>\n<div class=\"brz-wrapper-clone brz-flex-xs-wrap brz-css-d-cloneable brz-css-1q4iz3j\" data-brz-custom-id=\"jqrjAhedVxml\"><a class=\"brz-a brz-btn brz-css-d-button brz-css-x3z8y brz-css-d-button-bg brz-css-qmhrkt\" target=\"_self\" rel=\"noopener\" href=\"#\" data-brz-link-type=\"external\" data-brz-custom-id=\"hHEHm5nGk0cx\"><span data-brz-translate-text=\"1\" class=\"brz-span brz-text__editor\">Read more<\/span><\/a><\/div>\n<\/div>\n<\/div>\n<div class=\"brz-columns brz-css-d-column-column brz-css-g94jc9\" data-brz-custom-id=\"rzY9OStWtQza\">\n<div class=\"brz-bg\">\n<div class=\"brz-bg-color\"><\/div>\n<\/div>\n<div class=\"brz-column__items brz-css-d-column-bg brz-css-dm21d7\">\n<div id=\"\" class=\"brz-css-d-wrapper brz-css-klpfy2 brz-wrapper\">\n<div class=\"brz-image brz-css-d-image-hax855qxp_cl-parent brz-css-19rtik5\" data-brz-custom-id=\"hAx855QXp_cl\"><img decoding=\"async\" class=\"brz-img\" src=\"https:\/\/brc.desarrollo.itsangee.com\/wp-content\/uploads\/brizy\/imgs\/blog-5-622x350x136x0x350x350x1748446116.webp\" loading=\"lazy\" title=\"\"><\/div>\n<\/div>\n<div id=\"\" class=\"brz-css-d-wrapper brz-css-1yia3oy brz-wrapper\">\n<div class=\"brz-rich-text brz-rich-text__custom brz-css-d-richtext brz-css-5a5zef\" data-brz-custom-id=\"gRcNq5oWoAdH\">\n<div data-brz-translate-text=\"1\">\n<p class=\"brz-tp-xs-heading4 brz-text-xs-center brz-tp-lg-empty brz-ff-overpass brz-ft-google brz-fs-lg-20 brz-fss-lg-px brz-fw-lg-600 brz-ls-lg-0_5 brz-lh-lg-1_5 brz-vfw-lg-400 brz-fwdth-lg-100 brz-fsft-lg-0 brz-css-o586y\" data-uniq-id=\"rN_GJ\" data-generated-css=\"brz-css-k5NE3\"><span class=\"brz-cp-color5\">Green Innovation: Creative solutions with recycled materials.<\/span><\/p>\n<\/div>\n<\/div>\n<\/div>\n<div id=\"\" class=\"brz-css-d-wrapper brz-css-156mi7b brz-wrapper\">\n<div class=\"brz-line brz-line-default brz-css-d-line brz-css-102ng93\" data-brz-custom-id=\"bpb_48Vbk6qP\">\n<hr class=\"brz-hr\"><\/div>\n<\/div>\n<div id=\"\" class=\"brz-css-d-wrapper brz-css-604med brz-wrapper\">\n<div class=\"brz-rich-text brz-rich-text__custom brz-css-d-richtext brz-css-1o1tjpb\" data-brz-custom-id=\"fIXnFSoeK8Jp\">\n<div data-brz-translate-text=\"1\">\n<p data-generated-css=\"brz-css-dSPo9\" data-uniq-id=\"f2IpX\" class=\"brz-tp-lg-nqBoWtX8Ue0D brz-css-h0z51\"><span class=\"brz-cp-color1\" style=\"opacity: 1\">Explore how creativity and environmental commitment are transforming recycled materials into useful and sustainable solutions for the community.<\/span><\/p>\n<\/div>\n<\/div>\n<\/div>\n<div class=\"brz-wrapper-clone brz-flex-xs-wrap brz-css-d-cloneable brz-css-10bv5pw\" data-brz-custom-id=\"a7M9wJHytt9R\"><a class=\"brz-a brz-btn brz-css-d-button brz-css-ze4kzt brz-css-d-button-bg brz-css-14xj7o0\" target=\"_self\" rel=\"noopener\" href=\"#\" data-brz-link-type=\"external\" data-brz-custom-id=\"tj33pga8hCgL\"><span data-brz-translate-text=\"1\" class=\"brz-span brz-text__editor\">Read more<\/span><\/a><\/div>\n<\/div>\n<\/div>\n<div class=\"brz-columns brz-css-d-column-column brz-css-lur3ld\" data-brz-custom-id=\"tx53Bja9jfJQ\">\n<div class=\"brz-bg\">\n<div class=\"brz-bg-color\"><\/div>\n<\/div>\n<div class=\"brz-column__items brz-css-d-column-bg brz-css-1jnh5e6\">\n<div id=\"\" class=\"brz-css-d-wrapper brz-css-1zvmm3 brz-wrapper\">\n<div class=\"brz-image brz-css-d-image-z0cwxksmlt0y-parent brz-css-sk5h4t\" data-brz-custom-id=\"z0CWXksMLt0y\"><img decoding=\"async\" class=\"brz-img\" src=\"https:\/\/brc.desarrollo.itsangee.com\/wp-content\/uploads\/brizy\/imgs\/blog-6-631x351x140x0x351x351x1748446300.webp\" loading=\"lazy\" title=\"\"><\/div>\n<\/div>\n<div id=\"\" class=\"brz-css-d-wrapper brz-css-1nlut8f brz-wrapper\">\n<div class=\"brz-rich-text brz-rich-text__custom brz-css-d-richtext brz-css-1ksbnna\" data-brz-custom-id=\"lxdSXmNz6qWk\">\n<div data-brz-translate-text=\"1\">\n<h5 class=\"brz-text-xs-center brz-tp-xs-heading4 brz-tp-lg-heading5 brz-css-o7dhU\" data-generated-css=\"brz-css-eqTdG\" data-uniq-id=\"zdWwA\"><span class=\"brz-cp-color5\">A Cleaner Future: How You Can Be Part of the Change<\/span><\/h5>\n<\/div>\n<\/div>\n<\/div>\n<div id=\"\" class=\"brz-css-d-wrapper brz-css-mel39k brz-wrapper\">\n<div class=\"brz-line brz-line-default brz-css-d-line brz-css-c1b5qs\" data-brz-custom-id=\"dFyY6eUDrYlz\">\n<hr class=\"brz-hr\"><\/div>\n<\/div>\n<div id=\"\" class=\"brz-css-d-wrapper brz-css-e4v3qa brz-wrapper\">\n<div class=\"brz-rich-text brz-rich-text__custom brz-css-d-richtext brz-css-mka76x\" data-brz-custom-id=\"h_JbnRT86_Fg\">\n<div data-brz-translate-text=\"1\">\n<p data-generated-css=\"brz-css-ihMJu\" data-uniq-id=\"rJx4f\" class=\"brz-tp-lg-nqBoWtX8Ue0D brz-css-zfk7I\"><span class=\"brz-cp-color1\">Discover how your daily actions can contribute to a cleaner, more sustainable future, from recycling to responsible consumption.<\/span><\/p>\n<\/div>\n<\/div>\n<\/div>\n<div class=\"brz-wrapper-clone brz-flex-xs-wrap brz-css-d-cloneable brz-css-117uh60\" data-brz-custom-id=\"c2L7ZF7scTXV\"><a class=\"brz-a brz-btn brz-css-d-button brz-css-19t7i8u brz-css-d-button-bg brz-css-yc5jf1\" target=\"_self\" rel=\"noopener\" href=\"#\" data-brz-link-type=\"external\" data-brz-custom-id=\"bIPpkKc83xqX\"><span data-brz-translate-text=\"1\" class=\"brz-span brz-text__editor\">Read more<\/span><\/a><\/div>\n<\/div>\n<\/div>\n<\/div>\n<\/div>\n<\/div>\n<\/div>\n<\/section><\/div>\n<p><!-- version:1770248128 --><\/p>","protected":false},"excerpt":{"rendered":"<p>Nuestro blog Historias, logros y aprendizajes del camino hacia un Panam\u00e1 m\u00e1s sostenible desde el coraz\u00f3n de Isla Col\u00f3n. Explora c\u00f3mo el reciclaje y la acci\u00f3n comunitaria est\u00e1n transformando realidades, una iniciativa a la vez. \u00danete a nuestro equipoApoya nuestra misi\u00f3n Nuestro Blog Tu espacio para aprender, compartir y actuar por un Bocas del Toro [&hellip;]<\/p>\n","protected":false},"author":1,"featured_media":0,"parent":0,"menu_order":0,"comment_status":"closed","ping_status":"closed","template":"brizy-blank-template.php","meta":{"footnotes":""},"class_list":["post-156","page","type-page","status-publish","hentry"],"blocksy_meta":[],"brizy_media":[{"id":161,"url":"https:\/\/brc.desarrollo.itsangee.com\/wp-content\/uploads\/2025\/05\/blog-1.webp","name":"blog-1.webp","meta":{"brizy_attachment_uid":"wp-8bd55eee1324d4bbc14b7bd5ce40b5da.webp","brizy_post_uid":["a78bfc1a4090d1f4df7d90e551802ff9","0a3cc0c56881c3e8c1312273fbdc08fc"]}},{"id":164,"url":"https:\/\/brc.desarrollo.itsangee.com\/wp-content\/uploads\/2025\/05\/blog-2.webp","name":"blog-2.webp","meta":{"brizy_attachment_uid":"wp-03f5dbcf4c7ee778759fcac5dd9ab228.webp","brizy_post_uid":["a78bfc1a4090d1f4df7d90e551802ff9"]}},{"id":165,"url":"https:\/\/brc.desarrollo.itsangee.com\/wp-content\/uploads\/2025\/05\/blog-3.webp","name":"blog-3.webp","meta":{"brizy_attachment_uid":"wp-2f031d30dea12980045b83c9389b6121.webp","brizy_post_uid":["a78bfc1a4090d1f4df7d90e551802ff9"]}},{"id":166,"url":"https:\/\/brc.desarrollo.itsangee.com\/wp-content\/uploads\/2025\/05\/blog-4.webp","name":"blog-4.webp","meta":{"brizy_attachment_uid":"wp-01a0e0d335564188eef5ad871dc3714e.webp","brizy_post_uid":["a78bfc1a4090d1f4df7d90e551802ff9"]}},{"id":167,"url":"https:\/\/brc.desarrollo.itsangee.com\/wp-content\/uploads\/2025\/05\/blog-5.webp","name":"blog-5.webp","meta":{"brizy_attachment_uid":"wp-f05e5c725461ed022473466838ea3b45.webp","brizy_post_uid":["a78bfc1a4090d1f4df7d90e551802ff9"]}},{"id":170,"url":"https:\/\/brc.desarrollo.itsangee.com\/wp-content\/uploads\/2025\/05\/blog-6.webp","name":"blog-6.webp","meta":{"brizy_attachment_uid":"wp-2d777d15594e843e14b514cfed7e67c4.webp","brizy_post_uid":["a78bfc1a4090d1f4df7d90e551802ff9","338d9ad25491a29a5b15dbdc9ddfefe6"]}},{"id":230,"url":"https:\/\/brc.desarrollo.itsangee.com\/wp-content\/uploads\/2025\/05\/blog.webp","name":"blog.webp","meta":{"brizy_attachment_uid":"wp-17a1de69bc6c5e2c0490f97ad02a102f.webp","brizy_post_uid":["a78bfc1a4090d1f4df7d90e551802ff9","0e5dde1cac43aa3311d5a9e959f35cb0"]}},{"id":629,"url":"https:\/\/brc.desarrollo.itsangee.com\/wp-content\/uploads\/2026\/02\/home-2-1.webp","name":"home-2-1.webp","meta":{"brizy_attachment_uid":"wp-679492bf651c0559bd97ad9c4ce9a38b.webp","brizy_post_uid":["338d9ad25491a29a5b15dbdc9ddfefe6","a78bfc1a4090d1f4df7d90e551802ff9"]}},{"id":651,"url":"https:\/\/brc.desarrollo.itsangee.com\/wp-content\/uploads\/2026\/02\/home-6.webp","name":"home-6.webp","meta":{"brizy_attachment_uid":"wp-74049330636283e689e9a712a2fd0529.webp","brizy_post_uid":["338d9ad25491a29a5b15dbdc9ddfefe6","a78bfc1a4090d1f4df7d90e551802ff9"]}}],"_links":{"self":[{"href":"https:\/\/brc.desarrollo.itsangee.com\/en\/wp-json\/wp\/v2\/pages\/156","targetHints":{"allow":["GET"]}}],"collection":[{"href":"https:\/\/brc.desarrollo.itsangee.com\/en\/wp-json\/wp\/v2\/pages"}],"about":[{"href":"https:\/\/brc.desarrollo.itsangee.com\/en\/wp-json\/wp\/v2\/types\/page"}],"author":[{"embeddable":true,"href":"https:\/\/brc.desarrollo.itsangee.com\/en\/wp-json\/wp\/v2\/users\/1"}],"replies":[{"embeddable":true,"href":"https:\/\/brc.desarrollo.itsangee.com\/en\/wp-json\/wp\/v2\/comments?post=156"}],"version-history":[{"count":14,"href":"https:\/\/brc.desarrollo.itsangee.com\/en\/wp-json\/wp\/v2\/pages\/156\/revisions"}],"predecessor-version":[{"id":687,"href":"https:\/\/brc.desarrollo.itsangee.com\/en\/wp-json\/wp\/v2\/pages\/156\/revisions\/687"}],"wp:attachment":[{"href":"https:\/\/brc.desarrollo.itsangee.com\/en\/wp-json\/wp\/v2\/media?parent=156"}],"curies":[{"name":"wp","href":"https:\/\/api.w.org\/{rel}","templated":true}]}}