{"id":173,"date":"2025-05-28T17:35:27","date_gmt":"2025-05-28T15:35:27","guid":{"rendered":"https:\/\/brc.desarrollo.itsangee.com\/?page_id=173"},"modified":"2026-04-27T18:18:08","modified_gmt":"2026-04-27T16:18:08","slug":"faq","status":"publish","type":"page","link":"https:\/\/brc.desarrollo.itsangee.com\/en\/faq\/","title":{"rendered":"FAQ"},"content":{"rendered":"<div class=\"brz brz-root__container brz-reset-all brz-root__container-page\">\n<section id=\"efdk0YDAb8YF_efdk0YDAb8YF\" class=\"brz-section brz-css-d-section brz-css-sbz7gs\">\n<div class=\"brz-section__content brz-section--boxed brz-css-d-sectionitem-bg brz-css-fw4dhh\" data-brz-custom-id=\"wcJch6sWizvi\">\n<div class=\"brz-bg\">\n<div class=\"brz-bg-image\"><\/div>\n<div class=\"brz-bg-color\"><\/div>\n<div class=\"brz-bg-shape brz-bg-shape__bottom\"><\/div>\n<\/div>\n<div class=\"brz-container brz-css-d-sectionitem-container brz-css-wenru8\">\n<div id=\"\" class=\"brz-css-d-wrapper brz-css-r-wrapper brz-css-1ubv0ht brz-wrapper\">\n<div class=\"brz-spacer brz-css-d-spacer brz-css-xqsaay\"><\/div>\n<\/div>\n<\/div>\n<\/div>\n<\/section>\n<section id=\"k0LotoUpgjCL_k0LotoUpgjCL\" class=\"brz-section brz-css-d-section brz-css-13dq5h4\">\n<div class=\"brz-section__content brz-section--boxed brz-css-d-sectionitem-bg brz-css-58nhr\" data-brz-custom-id=\"xuhO6unzy2G3\">\n<div class=\"brz-bg\">\n<div class=\"brz-bg-color\"><\/div>\n<\/div>\n<div class=\"brz-container brz-css-d-sectionitem-container brz-css-fz2pel\">\n<div class=\"brz-row__container brz-css-d-row-row brz-css-lf1nur\" data-brz-custom-id=\"c9XjEfXFfJas\">\n<div class=\"brz-row brz-css-d-row-container brz-css-1rqd3tm\">\n<div class=\"brz-columns brz-css-d-column-column brz-css-f1spcf\" data-brz-custom-id=\"kIid53quOi86\">\n<div class=\"brz-column__items brz-css-d-column-bg brz-css-1rsgh0s\">\n<div id=\"\" data-brz-iteration-count=\"1\" class=\"brz-css-d-wrapper brz-css-1fpzju2 brz-wrapper brz-animated brz-css-d-wrapper-animation-fadeinup-900-0-false brz-css-lgrfc4\" data-animationid=\"feAY4WLavwpo\">\n<div class=\"brz-rich-text brz-rich-text__custom brz-css-d-richtext brz-css-3qp7vw\" data-brz-custom-id=\"eKh8oQHT7k5o\">\n<div data-brz-translate-text=\"1\">\n<h1 class=\"ql-align-center brz-tp-lg-heading1 brz-css-mI4Uk\" data-generated-css=\"brz-css-npfsL\" data-uniq-id=\"mfyfV\"><span class=\"brz-cp-color8\" style=\"background-color: transparent\">Frequently Asked Questions<\/span><\/h1>\n<\/div>\n<\/div>\n<\/div>\n<div id=\"\" data-brz-iteration-count=\"1\" class=\"brz-css-d-wrapper brz-css-7omfq brz-wrapper brz-animated brz-css-d-wrapper-animation-fadeinup-900-0-false brz-css-1ulccnt\" data-animationid=\"atJGLEE96GY9\">\n<div class=\"brz-rich-text brz-rich-text__custom brz-css-d-richtext brz-css-131pimx\" data-brz-custom-id=\"llYyRviqlGVw\">\n<div data-brz-translate-text=\"1\">\n<p class=\"brz-tp-lg-nqBoWtX8Ue0D brz-css-gYNaM\" data-generated-css=\"brz-css-lmpdT\" data-uniq-id=\"h5bYA\"><span class=\"brz-cp-color8\" style=\"background-color: transparent\">Do you have questions about our programs, processes, or how to get involved? Here you\u2019ll find clear and quick answers to the most common questions so you can move forward with confidence.<\/span><\/p>\n<\/div>\n<\/div>\n<\/div>\n<div id=\"\" class=\"brz-css-d-wrapper brz-css-r-wrapper brz-css-1jrd4h6 brz-wrapper\">\n<div class=\"brz-spacer brz-css-d-spacer brz-css-zgj863\"><\/div>\n<\/div>\n<div class=\"brz-wrapper-clone brz-flex-xs-wrap brz-css-d-cloneable brz-css-1ngcsjw\" data-brz-custom-id=\"ijIH3RINW1vQ\"><a class=\"brz-a brz-btn brz-css-d-button brz-css-1v98qm1 brz-css-d-button-bg brz-css-glxcui\" target=\"_self\" rel=\"noopener\" data-brz-link-type=\"external\" data-brz-custom-id=\"mifG5gU6a5fl\"><span data-brz-translate-text=\"1\" class=\"brz-span brz-text__editor\">Join our team<\/span><\/a><a class=\"brz-a brz-btn brz-css-d-button brz-css-sxtide brz-css-d-button-bg brz-css-1khm6a8\" target=\"_self\" rel=\"noopener\" data-brz-link-type=\"external\" data-brz-custom-id=\"cgcgQVT2Wz8d\"><span data-brz-translate-text=\"1\" class=\"brz-span brz-text__editor\">Support our mission<\/span><\/a><\/div>\n<\/div>\n<\/div>\n<div class=\"brz-columns brz-css-d-column-column brz-css-11s8gc1\" data-brz-custom-id=\"bZ3XDWluEBCO\">\n<div class=\"brz-column__items brz-css-d-column-bg brz-css-1f798om\">\n<div id=\"\" class=\"brz-css-d-wrapper brz-css-1y3i7qp brz-wrapper\">\n<div class=\"brz-image brz-css-d-image-evhhnftlmet9-parent brz-css-1g4n4ep\" data-brz-custom-id=\"evHhNfTLmET9\"><img decoding=\"async\" class=\"brz-img\" src=\"http:\/\/brc.desarrollo.itsangee.com\/?brizy_media=wp-fbf88d38f647986539d147469ab91254.webp&amp;brizy_crop=iW%3D428%26iH%3D535%26oX%3D0%26oY%3D166%26cW%3D428%26cH%3D289\" loading=\"lazy\" title=\"\"><\/div>\n<\/div>\n<\/div>\n<\/div>\n<\/div>\n<\/div>\n<div id=\"\" class=\"brz-css-d-wrapper brz-css-r-wrapper brz-css-ghvkyh brz-wrapper\">\n<div class=\"brz-spacer brz-css-d-spacer brz-css-mkr4sm\"><\/div>\n<\/div>\n<div id=\"\" class=\"brz-css-d-wrapper brz-css-r-wrapper brz-css-1nlph1f brz-wrapper\">\n<div class=\"brz-spacer brz-css-d-spacer brz-css-p9ic4o\"><\/div>\n<\/div>\n<div id=\"\" data-brz-iteration-count=\"1\" class=\"brz-css-d-wrapper brz-css-1o7iw6 brz-wrapper brz-animated brz-css-d-wrapper-animation-fadeinup-900-0-false brz-css-6ljn35\" data-animationid=\"pB6MEFathU0v\">\n<div class=\"brz-line brz-line-default brz-css-d-line brz-css-1rxmewu\" data-brz-custom-id=\"kW_sZmH0DFdt\">\n<hr class=\"brz-hr\"><\/div>\n<\/div>\n<div id=\"\" class=\"brz-css-d-wrapper brz-css-r-wrapper brz-css-1t75ks9 brz-wrapper\">\n<div class=\"brz-spacer brz-css-d-spacer brz-css-l8l1kh\"><\/div>\n<\/div>\n<\/div>\n<\/div>\n<\/section>\n<section id=\"azu_i0Ok4m8B_azu_i0Ok4m8B\" class=\"brz-section brz-css-d-section brz-css-11xe9qk\">\n<div class=\"brz-section__content brz-section--boxed brz-css-d-sectionitem-bg brz-css-15shyvg\" data-brz-custom-id=\"fTgF6FXQ2C2c\">\n<div class=\"brz-bg\">\n<div class=\"brz-bg-color\"><\/div>\n<div class=\"brz-bg-shape brz-bg-shape__top\"><\/div>\n<div class=\"brz-bg-shape brz-bg-shape__bottom\"><\/div>\n<\/div>\n<div class=\"brz-container brz-css-d-sectionitem-container brz-css-9bfla3\">\n<div class=\"brz-row__container brz-css-d-row-row brz-css-79kv9v\" data-brz-custom-id=\"zkZNLYsr97Ii\">\n<div class=\"brz-row brz-css-d-row-container brz-css-1xqeuwc\">\n<div class=\"brz-columns brz-css-d-column-column brz-css-5oq78\" data-brz-custom-id=\"rLhLx6e3fBJr\">\n<div class=\"brz-bg\"><\/div>\n<div class=\"brz-column__items brz-css-d-column-bg brz-css-1qpse6v\">\n<div id=\"\" class=\"brz-css-d-wrapper brz-css-cpx7 brz-wrapper\">\n<div class=\"brz-accordion brz-css-d-accordion brz-css-1gib6h8\" data-brz-duration=\"300\" data-brz-custom-id=\"aVegcOx_cInL\">\n<div class=\"brz-accordion__item\">\n<div class=\"brz-accordion__nav\" data-brz-collapsible=\"off\">\n<h4 data-brz-translate-text=\"1\" class=\"brz-accordion__nav-title brz-h4 brz-text__editor\">What is Bocas Recycle Center?<br \/>\n<\/h4>\n<\/div>\n<div class=\"brz-accordion__content brz-d-xs-flex brz-flex-xs-column\">\n<div class=\"brz-accordion__item-content brz-d-xs-flex brz-flex-xs-column\">\n<div id=\"\" class=\"brz-css-d-wrapper brz-css-3besw1 brz-wrapper\">\n<div class=\"brz-rich-text brz-rich-text__custom brz-css-d-richtext brz-css-1q3s0og\" data-brz-custom-id=\"f9IcUMgU1wFJ\">\n<div data-brz-translate-text=\"1\">\n<p class=\"brz-tp-lg-paragraph brz-css-f7X8I\" data-uniq-id=\"h8XSU\" data-generated-css=\"brz-css-tnJ4C\"><span class=\"brz-cp-color7\" style=\"background-color: transparent\">Bocas Recycle Center (BRC) is an environmental and business initiative based in Bocas del Toro, Panama, dedicated to collecting, sorting, processing, and transforming recyclable materials.<\/span><\/p>\n<p class=\"brz-tp-lg-paragraph brz-css-kv890\" data-uniq-id=\"hkqrh\" data-generated-css=\"brz-css-kKAcw\"><\/p>\n<p class=\"brz-tp-lg-paragraph brz-css-x5L39\" data-uniq-id=\"iCylD\" data-generated-css=\"brz-css-fUokK\"><span class=\"brz-cp-color7\" style=\"background-color: transparent\">Our mission is to reduce environmental impact on the islands, promote a circular economy, and turn waste into valuable new products for the community.<\/span><\/p>\n<\/div>\n<\/div>\n<\/div>\n<\/div>\n<\/div>\n<\/div>\n<div class=\"brz-accordion__item\">\n<div class=\"brz-accordion__nav\" data-brz-collapsible=\"off\">\n<h4 data-brz-translate-text=\"1\" class=\"brz-accordion__nav-title brz-h4 brz-text__editor\">What materials do you accept?<br \/>\n<\/h4>\n<\/div>\n<div class=\"brz-accordion__content brz-d-xs-flex brz-flex-xs-column\">\n<div class=\"brz-accordion__item-content brz-d-xs-flex brz-flex-xs-column\">\n<div id=\"\" class=\"brz-css-d-wrapper brz-css-1vaj15b brz-wrapper\">\n<div class=\"brz-rich-text brz-rich-text__custom brz-css-d-richtext brz-css-179ym3r\" data-brz-custom-id=\"mkRN_oFmBdrH\">\n<div data-brz-translate-text=\"1\">\n<p class=\"brz-tp-lg-paragraph brz-css-ut6rB\" data-uniq-id=\"kGiW9\" data-generated-css=\"brz-css-dFurA\"><span class=\"brz-cp-color7\" style=\"background-color: transparent\">We primarily accept:<\/span><\/p>\n<p class=\"brz-tp-lg-paragraph brz-bcp-color7 brz-css-k0hFR\" data-uniq-id=\"kGiW9\" data-generated-css=\"brz-css-dFurA\"><span class=\"brz-cp-color7\" style=\"background-color: transparent\"> <\/span><\/p>\n<ul>\n<li class=\"brz-tp-lg-paragraph brz-bcp-color7 brz-css-wNiLq\" data-uniq-id=\"hYWQ3\" data-generated-css=\"brz-css-f0JBC\"><span class=\"brz-cp-color7\" style=\"background-color: transparent\">Glass (bottles and jars)<\/span><\/li>\n<li class=\"brz-tp-lg-paragraph brz-bcp-color7 brz-css-noKYz\" data-uniq-id=\"zM4oP\" data-generated-css=\"brz-css-yYr3n\"><span class=\"brz-cp-color7\" style=\"background-color: transparent\">Cardboard<\/span><\/li>\n<li class=\"brz-tp-lg-paragraph brz-bcp-color7 brz-css-hEvFm\" data-uniq-id=\"otZsc\" data-generated-css=\"brz-css-jZ1lP\"><span class=\"brz-cp-color7\" style=\"background-color: transparent\">Paper<\/span><\/li>\n<li class=\"brz-tp-lg-paragraph brz-bcp-color7 brz-css-hBzPZ\" data-uniq-id=\"cq2h7\" data-generated-css=\"brz-css-r6OZx\"><span class=\"brz-cp-color7\" style=\"background-color: transparent\">Plastics #1 and #2<\/span><\/li>\n<li class=\"brz-tp-lg-paragraph brz-bcp-color7 brz-css-hpqSj\" data-uniq-id=\"yOoU3\" data-generated-css=\"brz-css-bU_Vh\"><span class=\"brz-cp-color7\" style=\"background-color: transparent\">Aluminum Cans<\/span><\/li>\n<li class=\"brz-tp-lg-paragraph brz-bcp-color7 brz-css-aXbX8\" data-uniq-id=\"bTwi7\" data-generated-css=\"brz-css-hIJcI\"><span class=\"brz-cp-color7\" style=\"background-color: transparent\">Metals<\/span><\/li>\n<\/ul>\n<p class=\"brz-tp-lg-paragraph brz-css-qjigF\" data-uniq-id=\"hcJTR\" data-generated-css=\"brz-css-a6oDF\"><\/p>\n<p class=\"brz-tp-lg-paragraph brz-css-wo5Lc\" data-uniq-id=\"zPsep\" data-generated-css=\"brz-css-x3PgQ\"><span class=\"brz-cp-color7\" style=\"background-color: transparent\">We recommend materials be clean and properly separated to facilitate processing.<\/span><\/p>\n<\/div>\n<\/div>\n<\/div>\n<\/div>\n<\/div>\n<\/div>\n<div class=\"brz-accordion__item\">\n<div class=\"brz-accordion__nav\" data-brz-collapsible=\"off\">\n<h4 data-brz-translate-text=\"1\" class=\"brz-accordion__nav-title brz-h4 brz-text__editor\">Do you accept broken glass?<br \/>\n<\/h4>\n<\/div>\n<div class=\"brz-accordion__content brz-d-xs-flex brz-flex-xs-column\">\n<div class=\"brz-accordion__item-content brz-d-xs-flex brz-flex-xs-column\">\n<div id=\"\" class=\"brz-css-d-wrapper brz-css-d84gcz brz-wrapper\">\n<div class=\"brz-rich-text brz-rich-text__custom brz-css-d-richtext brz-css-mk8mfs\" data-brz-custom-id=\"rSO7u3IH2Ux7\">\n<div data-brz-translate-text=\"1\">\n<p class=\"brz-tp-lg-paragraph brz-css-uVsb1\" data-uniq-id=\"lLeRP\" data-generated-css=\"brz-css-qKvah\"><span class=\"brz-cp-color7\" style=\"background-color: transparent\">Yes. We accept broken glass as long as it is separated from other materials. Our facility processes it into fine sand, aggregates, and other materials used in sustainable construction.<\/span><\/p>\n<\/div>\n<\/div>\n<\/div>\n<\/div>\n<\/div>\n<\/div>\n<div class=\"brz-accordion__item\">\n<div class=\"brz-accordion__nav\" data-brz-collapsible=\"off\">\n<h4 data-brz-translate-text=\"1\" class=\"brz-accordion__nav-title brz-h4 brz-text__editor\">Do you buy recyclable materials?<br \/>\n<\/h4>\n<\/div>\n<div class=\"brz-accordion__content brz-d-xs-flex brz-flex-xs-column\">\n<div class=\"brz-accordion__item-content brz-d-xs-flex brz-flex-xs-column\">\n<div id=\"\" class=\"brz-css-d-wrapper brz-css-ym9p6m brz-wrapper\">\n<div class=\"brz-rich-text brz-rich-text__custom brz-css-d-richtext brz-css-ojudgp\" data-brz-custom-id=\"d3h_iYMqq8BN\">\n<div data-brz-translate-text=\"1\">\n<p class=\"brz-tp-lg-paragraph brz-css-fVwbC\" data-uniq-id=\"bxzZs\" data-generated-css=\"brz-css-xaFZt\"><span class=\"brz-cp-color7\" style=\"background-color: transparent\">Yes, we purchase certain recyclable materials depending on type, volume, and market conditions. Prices may vary. For updated information, please contact us directly.<\/span><\/p>\n<\/div>\n<\/div>\n<\/div>\n<\/div>\n<\/div>\n<\/div>\n<div class=\"brz-accordion__item\">\n<div class=\"brz-accordion__nav\" data-brz-collapsible=\"off\">\n<h4 data-brz-translate-text=\"1\" class=\"brz-accordion__nav-title brz-h4 brz-text__editor\">Do you offer a collection service?<br \/>\n<\/h4>\n<\/div>\n<div class=\"brz-accordion__content brz-d-xs-flex brz-flex-xs-column\">\n<div class=\"brz-accordion__item-content brz-d-xs-flex brz-flex-xs-column\">\n<div id=\"\" class=\"brz-css-d-wrapper brz-css-7bau0a brz-wrapper\">\n<div class=\"brz-rich-text brz-rich-text__custom brz-css-d-richtext brz-css-6f6hzu\" data-brz-custom-id=\"dwDQIUcUdG7d\">\n<div data-brz-translate-text=\"1\">\n<p class=\"brz-tp-lg-paragraph brz-css-lPrKu\" data-uniq-id=\"a_jt8\" data-generated-css=\"brz-css-cD7fa\"><span class=\"brz-cp-color7\" style=\"background-color: transparent\">Yes. We provide collection services for homes, businesses, hotels, and restaurants in Bocas del Toro. We offer weekly and biweekly plans tailored to each client\u2019s needs.<\/span><\/p>\n<\/div>\n<\/div>\n<\/div>\n<\/div>\n<\/div>\n<\/div>\n<div class=\"brz-accordion__item\">\n<div class=\"brz-accordion__nav\" data-brz-collapsible=\"off\">\n<h4 data-brz-translate-text=\"1\" class=\"brz-accordion__nav-title brz-h4 brz-text__editor\"> Do you make products with recycled glass?<br \/>\n<\/h4>\n<\/div>\n<div class=\"brz-accordion__content brz-d-xs-flex brz-flex-xs-column\">\n<div class=\"brz-accordion__item-content brz-d-xs-flex brz-flex-xs-column\">\n<div id=\"\" class=\"brz-css-d-wrapper brz-css-5gkdhm brz-wrapper\">\n<div class=\"brz-rich-text brz-rich-text__custom brz-css-d-richtext brz-css-tb5ooa\" data-brz-custom-id=\"uLYJfR7BAk3q\">\n<div data-brz-translate-text=\"1\">\n<p class=\"brz-tp-lg-paragraph brz-css-vXU8K\" data-uniq-id=\"u7JDi\" data-generated-css=\"brz-css-vAafk\"><span class=\"brz-cp-color7\" style=\"background-color: transparent\">Yes. We transform recycled glass into fine sand, construction aggregates, and light-traffic pavers. These products reflect our commitment to the circular economy.<\/span><\/p>\n<\/div>\n<\/div>\n<\/div>\n<\/div>\n<\/div>\n<\/div>\n<div class=\"brz-accordion__item\">\n<div class=\"brz-accordion__nav\" data-brz-collapsible=\"off\">\n<h4 data-brz-translate-text=\"1\" class=\"brz-accordion__nav-title brz-h4 brz-text__editor\">How can I volunteer or support the initiative?<br \/>\n<\/h4>\n<\/div>\n<div class=\"brz-accordion__content brz-d-xs-flex brz-flex-xs-column\">\n<div class=\"brz-accordion__item-content brz-d-xs-flex brz-flex-xs-column\">\n<div id=\"\" class=\"brz-css-d-wrapper brz-css-1lk975g brz-wrapper\">\n<div class=\"brz-rich-text brz-rich-text__custom brz-css-d-richtext brz-css-1auk5m6\" data-brz-custom-id=\"qUtiobkidRKX\">\n<div data-brz-translate-text=\"1\">\n<p class=\"brz-tp-lg-paragraph brz-css-tVDKz\" data-generated-css=\"brz-css-msuwA\" data-uniq-id=\"lY3Ai\"><span class=\"brz-cp-color7\" style=\"background-color: transparent\">You can support us as a volunteer, corporate sponsor, or by promoting proper waste separation. We also organize educational workshops and community programs.<\/span><\/p>\n<p class=\"brz-tp-lg-paragraph brz-css-sL9h2\" data-generated-css=\"brz-css-skwEf\" data-uniq-id=\"wXEPp\"><\/p>\n<p class=\"brz-tp-lg-paragraph brz-css-bsp9X\" data-generated-css=\"brz-css-u1ndL\" data-uniq-id=\"dt337\"><span class=\"brz-cp-color7\" style=\"background-color: transparent\">Contact us to learn about upcoming activities.<\/span><\/p>\n<\/div>\n<\/div>\n<\/div>\n<\/div>\n<\/div>\n<\/div>\n<div class=\"brz-accordion__item\">\n<div class=\"brz-accordion__nav\" data-brz-collapsible=\"off\">\n<h4 data-brz-translate-text=\"1\" class=\"brz-accordion__nav-title brz-h4 brz-text__editor\">Where are you located and what are your hours?<br \/>\n<\/h4>\n<\/div>\n<div class=\"brz-accordion__content brz-d-xs-flex brz-flex-xs-column\">\n<div class=\"brz-accordion__item-content brz-d-xs-flex brz-flex-xs-column\">\n<div id=\"\" class=\"brz-css-d-wrapper brz-css-x2opiq brz-wrapper\">\n<div class=\"brz-rich-text brz-rich-text__custom brz-css-d-richtext brz-css-1dgouy5\" data-brz-custom-id=\"eMCK0KFKi2eC\">\n<div data-brz-translate-text=\"1\">\n<p class=\"brz-tp-lg-paragraph brz-css-vOyvh\" data-generated-css=\"brz-css-mqUwL\" data-uniq-id=\"yxfph\"><span class=\"brz-cp-color7\" style=\"background-color: transparent\">We are located in Bocas del Toro, Panama.<\/span><\/p>\n<p class=\"brz-tp-lg-paragraph brz-css-gaWZU\" data-generated-css=\"brz-css-ipo9v\" data-uniq-id=\"ilWFb\"><\/p>\n<p data-generated-css=\"brz-css-qIsiY\" data-uniq-id=\"pEx4j\" class=\"brz-tp-lg-empty brz-ff-overpass brz-ft-google brz-fs-lg-16 brz-fss-lg-px brz-fw-lg-400 brz-ls-lg-0 brz-lh-lg-1_5 brz-vfw-lg-400 brz-fwdth-lg-100 brz-fsft-lg-0 brz-css-ytiBT\"><strong class=\"brz-cp-color7 brz-bold-true\" style=\"background-color: transparent\">Business hours:<\/strong><\/p>\n<p class=\"brz-tp-lg-paragraph brz-css-o2axq\" data-generated-css=\"brz-css-iZCak\" data-uniq-id=\"qbZQ1\"><span class=\"brz-cp-color7\" style=\"background-color: transparent\">Monday to Saturday <\/span><\/p>\n<p class=\"brz-tp-lg-paragraph brz-css-fePL6\" data-generated-css=\"brz-css-nb7Lg\" data-uniq-id=\"xE1rZ\"><span class=\"brz-cp-color7\" style=\"background-color: transparent\">8:00 a.m. \u2013 12:00 p.m.<\/span><\/p>\n<p class=\"brz-tp-lg-paragraph brz-css-lNeBR\" data-generated-css=\"brz-css-npVzs\" data-uniq-id=\"ei1ms\"><span class=\"brz-cp-color7\" style=\"background-color: transparent\">1:00 p.m. \u2013 4:00 p.m.<\/span><\/p>\n<\/div>\n<\/div>\n<\/div>\n<div id=\"\" class=\"brz-css-d-wrapper brz-css-1r07lv9 brz-wrapper\">\n<div class=\"brz-map brz-map_styles brz-css-d-map\" data-brz-custom-id=\"gvaKcgIARjq3\">\n<div class=\"brz-ui-ed-map-content\"><\/div>\n<\/div>\n<\/div>\n<\/div>\n<\/div>\n<\/div>\n<div class=\"brz-accordion__item\">\n<div class=\"brz-accordion__nav\" data-brz-collapsible=\"off\">\n<h4 data-brz-translate-text=\"1\" class=\"brz-accordion__nav-title brz-h4 brz-text__editor\">Why is it important to recycle in the Bocas del Toro Archipelago?<br \/>\n<\/h4>\n<\/div>\n<div class=\"brz-accordion__content brz-d-xs-flex brz-flex-xs-column\">\n<div class=\"brz-accordion__item-content brz-d-xs-flex brz-flex-xs-column\">\n<div id=\"\" class=\"brz-css-d-wrapper brz-css-2qmyph brz-wrapper\">\n<div class=\"brz-rich-text brz-rich-text__custom brz-css-d-richtext brz-css-4hyufv\" data-brz-custom-id=\"oV7OvRRdrNkO\">\n<div data-brz-translate-text=\"1\">\n<p data-uniq-id=\"hsSne\" data-generated-css=\"brz-css-zCysE\" class=\"brz-css-e1nlx\"><span class=\"brz-cp-color7\" style=\"background-color: transparent\">The Archipelago of Bocas del Toro is a fragile island ecosystem surrounded by mangroves, coral reefs, and extraordinary marine biodiversity.<\/span><\/p>\n<p data-uniq-id=\"mdH_c\" data-generated-css=\"brz-css-d2YET\" class=\"brz-css-fGM1W\"><\/p>\n<p data-uniq-id=\"bUAFp\" data-generated-css=\"brz-css-mgt0q\" class=\"brz-css-tjGje\"><span class=\"brz-cp-color7\" style=\"background-color: transparent\">As islands, we face limited landfill space, high transportation costs to move waste to the mainland, and more immediate environmental impacts when waste is not properly managed. <\/span><\/p>\n<p data-uniq-id=\"bUAFp\" data-generated-css=\"brz-css-mgt0q\" class=\"brz-css-gxRW1\"><span class=\"brz-cp-color7\" style=\"background-color: transparent\"> <\/span><\/p>\n<p data-uniq-id=\"bUAFp\" data-generated-css=\"brz-css-mgt0q\" class=\"brz-css-lYfky\"><span class=\"brz-cp-color7\" style=\"background-color: transparent\">Recycling in Bocas del Toro is essential to:<\/span><\/p>\n<p data-uniq-id=\"anDHu\" data-generated-css=\"brz-css-dMuF6\" class=\"brz-css-yrFUt\"><\/p>\n<ul>\n<li data-uniq-id=\"ufVRs\" data-generated-css=\"brz-css-yCb4Y\" class=\"brz-bcp-color7 brz-css-hh23Q\"><span class=\"brz-cp-color7\" style=\"background-color: transparent\"> Reduce pollution in beaches and oceans<\/span><\/li>\n<li data-uniq-id=\"mydN1\" data-generated-css=\"brz-css-rznEz\" class=\"brz-bcp-color7 brz-css-xhJfe\"><span class=\"brz-cp-color7\" style=\"background-color: transparent\">Protect coral reefs and marine life<\/span><\/li>\n<li data-uniq-id=\"n2zjF\" data-generated-css=\"brz-css-g8l9r\" class=\"brz-bcp-color7 brz-css-vkOSr\"><span class=\"brz-cp-color7\" style=\"background-color: transparent\">Decrease the volume of waste sent to landfills<\/span><\/li>\n<li data-uniq-id=\"rgnPV\" data-generated-css=\"brz-css-m9mAU\" class=\"brz-bcp-color7 brz-css-yY4JS\"><span class=\"brz-cp-color7\" style=\"background-color: transparent\">Lower emissions associated with waste transportation<\/span><\/li>\n<li data-uniq-id=\"rfA6Y\" data-generated-css=\"brz-css-e5mqm\" class=\"brz-bcp-color7 brz-css-pBLnd\"><span class=\"brz-cp-color7\" style=\"background-color: transparent\">Promote a local circular economy<\/span><\/li>\n<\/ul>\n<p class=\"brz-bcp-color7 brz-css-eToGy\" data-uniq-id=\"bUwcp\" data-generated-css=\"brz-css-gosRg\"><span class=\"brz-cp-color7\" style=\"background-color: transparent\"> <\/span><\/p>\n<p class=\"brz-tp-lg-paragraph brz-css-ulpBW\" data-uniq-id=\"k30H2\" data-generated-css=\"brz-css-h43Bt\"><span class=\"brz-cp-color7\" style=\"background-color: transparent\">Every bottle, can, or piece of cardboard recycled means less pressure on our ecosystems and greater sustainability for future generations.<\/span><\/p>\n<\/div>\n<\/div>\n<\/div>\n<\/div>\n<\/div>\n<\/div>\n<\/div>\n<\/div>\n<\/div>\n<\/div>\n<div class=\"brz-columns brz-css-d-column-column brz-css-180i3c7\" data-brz-custom-id=\"tC8IFOhAUEHu\">\n<div class=\"brz-column__items brz-css-d-column-bg brz-css-rxgues\">\n<div id=\"\" class=\"brz-css-d-wrapper brz-css-aohngt brz-wrapper\">\n<div class=\"brz-image brz-css-d-image-ktmfp5fnffoh-parent brz-css-azpd8x\" data-brz-custom-id=\"ktmfP5fNFFOH\"><img decoding=\"async\" class=\"brz-img\" src=\"http:\/\/brc.desarrollo.itsangee.com\/?brizy_media=wp-8fa240fe4e2c21145490d41dd161e962.webp&amp;brizy_crop=iW%3D247%26iH%3D309%26oX%3D35%26oY%3D44%26cW%3D177%26cH%3D221\" loading=\"lazy\" title=\"\"><\/div>\n<\/div>\n<\/div>\n<\/div>\n<\/div>\n<\/div>\n<div id=\"\" class=\"brz-css-d-wrapper brz-css-r-wrapper brz-css-3hdgiv brz-wrapper\">\n<div class=\"brz-spacer brz-css-d-spacer brz-css-1ay4pex\"><\/div>\n<\/div>\n<div id=\"\" class=\"brz-css-d-wrapper brz-css-r-wrapper brz-css-13209rz brz-wrapper\">\n<div class=\"brz-spacer brz-css-d-spacer brz-css-1dcjcm3\"><\/div>\n<\/div>\n<div id=\"\" class=\"brz-css-d-wrapper brz-css-r-wrapper brz-css-3mahh4 brz-wrapper\">\n<div class=\"brz-spacer brz-css-d-spacer brz-css-8u5ji3\"><\/div>\n<\/div>\n<div id=\"\" class=\"brz-css-d-wrapper brz-css-r-wrapper brz-css-1yvdiq7 brz-wrapper\">\n<div class=\"brz-spacer brz-css-d-spacer brz-css-14r1gxy\"><\/div>\n<\/div>\n<div id=\"\" class=\"brz-css-d-wrapper brz-css-r-wrapper brz-css-vj0g22 brz-wrapper\">\n<div class=\"brz-spacer brz-css-d-spacer brz-css-1uf5jop\"><\/div>\n<\/div>\n<\/div>\n<\/div>\n<\/section><\/div>\n<p><!-- version:1770833022 --><\/p>","protected":false},"excerpt":{"rendered":"<p>Preguntas Frecuentes \u00bfTienes dudas sobre nuestros programas, procesos o c\u00f3mo participar? Aqu\u00ed encontrar\u00e1s respuestas claras y r\u00e1pidas a las preguntas m\u00e1s comunes para que puedas avanzar con confianza. \u00danete a nuestro equipoApoya nuestra misi\u00f3n \u00bfQu\u00e9 es Bocas Recycle Center? Bocas Recycle Center (BRC) es una iniciativa ambiental y empresarial ubicada en Bocas del Toro, Panam\u00e1, [&hellip;]<\/p>\n","protected":false},"author":1,"featured_media":0,"parent":0,"menu_order":0,"comment_status":"closed","ping_status":"closed","template":"brizy-blank-template.php","meta":{"footnotes":""},"class_list":["post-173","page","type-page","status-publish","hentry"],"blocksy_meta":[],"brizy_media":[{"id":143,"url":"https:\/\/brc.desarrollo.itsangee.com\/wp-content\/uploads\/2025\/05\/gallery-6.webp","name":"gallery-6.webp","meta":{"brizy_attachment_uid":"wp-ff2c882257995422a9fed81078c52ddb.webp","brizy_post_uid":["0e5dde1cac43aa3311d5a9e959f35cb0","60ed1afef46add52c5bf5eabd94e8c44"]}},{"id":183,"url":"https:\/\/brc.desarrollo.itsangee.com\/wp-content\/uploads\/2025\/05\/faq.webp","name":"faq.webp","meta":{"brizy_attachment_uid":"wp-ccc22160e99a1820a855208b14965dfe.webp","brizy_post_uid":["60ed1afef46add52c5bf5eabd94e8c44","0a3cc0c56881c3e8c1312273fbdc08fc"]}},{"id":674,"url":"https:\/\/brc.desarrollo.itsangee.com\/wp-content\/uploads\/2026\/02\/contact.webp","name":"contact.webp","meta":{"brizy_attachment_uid":"wp-090745d57bf531c42fb8de568c959242.webp","brizy_post_uid":["60ed1afef46add52c5bf5eabd94e8c44"]}},{"id":707,"url":"https:\/\/brc.desarrollo.itsangee.com\/wp-content\/uploads\/2026\/02\/Ricky-Recycle-2-for-web.webp","name":"Ricky-Recycle-2-for-web.webp","meta":{"brizy_attachment_uid":"wp-8fa240fe4e2c21145490d41dd161e962.webp","brizy_post_uid":["60ed1afef46add52c5bf5eabd94e8c44","0a3cc0c56881c3e8c1312273fbdc08fc","6572f1e75a75c64ebe72f14fb8ecc937","f2511840e41a6a450d7aa5dc22fcb04c","0e5dde1cac43aa3311d5a9e959f35cb0","338d9ad25491a29a5b15dbdc9ddfefe6"]}},{"id":747,"url":"https:\/\/brc.desarrollo.itsangee.com\/wp-content\/uploads\/2026\/02\/Ricky-Recycle-for-web.webp","name":"Ricky-Recycle-for-web.webp","meta":{"brizy_attachment_uid":"wp-fbf88d38f647986539d147469ab91254.webp","brizy_post_uid":["60ed1afef46add52c5bf5eabd94e8c44"]}}],"_links":{"self":[{"href":"https:\/\/brc.desarrollo.itsangee.com\/en\/wp-json\/wp\/v2\/pages\/173","targetHints":{"allow":["GET"]}}],"collection":[{"href":"https:\/\/brc.desarrollo.itsangee.com\/en\/wp-json\/wp\/v2\/pages"}],"about":[{"href":"https:\/\/brc.desarrollo.itsangee.com\/en\/wp-json\/wp\/v2\/types\/page"}],"author":[{"embeddable":true,"href":"https:\/\/brc.desarrollo.itsangee.com\/en\/wp-json\/wp\/v2\/users\/1"}],"replies":[{"embeddable":true,"href":"https:\/\/brc.desarrollo.itsangee.com\/en\/wp-json\/wp\/v2\/comments?post=173"}],"version-history":[{"count":30,"href":"https:\/\/brc.desarrollo.itsangee.com\/en\/wp-json\/wp\/v2\/pages\/173\/revisions"}],"predecessor-version":[{"id":751,"href":"https:\/\/brc.desarrollo.itsangee.com\/en\/wp-json\/wp\/v2\/pages\/173\/revisions\/751"}],"wp:attachment":[{"href":"https:\/\/brc.desarrollo.itsangee.com\/en\/wp-json\/wp\/v2\/media?parent=173"}],"curies":[{"name":"wp","href":"https:\/\/api.w.org\/{rel}","templated":true}]}}