{"id":224,"date":"2025-05-28T22:37:54","date_gmt":"2025-05-28T20:37:54","guid":{"rendered":"https:\/\/brc.desarrollo.itsangee.com\/?page_id=224"},"modified":"2026-04-27T18:18:12","modified_gmt":"2026-04-27T16:18:12","slug":"our-work","status":"publish","type":"page","link":"https:\/\/brc.desarrollo.itsangee.com\/en\/our-work\/","title":{"rendered":"Our Work"},"content":{"rendered":"<div class=\"brz brz-root__container brz-reset-all brz-root__container-page\">\n<section id=\"u3qO3CNm7nx2_u3qO3CNm7nx2\" class=\"brz-section brz-css-d-section brz-css-tzev2a\">\n<div class=\"brz-section__content brz-section--boxed brz-css-d-sectionitem-bg brz-css-1mfzsim\" data-brz-custom-id=\"zwIg5ZtHi39G\">\n<div class=\"brz-bg\">\n<div class=\"brz-bg-image\"><\/div>\n<div class=\"brz-bg-color\"><\/div>\n<div class=\"brz-bg-shape brz-bg-shape__bottom\"><\/div>\n<\/div>\n<div class=\"brz-container brz-css-d-sectionitem-container brz-css-bzu2c9\">\n<div id=\"\" class=\"brz-css-d-wrapper brz-css-r-wrapper brz-css-p6tz3t brz-wrapper\">\n<div class=\"brz-spacer brz-css-d-spacer brz-css-1mxb6dn\"><\/div>\n<\/div>\n<\/div>\n<\/div>\n<\/section>\n<section id=\"dhFrK2yUsmIR_dhFrK2yUsmIR\" class=\"brz-section brz-css-d-section brz-css-1y3p7oi\">\n<div class=\"brz-section__content brz-section--boxed brz-css-d-sectionitem-bg brz-css-os83wm\" data-brz-custom-id=\"tHs6mdbbXufI\">\n<div class=\"brz-bg\">\n<div class=\"brz-bg-color\"><\/div>\n<\/div>\n<div class=\"brz-container brz-css-d-sectionitem-container brz-css-rymvhl\">\n<div class=\"brz-row__container brz-css-d-row-row brz-css-aoxrlx\" data-brz-custom-id=\"kVCumM9dyMPx\">\n<div class=\"brz-row brz-css-d-row-container brz-css-1925gi6\">\n<div class=\"brz-columns brz-css-d-column-column brz-css-s149fe\" data-brz-custom-id=\"ilE7qRJxkboQ\">\n<div class=\"brz-column__items brz-css-d-column-bg brz-css-zcc672\">\n<div id=\"\" data-brz-iteration-count=\"1\" class=\"brz-css-d-wrapper brz-css-14khs58 brz-wrapper brz-animated brz-css-d-wrapper-animation-fadeinup-900-0-false brz-css-10hqmqs\" data-animationid=\"p6fyA5iytXvk\">\n<div class=\"brz-rich-text brz-rich-text__custom brz-css-d-richtext brz-css-180pjdp\" data-brz-custom-id=\"vAMP_Ey0cSyv\">\n<div data-brz-translate-text=\"1\">\n<h1 class=\"ql-align-center brz-tp-lg-heading1 brz-css-vIkV5\" data-generated-css=\"brz-css-unnoK\" data-uniq-id=\"d65lw\"><span class=\"brz-cp-color8\" style=\"background-color: transparent\">Our Work<\/span><\/h1>\n<\/div>\n<\/div>\n<\/div>\n<div id=\"\" data-brz-iteration-count=\"1\" class=\"brz-css-d-wrapper brz-css-a7eegt brz-wrapper brz-animated brz-css-d-wrapper-animation-fadeinup-900-0-false brz-css-46la91\" data-animationid=\"t_ogLMBfMfsE\">\n<div class=\"brz-rich-text brz-rich-text__custom brz-css-d-richtext brz-css-6qh6aj\" data-brz-custom-id=\"dR94w41OaiFN\">\n<div data-brz-translate-text=\"1\">\n<p class=\"brz-tp-lg-nqBoWtX8Ue0D brz-css-v0sql\" data-uniq-id=\"lHO0d\" data-generated-css=\"brz-css-rEPgX\"><span class=\"brz-cp-color8\" style=\"background-color: transparent\">The Bocas Recycling Center transforms waste such as glass, plastics, and oil into useful materials through innovation and volunteerism.<\/span><\/p>\n<\/div>\n<\/div>\n<\/div>\n<div id=\"\" class=\"brz-css-d-wrapper brz-css-r-wrapper brz-css-1bxzrsq brz-wrapper\">\n<div class=\"brz-spacer brz-css-d-spacer brz-css-agyk4p\"><\/div>\n<\/div>\n<div class=\"brz-wrapper-clone brz-flex-xs-wrap brz-css-d-cloneable brz-css-1yx39i1\" data-brz-custom-id=\"sc3g7pB5jtIC\"><a class=\"brz-a brz-btn brz-css-d-button brz-css-152c4dy brz-css-d-button-bg brz-css-3fezns\" target=\"_self\" rel=\"noopener\" data-brz-link-type=\"external\" data-brz-custom-id=\"hnnNIavts5NI\"><span data-brz-translate-text=\"1\" class=\"brz-span brz-text__editor\">Join our team<\/span><\/a><a class=\"brz-a brz-btn brz-css-d-button brz-css-1ooluw9 brz-css-d-button-bg brz-css-nfqrhq\" target=\"_self\" rel=\"noopener\" data-brz-link-type=\"external\" data-brz-custom-id=\"oaqPlg0Y6pd_\"><span data-brz-translate-text=\"1\" class=\"brz-span brz-text__editor\">Support our mission<\/span><\/a><\/div>\n<\/div>\n<\/div>\n<div class=\"brz-columns brz-css-d-column-column brz-css-1jfrvnx\" data-brz-custom-id=\"n3EsO8Awd8Fw\">\n<div class=\"brz-column__items brz-css-d-column-bg brz-css-2wxsuk\">\n<div id=\"\" class=\"brz-css-d-wrapper brz-css-l28xq9 brz-wrapper\">\n<div class=\"brz-image brz-css-d-image-ofzpn_1wolnn-parent brz-css-vk2tpi\" data-brz-custom-id=\"oFZpn_1wolNN\"><img decoding=\"async\" class=\"brz-img\" src=\"http:\/\/brc.desarrollo.itsangee.com\/wp-content\/uploads\/2026\/02\/home-1-1.webp\" loading=\"lazy\" title=\"\"><\/div>\n<\/div>\n<\/div>\n<\/div>\n<\/div>\n<\/div>\n<div id=\"\" class=\"brz-css-d-wrapper brz-css-r-wrapper brz-css-cz15ga brz-wrapper\">\n<div class=\"brz-spacer brz-css-d-spacer brz-css-1jes1s9\"><\/div>\n<\/div>\n<div id=\"\" class=\"brz-css-d-wrapper brz-css-r-wrapper brz-css-4zauwq brz-wrapper\">\n<div class=\"brz-spacer brz-css-d-spacer brz-css-hthqad\"><\/div>\n<\/div>\n<div id=\"\" data-brz-iteration-count=\"1\" class=\"brz-css-d-wrapper brz-css-17t5d6t brz-wrapper brz-animated brz-css-d-wrapper-animation-fadeinup-900-0-false brz-css-1oyoety\" data-animationid=\"o_JUtZW821q7\">\n<div class=\"brz-line brz-line-default brz-css-d-line brz-css-b03hmz\" data-brz-custom-id=\"xXTbdRmXqmAc\">\n<hr class=\"brz-hr\"><\/div>\n<\/div>\n<div id=\"\" class=\"brz-css-d-wrapper brz-css-r-wrapper brz-css-1ragyf brz-wrapper\">\n<div class=\"brz-spacer brz-css-d-spacer brz-css-12tuzy0\"><\/div>\n<\/div>\n<\/div>\n<\/div>\n<\/section>\n<section id=\"vcIqsBwJxgSy_vcIqsBwJxgSy\" class=\"brz-section brz-css-d-section brz-css-kxbo1o\">\n<div class=\"brz-section__content brz-section--boxed brz-css-d-sectionitem-bg brz-css-asa37g\" data-brz-custom-id=\"lnm2V1gvIDfY\">\n<div class=\"brz-bg\">\n<div class=\"brz-bg-color\"><\/div>\n<\/div>\n<div class=\"brz-container brz-css-d-sectionitem-container brz-css-126qf10\">\n<div class=\"brz-row__container brz-css-d-row-row brz-css-hm53jg\" data-brz-custom-id=\"uMqM5isDlXi0\">\n<div class=\"brz-row brz-css-d-row-container brz-css-1wwfxti\">\n<div class=\"brz-columns brz-css-d-column-column brz-css-133yq54\" data-brz-custom-id=\"aGUe7D8iuAr6\">\n<div class=\"brz-column__items brz-css-d-column-bg brz-css-1gf22a\">\n<div id=\"\" data-brz-iteration-count=\"1\" class=\"brz-css-d-wrapper brz-css-e7ikbl brz-wrapper brz-animated brz-css-d-wrapper-animation-fadeinup-900-0-false brz-css-ud1wxe\" data-animationid=\"t17eyFA0V3xQ\">\n<div class=\"brz-rich-text brz-rich-text__custom brz-css-d-richtext brz-css-17ci129\" data-brz-custom-id=\"gUsNuSwVvga0\">\n<div data-brz-translate-text=\"1\">\n<h2 class=\"ql-align-center brz-tp-lg-heading2 brz-css-iF9_K\" data-uniq-id=\"iHg5Q\" data-generated-css=\"brz-css-lVSXA\">How do we work?<\/h2>\n<\/div>\n<\/div>\n<\/div>\n<div id=\"\" data-brz-iteration-count=\"1\" class=\"brz-css-d-wrapper brz-css-m2teeb brz-wrapper brz-animated brz-css-d-wrapper-animation-fadeinup-900-0-false brz-css-1nc1hfj\" data-animationid=\"mZCkJ3LlMUJA\">\n<div class=\"brz-rich-text brz-rich-text__custom brz-css-d-richtext brz-css-cs76m5\" data-brz-custom-id=\"vBMSEjSXePLN\">\n<div data-brz-translate-text=\"1\">\n<p class=\"brz-text-lg-justify brz-tp-lg-paragraph brz-css-pF4GB\" data-generated-css=\"brz-css-xOiT7\" data-uniq-id=\"ciEon\"><span class=\"brz-cp-color7\" style=\"background-color: transparent\">We operate on the basis of volunteerism. The Bocas Recycling Center accepts a wide variety of materials, including glass bottles and containers, cardboard, and five types of plastic: PET bottles, high-density polyethylene, low-density polyethylene, polypropylene, and polystyrene.<\/span><\/p>\n<\/div>\n<\/div>\n<\/div>\n<\/div>\n<\/div>\n<div class=\"brz-columns brz-css-d-column-column brz-css-vab0qh\" data-brz-custom-id=\"eWTzcc5KV7V9\">\n<div class=\"brz-column__items brz-css-d-column-bg brz-css-1vaf2p8\">\n<div id=\"\" class=\"brz-css-d-wrapper brz-css-1a73di brz-wrapper\">\n<div class=\"brz-image brz-css-d-image-g2sqfdpbkz_1-parent brz-css-47cnuy\" data-brz-custom-id=\"g2sQfdpBKz_1\"><img decoding=\"async\" class=\"brz-img\" src=\"http:\/\/brc.desarrollo.itsangee.com\/?brizy_media=wp-8fa240fe4e2c21145490d41dd161e962.webp&amp;brizy_crop=iW%3D303%26iH%3D378%26oX%3D17%26oY%3D66%26cW%3D275%26cH%3D261\" loading=\"lazy\" title=\"\"><\/div>\n<\/div>\n<\/div>\n<\/div>\n<div class=\"brz-columns brz-css-d-column-column brz-css-14tvu5s\" data-brz-custom-id=\"i07ZbpC2PNgd\">\n<div class=\"brz-column__items brz-css-d-column-bg brz-css-148dhg\">\n<div id=\"\" data-brz-iteration-count=\"1\" class=\"brz-css-d-wrapper brz-css-m44syf brz-wrapper brz-animated brz-css-d-wrapper-animation-fadeinup-900-0-false brz-css-1azrhyt\" data-animationid=\"bof8dq8HDv2l\">\n<div class=\"brz-rich-text brz-rich-text__custom brz-css-d-richtext brz-css-d3wqao\" data-brz-custom-id=\"lbNkSCa6LPrB\">\n<div data-brz-translate-text=\"1\">\n<p class=\"brz-tp-lg-paragraph brz-text-lg-justify brz-css-d5D4a\" data-uniq-id=\"hnAhr\" data-generated-css=\"brz-css-aiXFm\"><span class=\"brz-cp-color7\" style=\"background-color: transparent\">In addition, we have incorporated cooking oil into our portfolio, with the vision of eventually collecting motor oil as well. From the waste we collect, either we or our partners create new materials. For example, at our center we manufacture tiles from glass, and Tetra transforms tetra-type containers into roofing sheets. This innovative material offers a corrosion-resistant alternative to conventional zinc sheets.<\/span><\/p>\n<\/div>\n<\/div>\n<\/div>\n<\/div>\n<\/div>\n<\/div>\n<\/div>\n<div id=\"\" class=\"brz-css-d-wrapper brz-css-r-wrapper brz-css-yzmlic brz-wrapper\">\n<div class=\"brz-spacer brz-css-d-spacer brz-css-1y0p89z\"><\/div>\n<\/div>\n<div id=\"\" class=\"brz-css-d-wrapper brz-css-r-wrapper brz-css-a6otiz brz-wrapper\">\n<div class=\"brz-spacer brz-css-d-spacer brz-css-kpj3vz\"><\/div>\n<\/div>\n<div id=\"\" class=\"brz-css-d-wrapper brz-css-r-wrapper brz-css-lar578 brz-wrapper\">\n<div class=\"brz-spacer brz-css-d-spacer brz-css-c9gxve\"><\/div>\n<\/div>\n<\/div>\n<\/div>\n<\/section>\n<section id=\"pPvIfn337jna_pPvIfn337jna\" class=\"brz-section brz-css-d-section brz-css-1svqi46\">\n<div class=\"brz-section__content brz-section--boxed brz-css-d-sectionitem-bg brz-css-ahg742\" data-brz-custom-id=\"mktUspjNES54\">\n<div class=\"brz-container brz-css-d-sectionitem-container brz-css-1di30dz\">\n<div class=\"brz-row__container brz-css-d-row-row brz-css-3ic50e\" data-brz-custom-id=\"gM1OZ0DRDYcZ\">\n<div class=\"brz-row brz-css-d-row-container brz-css-1f62kee\">\n<div class=\"brz-columns brz-css-d-column-column brz-css-4fpr03\" data-brz-custom-id=\"hA_58Pqfckxn\">\n<div class=\"brz-column__items brz-css-d-column-bg brz-css-1ijam15\">\n<div id=\"\" class=\"brz-css-d-wrapper brz-css-x59k57 brz-wrapper\">\n<div class=\"brz-rich-text brz-rich-text__custom brz-css-d-richtext brz-css-ec3smg\" data-brz-custom-id=\"enl55sKwNLno\">\n<div data-brz-translate-text=\"1\">\n<h2 data-uniq-id=\"qyg76\" data-generated-css=\"brz-css-iwDAe\" class=\"brz-tp-lg-heading2 brz-text-lg-center brz-css-lGbxt\"><span class=\"brz-cp-color5\">Programs we are working on<\/span><\/h2>\n<\/div>\n<\/div>\n<\/div>\n<div id=\"\" class=\"brz-css-d-wrapper brz-css-1c4zx4a brz-wrapper\">\n<div class=\"brz-rich-text brz-rich-text__custom brz-css-d-richtext brz-css-16wxngt\" data-brz-custom-id=\"tmSXZENqGX94\">\n<div data-brz-translate-text=\"1\">\n<p data-generated-css=\"brz-css-seA1c\" data-uniq-id=\"l2L_T\" class=\"brz-tp-lg-nqBoWtX8Ue0D brz-text-lg-center brz-css-kDio7\"><span class=\"brz-cp-color7\">We are currently working on several projects:<\/span><\/p>\n<\/div>\n<\/div>\n<\/div>\n<div id=\"\" class=\"brz-css-d-wrapper brz-css-8sfvcx brz-wrapper\">\n<div class=\"brz-carousel brz-css-d-carousel brz-css-11ybuoj\" data-brz-custom-id=\"tRvwetMk5BcD\">\n<div class=\"brz-carousel__slider\" data-slides-to-show=\"3\" data-slides-to-scroll=\"1\" data-arrows=\"true\" data-dots=\"true\" data-dots-class=\"brz-slick-slider__dots brz-slick-slider__dots--circle\" data-auto-play=\"false\" data-auto-play-speed=\"3000\" data-swipe=\"true\" data-fade=\"false\" data-transition-speed=\"3.5\" data-responsive=\"%5B%7B%22breakpoint%22%3A991%2C%22settings%22%3A%7B%22slidesToShow%22%3A2%2C%22slidesToScroll%22%3A1%7D%7D%2C%7B%22breakpoint%22%3A767%2C%22settings%22%3A%7B%22slidesToShow%22%3A1%2C%22slidesToScroll%22%3A1%7D%7D%5D\">\n<div class=\"brz-carousel__item\">\n<div class=\"brz-columns brz-css-d-column-column brz-css-r-column-column brz-css-1nvaezi\" data-brz-custom-id=\"cM8uPcIKw0Cu\">\n<div class=\"brz-bg\"><\/div>\n<div class=\"brz-column__items brz-css-d-column-bg brz-css-uqw4qd\">\n<div class=\"brz-wrapper-clone brz-flex-xs-wrap brz-css-d-cloneable brz-css-svliwl\" data-brz-custom-id=\"iYcy3OlulNh3\">\n<div class=\"brz-icon__container\" data-brz-custom-id=\"lMNf2J8v1Drc\"><span class=\"brz-icon brz-span brz-css-d-icon-icon brz-css-t1gtom\"><\/span><\/div>\n<\/div>\n<div id=\"\" class=\"brz-css-d-wrapper brz-css-1h229vd brz-wrapper\">\n<div class=\"brz-rich-text brz-rich-text__custom brz-css-d-richtext brz-css-s7t535\" data-brz-custom-id=\"gDQXZHYoNgFN\">\n<div data-brz-translate-text=\"1\">\n<h4 class=\"brz-text-lg-center brz-tp-lg-heading4 brz-css-xJrm_\" data-uniq-id=\"hOVPl\" data-generated-css=\"brz-css-hFHOj\"><span class=\"brz-cp-color6\">Subscriptions<\/span><\/h4>\n<\/div>\n<\/div>\n<\/div>\n<div id=\"\" class=\"brz-css-d-wrapper brz-css-1untoh4 brz-wrapper\">\n<div class=\"brz-rich-text brz-rich-text__custom brz-css-d-richtext brz-css-1wjfuut\" data-brz-custom-id=\"hw1KnM_noyIA\">\n<div data-brz-translate-text=\"1\">\n<p class=\"brz-tp-lg-paragraph brz-text-lg-center brz-css-gPhcB\" data-generated-css=\"brz-css-l9Fjp\" data-uniq-id=\"vo_cc\"><span class=\"brz-cp-color7\">In the case of subscriptions, recyclable waste is collected by a collection service.<\/span><\/p>\n<\/div>\n<\/div>\n<\/div>\n<\/div>\n<\/div>\n<\/div>\n<div class=\"brz-carousel__item\">\n<div class=\"brz-columns brz-css-d-column-column brz-css-r-column-column brz-css-uyc4jx\" data-brz-custom-id=\"hv9laQ_OXdnO\">\n<div class=\"brz-bg\"><\/div>\n<div class=\"brz-column__items brz-css-d-column-bg brz-css-1c13qw5\">\n<div class=\"brz-wrapper-clone brz-flex-xs-wrap brz-css-d-cloneable brz-css-18oqzc8\" data-brz-custom-id=\"lnutFw9TXEdK\">\n<div class=\"brz-icon__container\" data-brz-custom-id=\"k4Dvys0Bzay5\"><span class=\"brz-icon brz-span brz-css-d-icon-icon brz-css-13db9xw\"><\/span><\/div>\n<\/div>\n<div id=\"\" class=\"brz-css-d-wrapper brz-css-zkr7yd brz-wrapper\">\n<div class=\"brz-rich-text brz-rich-text__custom brz-css-d-richtext brz-css-1xjvnyx\" data-brz-custom-id=\"og04ralxhVnB\">\n<div data-brz-translate-text=\"1\">\n<h4 class=\"brz-tp-lg-heading4 brz-text-lg-center brz-css-ekHOc\" data-generated-css=\"brz-css-rYGaU\" data-uniq-id=\"fduSj\"><span class=\"brz-cp-color6\">Recycled glass<\/span><\/h4>\n<\/div>\n<\/div>\n<\/div>\n<div id=\"\" class=\"brz-css-d-wrapper brz-css-3oai81 brz-wrapper\">\n<div class=\"brz-rich-text brz-rich-text__custom brz-css-d-richtext brz-css-15aiv4v\" data-brz-custom-id=\"jSnrtBMIs9a9\">\n<div data-brz-translate-text=\"1\">\n<p class=\"brz-fsft-lg-0 brz-fwdth-lg-100 brz-vfw-lg-400 brz-lh-lg-1_5 brz-ls-lg-0 brz-fw-lg-400 brz-fss-lg-px brz-fs-lg-16 brz-ft-google brz-ff-overpass brz-tp-lg-empty brz-text-lg-center brz-css-hcYsV\" data-generated-css=\"brz-css-dkPjt\" data-uniq-id=\"reOrp\"><span class=\"brz-cp-color7\" style=\"background-color: transparent\">Beautiful products can be created from collected waste, such as bricks, glass, and roofing sheets.<\/span><\/p>\n<\/div>\n<\/div>\n<\/div>\n<\/div>\n<\/div>\n<\/div>\n<div class=\"brz-carousel__item\">\n<div class=\"brz-columns brz-css-d-column-column brz-css-r-column-column brz-css-6o4j3z\" data-brz-custom-id=\"ovOulA30XlZf\">\n<div class=\"brz-bg\"><\/div>\n<div class=\"brz-column__items brz-css-d-column-bg brz-css-z5a8d7\">\n<div class=\"brz-wrapper-clone brz-flex-xs-wrap brz-css-d-cloneable brz-css-8b2tpu\" data-brz-custom-id=\"uALm6MGiloSk\">\n<div class=\"brz-icon__container\" data-brz-custom-id=\"qTKGM7U4PyPR\"><span class=\"brz-icon brz-span brz-css-d-icon-icon brz-css-1v0cwj1\"><\/span><\/div>\n<\/div>\n<div id=\"\" class=\"brz-css-d-wrapper brz-css-1deuci6 brz-wrapper\">\n<div class=\"brz-rich-text brz-rich-text__custom brz-css-d-richtext brz-css-3wal8s\" data-brz-custom-id=\"oCrVCOm4H8Ck\">\n<div data-brz-translate-text=\"1\">\n<h4 class=\"brz-text-lg-center brz-tp-lg-heading4 brz-css-kCspC\" data-uniq-id=\"lXQSm\" data-generated-css=\"brz-css-mQNWa\"><span class=\"brz-cp-color6\">Volunteer program<\/span><\/h4>\n<\/div>\n<\/div>\n<\/div>\n<div id=\"\" class=\"brz-css-d-wrapper brz-css-3eilun brz-wrapper\">\n<div class=\"brz-rich-text brz-rich-text__custom brz-css-d-richtext brz-css-46gh81\" data-brz-custom-id=\"nd2iwI_7Gu4g\">\n<div data-brz-translate-text=\"1\">\n<p class=\"brz-tp-lg-empty brz-ff-overpass brz-ft-google brz-fs-lg-16 brz-fss-lg-px brz-fw-lg-400 brz-ls-lg-0 brz-lh-lg-1_5 brz-vfw-lg-400 brz-fwdth-lg-100 brz-fsft-lg-0 brz-text-lg-center brz-css-paCCD\" data-uniq-id=\"mwEm3\" data-generated-css=\"brz-css-t3x8P\"><span class=\"brz-cp-color7\" style=\"background-color: transparent\">To professionalize and improve our volunteer program.<\/span><\/p>\n<\/div>\n<\/div>\n<\/div>\n<\/div>\n<\/div>\n<\/div>\n<div class=\"brz-carousel__item\">\n<div class=\"brz-columns brz-css-d-column-column brz-css-r-column-column brz-css-1gubx9l\" data-brz-custom-id=\"d1GhyK9kf1rB\">\n<div class=\"brz-bg\"><\/div>\n<div class=\"brz-column__items brz-css-d-column-bg brz-css-1dkqk50\">\n<div class=\"brz-wrapper-clone brz-flex-xs-wrap brz-css-d-cloneable brz-css-1xkicho\" data-brz-custom-id=\"dcqmuJHuYRzU\">\n<div class=\"brz-icon__container\" data-brz-custom-id=\"wEQoNMwgAQe4\"><span class=\"brz-icon brz-span brz-css-d-icon-icon brz-css-1aeq6a2\"><\/span><\/div>\n<\/div>\n<div id=\"\" class=\"brz-css-d-wrapper brz-css-1u0g1nf brz-wrapper\">\n<div class=\"brz-rich-text brz-rich-text__custom brz-css-d-richtext brz-css-1kzw3fx\" data-brz-custom-id=\"ruGc3D7iSvXx\">\n<div data-brz-translate-text=\"1\">\n<h4 class=\"brz-tp-lg-heading4 brz-text-lg-center brz-css-cO5Y0\" data-generated-css=\"brz-css-sV8Oa\" data-uniq-id=\"lJgob\"><span class=\"brz-cp-color6\">Environmental education<\/span><\/h4>\n<\/div>\n<\/div>\n<\/div>\n<div id=\"\" class=\"brz-css-d-wrapper brz-css-1xgfb2k brz-wrapper\">\n<div class=\"brz-rich-text brz-rich-text__custom brz-css-d-richtext brz-css-1pvohub\" data-brz-custom-id=\"qQYSNVJawRr2\">\n<div data-brz-translate-text=\"1\">\n<p class=\"brz-text-lg-center brz-fsft-lg-0 brz-fwdth-lg-100 brz-vfw-lg-400 brz-lh-lg-1_5 brz-ls-lg-0 brz-fw-lg-400 brz-fss-lg-px brz-fs-lg-16 brz-ft-google brz-ff-overpass brz-tp-lg-empty brz-css-eOAzK\" data-generated-css=\"brz-css-n4qkV\" data-uniq-id=\"jOFGp\"><span class=\"brz-cp-color7\" style=\"background-color: transparent\">Through education in schools and local communities, we seek to raise awareness about recycling.<\/span><\/p>\n<\/div>\n<\/div>\n<\/div>\n<\/div>\n<\/div>\n<\/div>\n<div class=\"brz-carousel__item\">\n<div class=\"brz-columns brz-css-d-column-column brz-css-r-column-column brz-css-1uhrnq5\" data-brz-custom-id=\"jCJJhILId7t4\">\n<div class=\"brz-bg\"><\/div>\n<div class=\"brz-column__items brz-css-d-column-bg brz-css-yxm6yt\">\n<div class=\"brz-wrapper-clone brz-flex-xs-wrap brz-css-d-cloneable brz-css-1jgk7vu\" data-brz-custom-id=\"ua4cKTdvJ367\">\n<div class=\"brz-icon__container\" data-brz-custom-id=\"vvPUtTtM0oBa\"><span class=\"brz-icon brz-span brz-css-d-icon-icon brz-css-7wrw8l\"><\/span><\/div>\n<\/div>\n<div id=\"\" class=\"brz-css-d-wrapper brz-css-1g1j7ie brz-wrapper\">\n<div class=\"brz-rich-text brz-rich-text__custom brz-css-d-richtext brz-css-1cjih03\" data-brz-custom-id=\"iedLmR2TmC0L\">\n<div data-brz-translate-text=\"1\">\n<h4 class=\"brz-text-lg-center brz-tp-lg-heading4 brz-css-uQv6a\" data-uniq-id=\"daC98\" data-generated-css=\"brz-css-rMCgc\"><span class=\"brz-cp-color6\">Sticker program<\/span><\/h4>\n<\/div>\n<\/div>\n<\/div>\n<div id=\"\" class=\"brz-css-d-wrapper brz-css-1fv6nok brz-wrapper\">\n<div class=\"brz-rich-text brz-rich-text__custom brz-css-d-richtext brz-css-vy46pa\" data-brz-custom-id=\"c6Abw_6rxOkn\">\n<div data-brz-translate-text=\"1\">\n<p class=\"brz-tp-lg-empty brz-ff-overpass brz-ft-google brz-fs-lg-16 brz-fss-lg-px brz-fw-lg-400 brz-ls-lg-0 brz-lh-lg-1_5 brz-vfw-lg-400 brz-fwdth-lg-100 brz-fsft-lg-0 brz-text-lg-center brz-css-yLJ6H\" data-uniq-id=\"un7Lw\" data-generated-css=\"brz-css-dCixf\"><span class=\"brz-cp-color7\" style=\"background-color: transparent\">To ensure the traceability of returned products through the use of stickers.<\/span><\/p>\n<\/div>\n<\/div>\n<\/div>\n<\/div>\n<\/div>\n<\/div>\n<\/div>\n<\/div>\n<\/div>\n<\/div>\n<\/div>\n<\/div>\n<\/div>\n<\/div>\n<\/div>\n<\/section>\n<section id=\"cxSdDYeVIAqv_cxSdDYeVIAqv\" class=\"brz-section brz-css-d-section brz-css-osvrkl\">\n<div class=\"brz-section__content brz-section--boxed brz-css-d-sectionitem-bg brz-css-14d7dha\" data-brz-custom-id=\"lJLyhoOOzfc3\">\n<div class=\"brz-container brz-css-d-sectionitem-container brz-css-qwlx7k\">\n<div class=\"brz-row__container brz-css-d-row-row brz-css-1p68om1\" data-brz-custom-id=\"ikcw0WzSTUyp\">\n<div class=\"brz-row brz-css-d-row-container brz-css-1bvbtts\">\n<div class=\"brz-columns brz-css-d-column-column brz-css-1jgrz07\" data-brz-custom-id=\"aB52EfyBPM73\">\n<div class=\"brz-bg\">\n<div class=\"brz-bg-color\"><\/div>\n<\/div>\n<div class=\"brz-column__items brz-css-d-column-bg brz-css-1hlr6e4\">\n<div id=\"\" class=\"brz-css-d-wrapper brz-css-6id9oa brz-wrapper\">\n<div class=\"brz-rich-text brz-rich-text__custom brz-css-d-richtext brz-css-1oygz1o\" data-brz-custom-id=\"yQYYUNDSKwb7\">\n<div data-brz-translate-text=\"1\">\n<h2 class=\"brz-text-lg-center brz-tp-lg-heading2 brz-css-jFqgU\" data-generated-css=\"brz-css-oBaOr\" data-uniq-id=\"diN_e\"><span class=\"brz-cp-color8\">Would you like to help?<\/span><\/h2>\n<p class=\"brz-tp-lg-nqBoWtX8Ue0D brz-text-lg-center brz-css-aQXDC\" data-generated-css=\"brz-css-s1jWo\" data-uniq-id=\"qScSb\"><span class=\"brz-cp-color8\"> <\/span><\/p>\n<p class=\"brz-tp-lg-nqBoWtX8Ue0D brz-text-lg-center brz-css-uOvyl\" data-generated-css=\"brz-css-wZ4tJ\" data-uniq-id=\"azZdo\"><span class=\"brz-cp-color8\">Join the change: your action, no matter how small, drives a cleaner and more sustainable future for Isla Col\u00f3n. <\/span><\/p>\n<\/div>\n<\/div>\n<\/div>\n<div class=\"brz-wrapper-clone brz-flex-xs-wrap brz-css-d-cloneable brz-css-fqx216\" data-brz-custom-id=\"la3KR9x9dL3a\"><a class=\"brz-a brz-btn brz-css-d-button brz-css-x9t31m brz-css-d-button-bg brz-css-kvts1q\" target=\"_self\" rel=\"noopener\" data-brz-link-type=\"external\" data-brz-custom-id=\"kLReH39XOGhg\"><span data-brz-translate-text=\"1\" class=\"brz-span brz-text__editor\">Be a volunteer<\/span><\/a><a class=\"brz-a brz-btn brz-css-d-button brz-css-1qqhedk brz-css-d-button-bg brz-css-19ks3xd\" target=\"_self\" rel=\"noopener\" data-brz-link-type=\"external\" data-brz-custom-id=\"ySD9tztOB0BL\"><span data-brz-translate-text=\"1\" class=\"brz-span brz-text__editor\">Schedule a visit<\/span><\/a><\/div>\n<\/div>\n<\/div>\n<\/div>\n<\/div>\n<\/div>\n<\/div>\n<\/section><\/div>\n<p><!-- version:1770822181 --><\/p>","protected":false},"excerpt":{"rendered":"<p>Nuestro trabajo El Centro de Reciclaje de Bocas transforma residuos como vidrio, pl\u00e1sticos y aceite en materiales \u00fatiles mediante innovaci\u00f3n y voluntariado. \u00danete a nuestro equipoApoya nuestra misi\u00f3n \u00bfC\u00f3mo trabajamos? Operamos sobre la base del voluntariado. El Centro de Reciclaje de Bocas acepta una amplia variedad de materiales, incluyendo botellas y envases de vidrio, cart\u00f3n [&hellip;]<\/p>\n","protected":false},"author":1,"featured_media":0,"parent":0,"menu_order":0,"comment_status":"closed","ping_status":"closed","template":"brizy-blank-template.php","meta":{"footnotes":""},"class_list":["post-224","page","type-page","status-publish","hentry"],"blocksy_meta":[],"brizy_media":[{"id":228,"url":"https:\/\/brc.desarrollo.itsangee.com\/wp-content\/uploads\/2025\/05\/work.webp","name":"work.webp","meta":{"brizy_attachment_uid":"wp-20b3ba926c3dadd904b0c1a79d1f9ad5.webp","brizy_post_uid":["6572f1e75a75c64ebe72f14fb8ecc937"]}},{"id":234,"url":"https:\/\/brc.desarrollo.itsangee.com\/wp-content\/uploads\/2025\/05\/work-2.jpg","name":"work-2.jpg","meta":{"brizy_attachment_uid":"wp-74ecb5358433808004f96548728130c1.jpg","brizy_post_uid":["6572f1e75a75c64ebe72f14fb8ecc937"]}},{"id":235,"url":"https:\/\/brc.desarrollo.itsangee.com\/wp-content\/uploads\/2025\/05\/work-3.webp","name":"work-3.webp","meta":{"brizy_attachment_uid":"wp-3b56e73fe0dfc5fd9f89e111904f9f05.webp","brizy_post_uid":["6572f1e75a75c64ebe72f14fb8ecc937"]}},{"id":628,"url":"https:\/\/brc.desarrollo.itsangee.com\/wp-content\/uploads\/2026\/02\/home-1-1.webp","name":"home-1-1.webp","meta":{"brizy_attachment_uid":"wp-6d6d8c3b2307bb3ba329f6c288446d8b.webp","brizy_post_uid":["338d9ad25491a29a5b15dbdc9ddfefe6","6572f1e75a75c64ebe72f14fb8ecc937","0a3cc0c56881c3e8c1312273fbdc08fc"]}},{"id":707,"url":"https:\/\/brc.desarrollo.itsangee.com\/wp-content\/uploads\/2026\/02\/Ricky-Recycle-2-for-web.webp","name":"Ricky-Recycle-2-for-web.webp","meta":{"brizy_attachment_uid":"wp-8fa240fe4e2c21145490d41dd161e962.webp","brizy_post_uid":["60ed1afef46add52c5bf5eabd94e8c44","0a3cc0c56881c3e8c1312273fbdc08fc","6572f1e75a75c64ebe72f14fb8ecc937","f2511840e41a6a450d7aa5dc22fcb04c","0e5dde1cac43aa3311d5a9e959f35cb0","338d9ad25491a29a5b15dbdc9ddfefe6"]}}],"_links":{"self":[{"href":"https:\/\/brc.desarrollo.itsangee.com\/en\/wp-json\/wp\/v2\/pages\/224","targetHints":{"allow":["GET"]}}],"collection":[{"href":"https:\/\/brc.desarrollo.itsangee.com\/en\/wp-json\/wp\/v2\/pages"}],"about":[{"href":"https:\/\/brc.desarrollo.itsangee.com\/en\/wp-json\/wp\/v2\/types\/page"}],"author":[{"embeddable":true,"href":"https:\/\/brc.desarrollo.itsangee.com\/en\/wp-json\/wp\/v2\/users\/1"}],"replies":[{"embeddable":true,"href":"https:\/\/brc.desarrollo.itsangee.com\/en\/wp-json\/wp\/v2\/comments?post=224"}],"version-history":[{"count":15,"href":"https:\/\/brc.desarrollo.itsangee.com\/en\/wp-json\/wp\/v2\/pages\/224\/revisions"}],"predecessor-version":[{"id":735,"href":"https:\/\/brc.desarrollo.itsangee.com\/en\/wp-json\/wp\/v2\/pages\/224\/revisions\/735"}],"wp:attachment":[{"href":"https:\/\/brc.desarrollo.itsangee.com\/en\/wp-json\/wp\/v2\/media?parent=224"}],"curies":[{"name":"wp","href":"https:\/\/api.w.org\/{rel}","templated":true}]}}