{"id":262,"date":"2025-05-29T02:20:28","date_gmt":"2025-05-29T00:20:28","guid":{"rendered":"https:\/\/brc.desarrollo.itsangee.com\/?page_id=262"},"modified":"2026-04-27T18:18:14","modified_gmt":"2026-04-27T16:18:14","slug":"team","status":"publish","type":"page","link":"https:\/\/brc.desarrollo.itsangee.com\/en\/team\/","title":{"rendered":"Nuestro Equipo"},"content":{"rendered":"<div class=\"brz brz-root__container brz-reset-all brz-root__container-page\">\n<section id=\"fr4CqbjJrOGX_fr4CqbjJrOGX\" class=\"brz-section brz-css-d-section brz-css-ggz48\">\n<div class=\"brz-section__content brz-section--boxed brz-css-d-sectionitem-bg brz-css-q6dwk6\" data-brz-custom-id=\"xpYxJa68MiW_\">\n<div class=\"brz-bg\">\n<div class=\"brz-bg-image\"><\/div>\n<div class=\"brz-bg-color\"><\/div>\n<div class=\"brz-bg-shape brz-bg-shape__bottom\"><\/div>\n<\/div>\n<div class=\"brz-container brz-css-d-sectionitem-container brz-css-1qnj6n5\">\n<div id=\"\" class=\"brz-css-d-wrapper brz-css-r-wrapper brz-css-1kdlq20 brz-wrapper\">\n<div class=\"brz-spacer brz-css-d-spacer brz-css-1okdb2f\"><\/div>\n<\/div>\n<\/div>\n<\/div>\n<\/section>\n<section id=\"j1NDe6cLcrx3_j1NDe6cLcrx3\" class=\"brz-section brz-css-d-section brz-css-13io9ft\">\n<div class=\"brz-section__content brz-section--boxed brz-css-d-sectionitem-bg brz-css-1luhnsu\" data-brz-custom-id=\"pDr0HyTdEyS4\">\n<div class=\"brz-bg\">\n<div class=\"brz-bg-color\"><\/div>\n<\/div>\n<div class=\"brz-container brz-css-d-sectionitem-container brz-css-1kv1u4a\">\n<div class=\"brz-row__container brz-css-d-row-row brz-css-1lc8yy\" data-brz-custom-id=\"dc9MvJJ_qvbE\">\n<div class=\"brz-row brz-css-d-row-container brz-css-1bmitlo\">\n<div class=\"brz-columns brz-css-d-column-column brz-css-1m9bk9b\" data-brz-custom-id=\"ndhS9I1gbD99\">\n<div class=\"brz-column__items brz-css-d-column-bg brz-css-nd789f\">\n<div id=\"\" data-brz-iteration-count=\"1\" class=\"brz-css-d-wrapper brz-css-16r0akn brz-wrapper brz-animated brz-css-d-wrapper-animation-fadeinup-900-0-false brz-css-z3s2zv\" data-animationid=\"hEEm_xxCRUg6\">\n<div class=\"brz-rich-text brz-rich-text__custom brz-css-d-richtext brz-css-1u7s9qo\" data-brz-custom-id=\"mWOp4Ow29woi\">\n<div data-brz-translate-text=\"1\">\n<h1 class=\"ql-align-center brz-tp-lg-heading1 brz-css-t9WtX\" data-generated-css=\"brz-css-w75DA\" data-uniq-id=\"tWEtK\"><span class=\"brz-cp-color8\" style=\"background-color: transparent\">Our team<\/span><\/h1>\n<\/div>\n<\/div>\n<\/div>\n<div id=\"\" data-brz-iteration-count=\"1\" class=\"brz-css-d-wrapper brz-css-100gijl brz-wrapper brz-animated brz-css-d-wrapper-animation-fadeinup-900-0-false brz-css-u4r0jc\" data-animationid=\"auSE8EUu53dI\">\n<div class=\"brz-rich-text brz-rich-text__custom brz-css-d-richtext brz-css-130rlk\" data-brz-custom-id=\"vc3m1WxUyCyU\">\n<div data-brz-translate-text=\"1\">\n<p class=\"brz-tp-lg-nqBoWtX8Ue0D brz-css-xReVr\" data-generated-css=\"brz-css-jd6Q5\" data-uniq-id=\"dhQOJ\"><span class=\"brz-cp-color8\" style=\"background-color: transparent\">Meet the team that transforms waste into opportunities.<\/span><\/p>\n<p class=\"brz-tp-lg-nqBoWtX8Ue0D brz-css-wsYqj\" data-generated-css=\"brz-css-jd6Q5\" data-uniq-id=\"dhQOJ\"><span class=\"brz-cp-color8\" style=\"background-color: transparent\">Through daily effort, the Bocas team turns waste into sustainable solutions for a greener Panama. <\/span><\/p>\n<\/div>\n<\/div>\n<\/div>\n<div id=\"\" class=\"brz-css-d-wrapper brz-css-r-wrapper brz-css-1g0sup6 brz-wrapper\">\n<div class=\"brz-spacer brz-css-d-spacer brz-css-103t9fx\"><\/div>\n<\/div>\n<div class=\"brz-wrapper-clone brz-flex-xs-wrap brz-css-d-cloneable brz-css-g8io7x\" data-brz-custom-id=\"vTq4uz8Gpo4V\"><a class=\"brz-a brz-btn brz-css-d-button brz-css-7aqt35 brz-css-d-button-bg brz-css-1ohk5in\" target=\"_self\" rel=\"noopener\" data-brz-link-type=\"external\" data-brz-custom-id=\"f6e5XDB86u4S\"><span data-brz-translate-text=\"1\" class=\"brz-span brz-text__editor\">Join our team<\/span><\/a><a class=\"brz-a brz-btn brz-css-d-button brz-css-ok0fg4 brz-css-d-button-bg brz-css-1dfon71\" target=\"_self\" rel=\"noopener\" data-brz-link-type=\"external\" data-brz-custom-id=\"cVtVCbf564Gk\"><span data-brz-translate-text=\"1\" class=\"brz-span brz-text__editor\">Support our mission<\/span><\/a><\/div>\n<\/div>\n<\/div>\n<div class=\"brz-columns brz-css-d-column-column brz-css-1tuy1i6\" data-brz-custom-id=\"it5CVlVlpGY4\">\n<div class=\"brz-column__items brz-css-d-column-bg brz-css-1d5ht91\">\n<div id=\"\" class=\"brz-css-d-wrapper brz-css-7w0y6i brz-wrapper\">\n<div class=\"brz-image brz-css-d-image-xudoqx26yovk-parent brz-css-77qh0l\" data-brz-custom-id=\"xUDOqx26YOvK\"><img decoding=\"async\" class=\"brz-img\" src=\"http:\/\/brc.desarrollo.itsangee.com\/wp-content\/uploads\/brizy\/imgs\/equipo-629x419x75x80x428x285x1770235021.webp\" loading=\"lazy\" title=\"\"><\/div>\n<\/div>\n<\/div>\n<\/div>\n<\/div>\n<\/div>\n<div id=\"\" class=\"brz-css-d-wrapper brz-css-r-wrapper brz-css-1ww58c9 brz-wrapper\">\n<div class=\"brz-spacer brz-css-d-spacer brz-css-15blcb3\"><\/div>\n<\/div>\n<div id=\"\" class=\"brz-css-d-wrapper brz-css-r-wrapper brz-css-1l09poj brz-wrapper\">\n<div class=\"brz-spacer brz-css-d-spacer brz-css-1y5ydxd\"><\/div>\n<\/div>\n<div id=\"\" data-brz-iteration-count=\"1\" class=\"brz-css-d-wrapper brz-css-eolxnq brz-wrapper brz-animated brz-css-d-wrapper-animation-fadeinup-900-0-false brz-css-1t8lsm5\" data-animationid=\"fLPN8Etu7Dos\">\n<div class=\"brz-line brz-line-default brz-css-d-line brz-css-1h9c6a1\" data-brz-custom-id=\"vfZ0B_UtqU1c\">\n<hr class=\"brz-hr\"><\/div>\n<\/div>\n<div id=\"\" class=\"brz-css-d-wrapper brz-css-r-wrapper brz-css-ztoxej brz-wrapper\">\n<div class=\"brz-spacer brz-css-d-spacer brz-css-1iyffvj\"><\/div>\n<\/div>\n<\/div>\n<\/div>\n<\/section>\n<section id=\"nV4REb95hP1T_nV4REb95hP1T\" class=\"brz-section brz-css-d-section brz-css-1p8a0p4\">\n<div class=\"brz-section__content brz-section--boxed brz-css-d-sectionitem-bg brz-css-onvh8d\" data-brz-custom-id=\"cl3qCNVFdw5E\">\n<div class=\"brz-container brz-css-d-sectionitem-container brz-css-bc9c3y\">\n<div id=\"\" class=\"brz-css-d-wrapper brz-css-xqylsi brz-wrapper\">\n<div class=\"brz-rich-text brz-rich-text__custom brz-css-d-richtext brz-css-fi6pnh\" data-brz-custom-id=\"pfMDnG1YAdq7\">\n<div data-brz-translate-text=\"1\">\n<h2 class=\"brz-text-lg-center brz-tp-lg-heading2 brz-css-q4YFI\" data-generated-css=\"brz-css-o9cCG\" data-uniq-id=\"bKgyD\"><span class=\"brz-cp-color5\">The heart of our mission<\/span><\/h2>\n<\/div>\n<\/div>\n<\/div>\n<div id=\"\" class=\"brz-css-d-wrapper brz-css-106m95x brz-wrapper\">\n<div class=\"brz-rich-text brz-rich-text__custom brz-css-d-richtext brz-css-fk74kn\" data-brz-custom-id=\"crvNNMcUv_Nd\">\n<div data-brz-translate-text=\"1\">\n<p class=\"brz-text-lg-center brz-tp-lg-nqBoWtX8Ue0D brz-css-mdj7G\" data-uniq-id=\"n4PoA\" data-generated-css=\"brz-css-en8kl\"><span class=\"brz-cp-color7\">Our volunteers are the driving force behind everything we do. Their dedication, creativity, and unwavering commitment to caring for the environment inspire us every day.<\/span><\/p>\n<\/div>\n<\/div>\n<\/div>\n<div class=\"brz-row__container brz-css-d-row-row brz-css-o0tvwv\" data-brz-custom-id=\"gmwHybBhUawO\">\n<div class=\"brz-row brz-css-d-row-container brz-css-gygd19\">\n<div class=\"brz-columns brz-css-d-column-column brz-css-19xxtrc\" data-brz-custom-id=\"wAxiLBrBspZh\">\n<div class=\"brz-column__items brz-css-d-column-bg brz-css-1wkybx9\">\n<div id=\"\" class=\"brz-css-d-wrapper brz-css-1v8q8vc brz-wrapper\">\n<div class=\"brz-image brz-css-d-image-qiw56zz2ach4-parent brz-css-1ampshi\" data-brz-custom-id=\"qiw56zZ2aCH4\"><img decoding=\"async\" class=\"brz-img\" src=\"http:\/\/brc.desarrollo.itsangee.com\/?brizy_media=wp-f7a85efb5cabf9245b1f37ebe7cdb416.webp&amp;brizy_crop=iW%3D349%26iH%3D466%26oX%3D0%26oY%3D65%26cW%3D349%26cH%3D335\" loading=\"lazy\" title=\"\"><\/div>\n<\/div>\n<div class=\"brz-row__container brz-css-d-row-row brz-css-88j8kf\" data-brz-custom-id=\"wb78dJi295lR\">\n<div class=\"brz-row brz-row--inner brz-css-d-row-container brz-css-r-row-container brz-css-nvgerf\">\n<div class=\"brz-columns brz-css-d-column-column brz-css-dt2trz\" data-brz-custom-id=\"oefCcN0o2yHY\">\n<div class=\"brz-bg\">\n<div class=\"brz-bg-color\"><\/div>\n<\/div>\n<div class=\"brz-column__items brz-css-d-column-bg brz-css-1nqdvxu\">\n<div id=\"\" class=\"brz-css-d-wrapper brz-css-k8iz2 brz-wrapper\">\n<div class=\"brz-rich-text brz-rich-text__custom brz-css-d-richtext brz-css-1244n4d\" data-brz-custom-id=\"a1y15HM5OIxs\">\n<div data-brz-translate-text=\"1\">\n<h5 class=\"brz-tp-lg-heading5 brz-text-lg-center brz-css-hQDno\" data-generated-css=\"brz-css-xjq9N\" data-uniq-id=\"ugUge\"><span class=\"brz-cp-color8\">David Gillingham<\/span><\/h5>\n<\/div>\n<\/div>\n<\/div>\n<div id=\"\" class=\"brz-css-d-wrapper brz-css-9ytg8g brz-wrapper\">\n<div class=\"brz-rich-text brz-rich-text__custom brz-css-d-richtext brz-css-1i4wf8c\" data-brz-custom-id=\"ikCtabaXX1xn\">\n<div data-brz-translate-text=\"1\">\n<p class=\"brz-text-lg-center brz-tp-lg-empty brz-ff-overpass brz-ft-google brz-fs-lg-13 brz-fss-lg-px brz-fw-lg-700 brz-ls-lg-1_1 brz-lh-lg-1_5 brz-vfw-lg-400 brz-fwdth-lg-100 brz-fsft-lg-0 brz-css-zU3RY\" data-generated-css=\"brz-css-mDLSO\" data-uniq-id=\"bx1Oh\"><span class=\"brz-cp-color1 brz-capitalize-on brz-uppercase-true\">Director, Founder<\/span><\/p>\n<\/div>\n<\/div>\n<\/div>\n<div id=\"\" class=\"brz-css-d-wrapper brz-css-1yfijee brz-wrapper\">\n<div class=\"brz-rich-text brz-rich-text__custom brz-css-d-richtext brz-css-7vqv7s\" data-brz-custom-id=\"xOliiaUyB8Dk\">\n<div data-brz-translate-text=\"1\">\n<p class=\"brz-text-lg-center brz-tp-lg-paragraph brz-css-xl66C\" data-uniq-id=\"yXuqE\" data-generated-css=\"brz-css-uGWCs\"><span class=\"brz-cp-color8\">Every piece of plastic we divert from the landfill is a victory for future generations. Our volunteers work miracles every single day.<\/span><\/p>\n<\/div>\n<\/div>\n<\/div>\n<\/div>\n<\/div>\n<\/div>\n<\/div>\n<\/div>\n<\/div>\n<div class=\"brz-columns brz-css-d-column-column brz-css-su2mj6\" data-brz-custom-id=\"atoVXIoVsjm2\">\n<div class=\"brz-column__items brz-css-d-column-bg brz-css-qocgsf\">\n<div id=\"\" class=\"brz-css-d-wrapper brz-css-11gfobu brz-wrapper\">\n<div class=\"brz-image brz-css-d-image-stp4fonpqjub-parent brz-css-ine907\" data-brz-custom-id=\"sTP4FOnpqJub\"><img decoding=\"async\" class=\"brz-img\" src=\"http:\/\/brc.desarrollo.itsangee.com\/wp-content\/uploads\/brizy\/imgs\/eduardo-342x518x0x24x342x335x1770235126.webp\" loading=\"lazy\" title=\"\"><\/div>\n<\/div>\n<div class=\"brz-row__container brz-css-d-row-row brz-css-1bqqfsp\" data-brz-custom-id=\"zUUYycH5g2kY\">\n<div class=\"brz-row brz-row--inner brz-css-d-row-container brz-css-r-row-container brz-css-dr3xq3\">\n<div class=\"brz-columns brz-css-d-column-column brz-css-1mj1i94\" data-brz-custom-id=\"s0MZZqkIxe05\">\n<div class=\"brz-bg\">\n<div class=\"brz-bg-color\"><\/div>\n<\/div>\n<div class=\"brz-column__items brz-css-d-column-bg brz-css-1n7cv66\">\n<div id=\"\" class=\"brz-css-d-wrapper brz-css-1ukko7b brz-wrapper\">\n<div class=\"brz-rich-text brz-rich-text__custom brz-css-d-richtext brz-css-16oigqi\" data-brz-custom-id=\"hTABFvcC9AJ5\">\n<div data-brz-translate-text=\"1\">\n<h5 class=\"brz-tp-lg-heading5 brz-text-lg-center brz-css-rQWcr\" data-generated-css=\"brz-css-fgDST\" data-uniq-id=\"ukkKW\"><span class=\"brz-cp-color8\">Eduardo Nelson<\/span><\/h5>\n<\/div>\n<\/div>\n<\/div>\n<div id=\"\" class=\"brz-css-d-wrapper brz-css-yvzl9n brz-wrapper\">\n<div class=\"brz-rich-text brz-rich-text__custom brz-css-d-richtext brz-css-g58thq\" data-brz-custom-id=\"xteqraKVQ2sm\">\n<div data-brz-translate-text=\"1\">\n<p class=\"brz-fsft-lg-0 brz-fwdth-lg-100 brz-vfw-lg-400 brz-lh-lg-1_5 brz-ls-lg-1_1 brz-fw-lg-700 brz-fss-lg-px brz-fs-lg-13 brz-ft-google brz-ff-overpass brz-tp-lg-empty brz-text-lg-center brz-css-pij8a\" data-uniq-id=\"fXCAJ\" data-generated-css=\"brz-css-uOAh_\"><strong class=\"brz-uppercase-true brz-capitalize-on brz-cp-color1\">General Manager, UNIDOS POR BOCAS, S.A. (Bocas Recycle Center)<\/strong><\/p>\n<\/div>\n<\/div>\n<\/div>\n<div id=\"\" class=\"brz-css-d-wrapper brz-css-1dhgmtl brz-wrapper\">\n<div class=\"brz-rich-text brz-rich-text__custom brz-css-d-richtext brz-css-1spr2o0\" data-brz-custom-id=\"qVmk1CbC_Kjv\">\n<div data-brz-translate-text=\"1\">\n<p class=\"brz-text-lg-center brz-tp-lg-paragraph brz-css-bUHPc\" data-uniq-id=\"eTEBc\" data-generated-css=\"brz-css-dJnNB\"><span class=\"brz-cp-color8\">The efficiency we have achieved thanks to the teamwork of our volunteers is incredible. Each person contributes unique skills that make us stronger.<\/span><\/p>\n<\/div>\n<\/div>\n<\/div>\n<\/div>\n<\/div>\n<\/div>\n<\/div>\n<\/div>\n<\/div>\n<div class=\"brz-columns brz-css-d-column-column brz-css-o6n55v\" data-brz-custom-id=\"naMLsCjchJQy\">\n<div class=\"brz-column__items brz-css-d-column-bg brz-css-1qen50p\">\n<div id=\"\" class=\"brz-css-d-wrapper brz-css-1p4kjir brz-wrapper\">\n<div class=\"brz-image brz-css-d-image-atov0c2mplsb-parent brz-css-1q3aemb\" data-brz-custom-id=\"aTov0c2mpLSB\"><img decoding=\"async\" class=\"brz-img\" src=\"http:\/\/brc.desarrollo.itsangee.com\/?brizy_media=wp-8fa240fe4e2c21145490d41dd161e962.webp&amp;brizy_crop=iW%3D340%26iH%3D425%26oX%3D0%26oY%3D78%26cW%3D340%26cH%3D336\" loading=\"lazy\" title=\"\"><\/div>\n<\/div>\n<div class=\"brz-row__container brz-css-d-row-row brz-css-15u03xz\" data-brz-custom-id=\"dCpbNVJktEBz\">\n<div class=\"brz-row brz-row--inner brz-css-d-row-container brz-css-r-row-container brz-css-6rwxow\">\n<div class=\"brz-columns brz-css-d-column-column brz-css-14j8mv8\" data-brz-custom-id=\"fZYpUX6TNOHy\">\n<div class=\"brz-bg\">\n<div class=\"brz-bg-color\"><\/div>\n<\/div>\n<div class=\"brz-column__items brz-css-d-column-bg brz-css-196ojkj\">\n<div id=\"\" class=\"brz-css-d-wrapper brz-css-yn41kg brz-wrapper\">\n<div class=\"brz-rich-text brz-rich-text__custom brz-css-d-richtext brz-css-2lfali\" data-brz-custom-id=\"iMba39wDb4SB\">\n<div data-brz-translate-text=\"1\">\n<h5 class=\"brz-tp-lg-heading5 brz-text-lg-center brz-css-lb2kX\" data-generated-css=\"brz-css-pQPti\" data-uniq-id=\"hQqkt\"><span class=\"brz-cp-color8\">Ricky Recycle<\/span><\/h5>\n<\/div>\n<\/div>\n<\/div>\n<div id=\"\" class=\"brz-css-d-wrapper brz-css-vdrx0o brz-wrapper\">\n<div class=\"brz-rich-text brz-rich-text__custom brz-css-d-richtext brz-css-ii21dt\" data-brz-custom-id=\"cvBEXkG69NNI\">\n<div data-brz-translate-text=\"1\">\n<p class=\"brz-fsft-lg-0 brz-fwdth-lg-100 brz-vfw-lg-400 brz-lh-lg-1_5 brz-ls-lg-1_1 brz-fw-lg-700 brz-fss-lg-px brz-fs-lg-13 brz-ft-google brz-ff-overpass brz-tp-lg-empty brz-text-lg-center brz-css-k088n\" data-uniq-id=\"zBLxv\" data-generated-css=\"brz-css-fN52N\"><span class=\"brz-uppercase-true brz-capitalize-on brz-cp-color1\">Our Mascot<\/span><\/p>\n<\/div>\n<\/div>\n<\/div>\n<div id=\"\" class=\"brz-css-d-wrapper brz-css-eq67ky brz-wrapper\">\n<div class=\"brz-rich-text brz-rich-text__custom brz-css-d-richtext brz-css-1amf452\" data-brz-custom-id=\"zbm5B6yUOxLQ\">\n<div data-brz-translate-text=\"1\">\n<p class=\"brz-text-lg-center brz-tp-lg-paragraph brz-css-pQww9\" data-uniq-id=\"vis_q\" data-generated-css=\"brz-css-qCRaf\"><span class=\"brz-cp-color8\">Seeing children learn about recycling and witnessing their enthusiasm\u2026 this is how we build lasting environmental awareness.<\/span><\/p>\n<\/div>\n<\/div>\n<\/div>\n<\/div>\n<\/div>\n<\/div>\n<\/div>\n<\/div>\n<\/div>\n<\/div>\n<\/div>\n<\/div>\n<\/div>\n<\/section>\n<section id=\"bId7KjH1oCwf_bId7KjH1oCwf\" class=\"brz-section brz-css-d-section brz-css-1xt0xek\">\n<div class=\"brz-section__content brz-section--boxed brz-css-d-sectionitem-bg brz-css-1fqnocg\" data-brz-custom-id=\"mqp2kflRlu0D\">\n<div class=\"brz-bg\">\n<div class=\"brz-bg-color\"><\/div>\n<\/div>\n<div class=\"brz-container brz-css-d-sectionitem-container brz-css-88qhld\">\n<div id=\"\" data-brz-iteration-count=\"1\" class=\"brz-css-d-wrapper brz-css-1hx424b brz-wrapper brz-animated brz-css-d-wrapper-animation-fadeinup-900-0-false brz-css-u7o5j8\" data-animationid=\"aJ2VTUJK3lx9\">\n<div class=\"brz-rich-text brz-rich-text__custom brz-css-d-richtext brz-css-rvjo78\" data-brz-custom-id=\"p1cvAwGNO7Nt\">\n<div data-brz-translate-text=\"1\">\n<h2 data-uniq-id=\"tWIao\" data-generated-css=\"brz-css-rAnsG\" class=\"brz-tp-lg-heading2 brz-text-lg-center brz-css-ooMr8\"><span class=\"brz-cp-color5\">Our Volunteers<\/span><\/h2>\n<\/div>\n<\/div>\n<\/div>\n<div id=\"\" data-brz-iteration-count=\"1\" class=\"brz-css-d-wrapper brz-css-1jlek7h brz-wrapper brz-animated brz-css-d-wrapper-animation-fadeinup-900-0-false brz-css-wppk0t\" data-animationid=\"rx4G6AKIVwLP\">\n<div class=\"brz-rich-text brz-rich-text__custom brz-css-d-richtext brz-css-1qbm1mr\" data-brz-custom-id=\"p8vg6nB4ZT8d\">\n<div data-brz-translate-text=\"1\">\n<p data-uniq-id=\"gPF3a\" data-generated-css=\"brz-css-pj4Wr\" class=\"brz-tp-lg-nqBoWtX8Ue0D brz-text-lg-center brz-css-kd90v\"><span class=\"brz-cp-color7\">Our volunteers are the heart of the Bocas Recycling Center, dedicating their effort and commitment to building a cleaner and more sustainable Panama.<\/span><\/p>\n<\/div>\n<\/div>\n<\/div>\n<div class=\"brz-row__container brz-css-d-row-row brz-css-aipwt0\" data-brz-custom-id=\"gEh_1j58VgMI\">\n<div class=\"brz-row brz-css-d-row-container brz-css-su00g8\">\n<div class=\"brz-columns brz-css-d-column-column brz-css-1c99w9i\" data-brz-custom-id=\"wkt_EhYEvsat\">\n<div class=\"brz-column__items brz-css-d-column-bg brz-css-2dyi47\">\n<div id=\"\" class=\"brz-css-d-wrapper brz-css-5qyw63 brz-wrapper\">\n<div class=\"brz-image brz-css-d-image-w4mgyove0jo2-parent brz-css-16wnwgg\" data-brz-custom-id=\"w4mgyoVE0JO2\"><img decoding=\"async\" class=\"brz-img\" src=\"http:\/\/brc.desarrollo.itsangee.com\/?brizy_media=wp-8fa240fe4e2c21145490d41dd161e962.webp&amp;brizy_crop=iW%3D214%26iH%3D267%26oX%3D33%26oY%3D47%26cW%3D143%26cH%3D178\" loading=\"lazy\" title=\"\"><\/div>\n<\/div>\n<div id=\"\" class=\"brz-css-d-wrapper brz-css-r-wrapper brz-css-dbi77p brz-wrapper\">\n<div class=\"brz-spacer brz-css-d-spacer brz-css-1vk224r\"><\/div>\n<\/div>\n<\/div>\n<\/div>\n<div class=\"brz-columns brz-css-d-column-column brz-css-1im11dj\" data-brz-custom-id=\"nY8khQvmWjm3\">\n<div class=\"brz-column__items brz-css-d-column-bg brz-css-1hngql4\">\n<div class=\"brz-row__container brz-css-d-row-row brz-css-u4r3ts\" data-brz-custom-id=\"baqIK9eB7gcB\">\n<div class=\"brz-row brz-row--inner brz-css-d-row-container brz-css-r-row-container brz-css-x4rqc9\">\n<div class=\"brz-columns brz-css-d-column-column brz-css-8hr5rn\" data-brz-custom-id=\"uPIdYoRQu7i8\">\n<div class=\"brz-column__items brz-css-d-column-bg brz-css-1l73llb\">\n<div id=\"\" class=\"brz-css-d-wrapper brz-css-1iycxwu brz-wrapper\">\n<div class=\"brz-image brz-css-d-image-x124ihakrq40-parent brz-css-gkdugh\" data-brz-custom-id=\"x124iHAkRQ40\"><img decoding=\"async\" class=\"brz-img\" src=\"http:\/\/brc.desarrollo.itsangee.com\/wp-content\/uploads\/brizy\/imgs\/voluntarios-725x483x0x48x725x386x1770239812.webp\" loading=\"lazy\" title=\"\"><\/div>\n<\/div>\n<div id=\"\" class=\"brz-css-d-wrapper brz-css-r-wrapper brz-css-tzf6l7 brz-wrapper\">\n<div class=\"brz-spacer brz-css-d-spacer brz-css-14jpmi8\"><\/div>\n<\/div>\n<div id=\"\" class=\"brz-css-d-wrapper brz-css-1mnzcry brz-wrapper\">\n<div class=\"brz-line brz-line-default brz-css-d-line brz-css-19vmk2w\" data-brz-custom-id=\"xRoqiK2h3Ug2\">\n<hr class=\"brz-hr\"><\/div>\n<\/div>\n<\/div>\n<\/div>\n<\/div>\n<\/div>\n<\/div>\n<\/div>\n<div class=\"brz-columns brz-css-d-column-column brz-css-cha2er\" data-brz-custom-id=\"oHQLYUxMo4fH\">\n<div class=\"brz-column__items brz-css-d-column-bg brz-css-4dene5\"><\/div>\n<\/div>\n<\/div>\n<\/div>\n<\/div>\n<\/div>\n<\/section>\n<section id=\"gMG7NJt66U1q_gMG7NJt66U1q\" class=\"brz-section brz-css-d-section brz-css-hqcem1\">\n<div class=\"brz-section__content brz-section--boxed brz-css-d-sectionitem-bg brz-css-bpj4xb\" data-brz-custom-id=\"bMUwbJk7nWLZ\">\n<div class=\"brz-container brz-css-d-sectionitem-container brz-css-9lixaj\">\n<div class=\"brz-row__container brz-css-d-row-row brz-css-1nl5j2z\" data-brz-custom-id=\"fCe8Dj0aSYjM\">\n<div class=\"brz-row brz-css-d-row-container brz-css-5n9jw3\">\n<div class=\"brz-columns brz-css-d-column-column brz-css-147fxp3\" data-brz-custom-id=\"gyRxWOsIXGse\">\n<div class=\"brz-bg\">\n<div class=\"brz-bg-color\"><\/div>\n<\/div>\n<div class=\"brz-column__items brz-css-d-column-bg brz-css-u01rrc\">\n<div id=\"\" class=\"brz-css-d-wrapper brz-css-mb02zm brz-wrapper\">\n<div class=\"brz-rich-text brz-rich-text__custom brz-css-d-richtext brz-css-t0j9rr\" data-brz-custom-id=\"sC6QMl3FXR17\">\n<div data-brz-translate-text=\"1\">\n<h2 class=\"brz-tp-lg-heading2 brz-text-lg-center brz-css-oo7eT\" data-generated-css=\"brz-css-qb1lP\" data-uniq-id=\"pjNWN\"><span class=\"brz-cp-color8\">Join the change and be part of a team that makes a difference<\/span><\/h2>\n<h2 class=\"brz-tp-lg-heading2 brz-text-lg-center brz-css-sm4Bn\" data-generated-css=\"brz-css-qb1lP\" data-uniq-id=\"pjNWN\"><span class=\"brz-cp-color8\"> <\/span><\/h2>\n<p class=\"brz-tp-lg-nqBoWtX8Ue0D brz-text-lg-center brz-css-fQkVz\" data-generated-css=\"brz-css-ynP_I\" data-uniq-id=\"cuHVo\"><span class=\"brz-cp-color8\">Our volunteers transform waste into opportunities, building a cleaner and more sustainable Panama.<\/span><\/p>\n<\/div>\n<\/div>\n<\/div>\n<div class=\"brz-wrapper-clone brz-flex-xs-wrap brz-css-d-cloneable brz-css-1gylazv\" data-brz-custom-id=\"rqP792JZ92co\"><a class=\"brz-a brz-btn brz-css-d-button brz-css-1837gsl brz-css-d-button-bg brz-css-1627heg\" target=\"_self\" rel=\"noopener\" data-brz-link-type=\"external\" data-brz-custom-id=\"qtLYFPopBSsg\"><span data-brz-translate-text=\"1\" class=\"brz-span brz-text__editor\">Be a volunteer<\/span><\/a><a class=\"brz-a brz-btn brz-css-d-button brz-css-19qtjsm brz-css-d-button-bg brz-css-1ler99n\" target=\"_self\" rel=\"noopener\" data-brz-link-type=\"external\" data-brz-custom-id=\"cpjX7eYaOkNa\"><span data-brz-translate-text=\"1\" class=\"brz-span brz-text__editor\">Schedule a visit<\/span><\/a><\/div>\n<\/div>\n<\/div>\n<\/div>\n<\/div>\n<\/div>\n<\/div>\n<\/section><\/div>\n<p><!-- version:1771339900 --><\/p>","protected":false},"excerpt":{"rendered":"<p>Nuestro equipo Conoce al equipo que transforma los residuos en oportunidades. Con esfuerzo diario, el equipo de Bocas convierte residuos en soluciones sostenibles para un Panam\u00e1 m\u00e1s verde. \u00danete a nuestro equipoApoya nuestra misi\u00f3n El coraz\u00f3n de nuestra misi\u00f3n Nuestros voluntarios son la fuerza impulsora detr\u00e1s de todo lo que hacemos. Su dedicaci\u00f3n, creatividad y [&hellip;]<\/p>\n","protected":false},"author":1,"featured_media":0,"parent":0,"menu_order":0,"comment_status":"closed","ping_status":"closed","template":"brizy-blank-template.php","meta":{"footnotes":""},"class_list":["post-262","page","type-page","status-publish","hentry"],"blocksy_meta":[],"brizy_media":[{"id":107,"url":"https:\/\/brc.desarrollo.itsangee.com\/wp-content\/uploads\/2025\/05\/volunteers.webp","name":"volunteers.webp","meta":{"brizy_attachment_uid":"wp-6c9b8a4fa66a943a704f003ed2a7f8e0.webp","brizy_post_uid":["338d9ad25491a29a5b15dbdc9ddfefe6","f2511840e41a6a450d7aa5dc22fcb04c"]}},{"id":266,"url":"https:\/\/brc.desarrollo.itsangee.com\/wp-content\/uploads\/2025\/05\/team.webp","name":"team.webp","meta":{"brizy_attachment_uid":"wp-44cf8fc5cc49643c3aa7f9235461415e.webp","brizy_post_uid":["f2511840e41a6a450d7aa5dc22fcb04c","0a3cc0c56881c3e8c1312273fbdc08fc"]}},{"id":631,"url":"https:\/\/brc.desarrollo.itsangee.com\/wp-content\/uploads\/2026\/02\/home-4-1.webp","name":"home-4-1.webp","meta":{"brizy_attachment_uid":"wp-6b768c1fad04f421cf6c3bc2abab647d.webp","brizy_post_uid":["338d9ad25491a29a5b15dbdc9ddfefe6","f2511840e41a6a450d7aa5dc22fcb04c"]}},{"id":660,"url":"https:\/\/brc.desarrollo.itsangee.com\/wp-content\/uploads\/2026\/02\/equipo.webp","name":"equipo.webp","meta":{"brizy_attachment_uid":"wp-04dea451158b9ec8692881751fc9c968.webp","brizy_post_uid":["f2511840e41a6a450d7aa5dc22fcb04c"]}},{"id":663,"url":"https:\/\/brc.desarrollo.itsangee.com\/wp-content\/uploads\/2026\/02\/eduardo.webp","name":"eduardo.webp","meta":{"brizy_attachment_uid":"wp-a86e5e5565721a23d6dd54dc5d3eb802.webp","brizy_post_uid":["f2511840e41a6a450d7aa5dc22fcb04c","0a3cc0c56881c3e8c1312273fbdc08fc"]}},{"id":666,"url":"https:\/\/brc.desarrollo.itsangee.com\/wp-content\/uploads\/2026\/02\/ella.webp","name":"ella.webp","meta":{"brizy_attachment_uid":"wp-9bcfcbf3219eeac03b93ed5e47527f21.webp","brizy_post_uid":["f2511840e41a6a450d7aa5dc22fcb04c","0a3cc0c56881c3e8c1312273fbdc08fc"]}},{"id":669,"url":"https:\/\/brc.desarrollo.itsangee.com\/wp-content\/uploads\/2026\/02\/voluntarios.webp","name":"voluntarios.webp","meta":{"brizy_attachment_uid":"wp-5808049329e82886a3b85e568c54d6ef.webp","brizy_post_uid":["f2511840e41a6a450d7aa5dc22fcb04c"]}},{"id":707,"url":"https:\/\/brc.desarrollo.itsangee.com\/wp-content\/uploads\/2026\/02\/Ricky-Recycle-2-for-web.webp","name":"Ricky-Recycle-2-for-web.webp","meta":{"brizy_attachment_uid":"wp-8fa240fe4e2c21145490d41dd161e962.webp","brizy_post_uid":["60ed1afef46add52c5bf5eabd94e8c44","0a3cc0c56881c3e8c1312273fbdc08fc","6572f1e75a75c64ebe72f14fb8ecc937","f2511840e41a6a450d7aa5dc22fcb04c","0e5dde1cac43aa3311d5a9e959f35cb0","338d9ad25491a29a5b15dbdc9ddfefe6"]}},{"id":769,"url":"https:\/\/brc.desarrollo.itsangee.com\/wp-content\/uploads\/2026\/02\/David.webp","name":"David.webp","meta":{"brizy_attachment_uid":"wp-f7a85efb5cabf9245b1f37ebe7cdb416.webp","brizy_post_uid":["f2511840e41a6a450d7aa5dc22fcb04c"]}}],"_links":{"self":[{"href":"https:\/\/brc.desarrollo.itsangee.com\/en\/wp-json\/wp\/v2\/pages\/262","targetHints":{"allow":["GET"]}}],"collection":[{"href":"https:\/\/brc.desarrollo.itsangee.com\/en\/wp-json\/wp\/v2\/pages"}],"about":[{"href":"https:\/\/brc.desarrollo.itsangee.com\/en\/wp-json\/wp\/v2\/types\/page"}],"author":[{"embeddable":true,"href":"https:\/\/brc.desarrollo.itsangee.com\/en\/wp-json\/wp\/v2\/users\/1"}],"replies":[{"embeddable":true,"href":"https:\/\/brc.desarrollo.itsangee.com\/en\/wp-json\/wp\/v2\/comments?post=262"}],"version-history":[{"count":21,"href":"https:\/\/brc.desarrollo.itsangee.com\/en\/wp-json\/wp\/v2\/pages\/262\/revisions"}],"predecessor-version":[{"id":770,"href":"https:\/\/brc.desarrollo.itsangee.com\/en\/wp-json\/wp\/v2\/pages\/262\/revisions\/770"}],"wp:attachment":[{"href":"https:\/\/brc.desarrollo.itsangee.com\/en\/wp-json\/wp\/v2\/media?parent=262"}],"curies":[{"name":"wp","href":"https:\/\/api.w.org\/{rel}","templated":true}]}}