{"id":527,"date":"2025-11-16T05:53:54","date_gmt":"2025-11-16T04:53:54","guid":{"rendered":"http:\/\/brc.desarrollo.itsangee.com\/?page_id=527"},"modified":"2026-04-27T18:18:05","modified_gmt":"2026-04-27T16:18:05","slug":"contact","status":"publish","type":"page","link":"https:\/\/brc.desarrollo.itsangee.com\/en\/contact\/","title":{"rendered":"Contact"},"content":{"rendered":"<div class=\"brz brz-root__container brz-reset-all brz-root__container-page\">\n<section id=\"efdk0YDAb8YF_efdk0YDAb8YF\" class=\"brz-section brz-css-d-section brz-css-sbz7gs\">\n<div class=\"brz-section__content brz-section--boxed brz-css-d-sectionitem-bg brz-css-fw4dhh\" data-brz-custom-id=\"wcJch6sWizvi\">\n<div class=\"brz-bg\">\n<div class=\"brz-bg-image\"><\/div>\n<div class=\"brz-bg-color\"><\/div>\n<div class=\"brz-bg-shape brz-bg-shape__bottom\"><\/div>\n<\/div>\n<div class=\"brz-container brz-css-d-sectionitem-container brz-css-wenru8\">\n<div id=\"\" class=\"brz-css-d-wrapper brz-css-r-wrapper brz-css-1ubv0ht brz-wrapper\">\n<div class=\"brz-spacer brz-css-d-spacer brz-css-xqsaay\"><\/div>\n<\/div>\n<\/div>\n<\/div>\n<\/section>\n<section id=\"k0LotoUpgjCL_k0LotoUpgjCL\" class=\"brz-section brz-css-d-section brz-css-13dq5h4\">\n<div class=\"brz-section__content brz-section--boxed brz-css-d-sectionitem-bg brz-css-58nhr\" data-brz-custom-id=\"xuhO6unzy2G3\">\n<div class=\"brz-bg\">\n<div class=\"brz-bg-color\"><\/div>\n<\/div>\n<div class=\"brz-container brz-css-d-sectionitem-container brz-css-fz2pel\">\n<div class=\"brz-row__container brz-css-d-row-row brz-css-lf1nur\" data-brz-custom-id=\"c9XjEfXFfJas\">\n<div class=\"brz-row brz-css-d-row-container brz-css-1rqd3tm\">\n<div class=\"brz-columns brz-css-d-column-column brz-css-f1spcf\" data-brz-custom-id=\"kIid53quOi86\">\n<div class=\"brz-column__items brz-css-d-column-bg brz-css-1rsgh0s\">\n<div id=\"\" data-brz-iteration-count=\"1\" class=\"brz-css-d-wrapper brz-css-1fpzju2 brz-wrapper brz-animated brz-css-d-wrapper-animation-fadeinup-900-0-false brz-css-lgrfc4\" data-animationid=\"feAY4WLavwpo\">\n<div class=\"brz-rich-text brz-rich-text__custom brz-css-d-richtext brz-css-3qp7vw\" data-brz-custom-id=\"eKh8oQHT7k5o\">\n<div data-brz-translate-text=\"1\">\n<h1 class=\"brz-tp-lg-heading1 ql-align-center brz-css-lG45i\" data-uniq-id=\"xkVAC\" data-generated-css=\"brz-css-fygpu\"><span class=\"brz-cp-color8\" style=\"background-color: transparent\">Contact us<\/span><\/h1>\n<\/div>\n<\/div>\n<\/div>\n<div id=\"\" data-brz-iteration-count=\"1\" class=\"brz-css-d-wrapper brz-css-7omfq brz-wrapper brz-animated brz-css-d-wrapper-animation-fadeinup-900-0-false brz-css-1ulccnt\" data-animationid=\"atJGLEE96GY9\">\n<div class=\"brz-rich-text brz-rich-text__custom brz-css-d-richtext brz-css-131pimx\" data-brz-custom-id=\"llYyRviqlGVw\">\n<div data-brz-translate-text=\"1\">\n<p class=\"brz-tp-lg-nqBoWtX8Ue0D brz-css-wgBZW\" data-generated-css=\"brz-css-l0Wyb\" data-uniq-id=\"yee72\"><span class=\"brz-cp-color8\" style=\"background-color: transparent\">Do you have questions, ideas, or want to join the change? We are here to listen to you.<\/span><\/p>\n<p class=\"brz-tp-lg-nqBoWtX8Ue0D brz-css-lOB20\" data-generated-css=\"brz-css-yl_7T\" data-uniq-id=\"ueXAl\"><span class=\"brz-cp-color8\" style=\"background-color: transparent\">Write to us, visit us, or follow us on social media: your participation makes the difference.<\/span><\/p>\n<\/div>\n<\/div>\n<\/div>\n<div id=\"\" class=\"brz-css-d-wrapper brz-css-r-wrapper brz-css-1jrd4h6 brz-wrapper\">\n<div class=\"brz-spacer brz-css-d-spacer brz-css-zgj863\"><\/div>\n<\/div>\n<div class=\"brz-wrapper-clone brz-flex-xs-wrap brz-css-d-cloneable brz-css-1ngcsjw\" data-brz-custom-id=\"ijIH3RINW1vQ\"><a class=\"brz-a brz-btn brz-css-d-button brz-css-1v98qm1 brz-css-d-button-bg brz-css-glxcui\" target=\"_blank\" rel=\"noopener noreferrer\" href=\"https:\/\/drive.google.com\/drive\/folders\/1sZm80hnB4RL_CzBTdgLtQazrqHESgDpU\" data-brz-link-type=\"external\" data-brz-custom-id=\"mifG5gU6a5fl\"><span data-brz-translate-text=\"1\" class=\"brz-span brz-text__editor\">Join our team<\/span><\/a><a class=\"brz-a brz-btn brz-css-d-button brz-css-sxtide brz-css-d-button-bg brz-css-1khm6a8\" target=\"_self\" rel=\"noopener\" data-brz-link-type=\"external\" data-brz-custom-id=\"cgcgQVT2Wz8d\"><span data-brz-translate-text=\"1\" class=\"brz-span brz-text__editor\">Support our mission<\/span><\/a><\/div>\n<\/div>\n<\/div>\n<div class=\"brz-columns brz-css-d-column-column brz-css-11s8gc1\" data-brz-custom-id=\"bZ3XDWluEBCO\">\n<div class=\"brz-column__items brz-css-d-column-bg brz-css-1f798om\">\n<div id=\"\" class=\"brz-css-d-wrapper brz-css-1y3i7qp brz-wrapper\">\n<div class=\"brz-image brz-css-d-image-evhhnftlmet9-parent brz-css-1g4n4ep\" data-brz-custom-id=\"evHhNfTLmET9\"><img decoding=\"async\" class=\"brz-img\" src=\"https:\/\/brc.desarrollo.itsangee.com\/?brizy_media=wp-090745d57bf531c42fb8de568c959242.webp&amp;brizy_crop=iW%3D428%26iH%3D620%26oX%3D0%26oY%3D180%26cW%3D428%26cH%3D260\" loading=\"lazy\" title=\"\"><\/div>\n<\/div>\n<\/div>\n<\/div>\n<\/div>\n<\/div>\n<div id=\"\" class=\"brz-css-d-wrapper brz-css-r-wrapper brz-css-ghvkyh brz-wrapper\">\n<div class=\"brz-spacer brz-css-d-spacer brz-css-mkr4sm\"><\/div>\n<\/div>\n<div id=\"\" class=\"brz-css-d-wrapper brz-css-r-wrapper brz-css-1nlph1f brz-wrapper\">\n<div class=\"brz-spacer brz-css-d-spacer brz-css-p9ic4o\"><\/div>\n<\/div>\n<div id=\"\" data-brz-iteration-count=\"1\" class=\"brz-css-d-wrapper brz-css-1o7iw6 brz-wrapper brz-animated brz-css-d-wrapper-animation-fadeinup-900-0-false brz-css-6ljn35\" data-animationid=\"pB6MEFathU0v\">\n<div class=\"brz-line brz-line-default brz-css-d-line brz-css-1rxmewu\" data-brz-custom-id=\"kW_sZmH0DFdt\">\n<hr class=\"brz-hr\"><\/div>\n<\/div>\n<div id=\"\" class=\"brz-css-d-wrapper brz-css-r-wrapper brz-css-1t75ks9 brz-wrapper\">\n<div class=\"brz-spacer brz-css-d-spacer brz-css-l8l1kh\"><\/div>\n<\/div>\n<\/div>\n<\/div>\n<\/section>\n<section id=\"azu_i0Ok4m8B_azu_i0Ok4m8B\" class=\"brz-section brz-css-d-section brz-css-11xe9qk\">\n<div class=\"brz-section__content brz-section--boxed brz-css-d-sectionitem-bg brz-css-15shyvg\" data-brz-custom-id=\"fTgF6FXQ2C2c\">\n<div class=\"brz-bg\">\n<div class=\"brz-bg-color\"><\/div>\n<div class=\"brz-bg-shape brz-bg-shape__top\"><\/div>\n<div class=\"brz-bg-shape brz-bg-shape__bottom\"><\/div>\n<\/div>\n<div class=\"brz-container brz-css-d-sectionitem-container brz-css-9bfla3\">\n<div class=\"brz-row__container brz-css-d-row-row brz-css-79kv9v\" data-brz-custom-id=\"zkZNLYsr97Ii\">\n<div class=\"brz-row brz-css-d-row-container brz-css-1xqeuwc\">\n<div class=\"brz-columns brz-css-d-column-column brz-css-5oq78\" data-brz-custom-id=\"rLhLx6e3fBJr\">\n<div class=\"brz-bg\"><\/div>\n<div class=\"brz-column__items brz-css-d-column-bg brz-css-1qpse6v\">\n<div id=\"\" class=\"brz-css-d-wrapper brz-css-1fkt43t brz-wrapper\">\n<div data-brz-form-version=\"2\" class=\"brz-forms2 brz-css-d-form2-form brz-css-ofb92u\" data-brz-custom-id=\"t432rZk8lvPh\">\n<div data-brz-translate-text=\"1\" class=\"brz-forms2__item brz-css-d-form2fields-fields brz-css-v05x5c brz-css-d-form2field-field brz-css-lrbmqa\"><\/div>\n<div data-brz-translate-text=\"1\" class=\"brz-forms2__item brz-css-d-form2fields-fields brz-css-v05x5c brz-css-d-form2field-field brz-css-1nakq0h\"><\/div>\n<div data-brz-translate-text=\"1\" class=\"brz-forms2__item brz-css-d-form2fields-fields brz-css-v05x5c brz-css-d-form2field-field brz-css-7zrlh5\"><\/div>\n<div data-brz-translate-text=\"1\" class=\"brz-forms2__item brz-css-d-form2fields-fields brz-css-v05x5c brz-css-d-form2field-field brz-css-1fl4ph7\"><\/div>\n<div data-brz-translate-text=\"1\" class=\"brz-forms2__item brz-css-d-form2fields-fields brz-css-v05x5c brz-css-d-form2field-field brz-css-1fq1wi1\"><textarea id=\"sCobcR9_Cb7Y_5d78d62075c7b272b940\" name=\"kybfakBjZZK0\" data-brz-type=\"Paragraph\" data-brz-label=\"Mensaje\" data-brz-placeholder=\"Mensaje\" class=\"brz-textarea brz-forms2__field brz-forms2__field-paragraph\"><\/textarea><\/div>\n<div class=\"brz-forms2 brz-forms2__item brz-forms2__item-button\" data-brz-custom-id=\"t432rZk8lvPh\"><button class=\"brz-btn brz-btn-submit brz-css-d-button-bg brz-css-uckmp3\" data-brz-custom-id=\"a6yWG0EB7s5f\"><span data-brz-translate-text=\"1\" class=\"brz-span brz-text__editor\">Send<\/span><\/button><\/div>\n<div class=\"brz-forms2__messages brz-css-d-form2-messages\"><\/div>\n<div class=\"brz-g-recaptcha\" data-sitekey=\"\" data-size=\"invisible\" data-callback=\"brzFormV2Captcha\"><\/div>\n<\/div>\n<\/div>\n<\/div>\n<\/div>\n<\/div>\n<\/div>\n<div id=\"\" class=\"brz-css-d-wrapper brz-css-r-wrapper brz-css-3hdgiv brz-wrapper\">\n<div class=\"brz-spacer brz-css-d-spacer brz-css-1ay4pex\"><\/div>\n<\/div>\n<div id=\"\" class=\"brz-css-d-wrapper brz-css-r-wrapper brz-css-13209rz brz-wrapper\">\n<div class=\"brz-spacer brz-css-d-spacer brz-css-1dcjcm3\"><\/div>\n<\/div>\n<div id=\"\" class=\"brz-css-d-wrapper brz-css-r-wrapper brz-css-3mahh4 brz-wrapper\">\n<div class=\"brz-spacer brz-css-d-spacer brz-css-8u5ji3\"><\/div>\n<\/div>\n<div id=\"\" class=\"brz-css-d-wrapper brz-css-r-wrapper brz-css-1yvdiq7 brz-wrapper\">\n<div class=\"brz-spacer brz-css-d-spacer brz-css-14r1gxy\"><\/div>\n<\/div>\n<div id=\"\" class=\"brz-css-d-wrapper brz-css-r-wrapper brz-css-vj0g22 brz-wrapper\">\n<div class=\"brz-spacer brz-css-d-spacer brz-css-1uf5jop\"><\/div>\n<\/div>\n<\/div>\n<\/div>\n<\/section><\/div>\n<p><!-- version:1770241160 --><\/p>","protected":false},"excerpt":{"rendered":"<p>Cont\u00e1ctanos \u00bfTienes preguntas, ideas o quieres sumarte al cambio? Estamos aqu\u00ed para escucharte. Escr\u00edbenos, vis\u00edtanos o s\u00edguenos en redes: tu participaci\u00f3n hace la diferencia. \u00danete a nuestro equipoApoya nuestra misi\u00f3n Enviar<\/p>","protected":false},"author":1,"featured_media":0,"parent":0,"menu_order":0,"comment_status":"closed","ping_status":"closed","template":"brizy-blank-template.php","meta":{"footnotes":""},"class_list":["post-527","page","type-page","status-publish","hentry"],"blocksy_meta":[],"brizy_media":[{"id":143,"url":"https:\/\/brc.desarrollo.itsangee.com\/wp-content\/uploads\/2025\/05\/gallery-6.webp","name":"gallery-6.webp","meta":{"brizy_attachment_uid":"wp-ff2c882257995422a9fed81078c52ddb.webp","brizy_post_uid":["0e5dde1cac43aa3311d5a9e959f35cb0","60ed1afef46add52c5bf5eabd94e8c44"]}},{"id":183,"url":"https:\/\/brc.desarrollo.itsangee.com\/wp-content\/uploads\/2025\/05\/faq.webp","name":"faq.webp","meta":{"brizy_attachment_uid":"wp-ccc22160e99a1820a855208b14965dfe.webp","brizy_post_uid":["60ed1afef46add52c5bf5eabd94e8c44","0a3cc0c56881c3e8c1312273fbdc08fc"]}},{"id":674,"url":"https:\/\/brc.desarrollo.itsangee.com\/wp-content\/uploads\/2026\/02\/contact.webp","name":"contact.webp","meta":{"brizy_attachment_uid":"wp-090745d57bf531c42fb8de568c959242.webp","brizy_post_uid":["60ed1afef46add52c5bf5eabd94e8c44"]}},{"id":707,"url":"https:\/\/brc.desarrollo.itsangee.com\/wp-content\/uploads\/2026\/02\/Ricky-Recycle-2-for-web.webp","name":"Ricky-Recycle-2-for-web.webp","meta":{"brizy_attachment_uid":"wp-8fa240fe4e2c21145490d41dd161e962.webp","brizy_post_uid":["60ed1afef46add52c5bf5eabd94e8c44","0a3cc0c56881c3e8c1312273fbdc08fc","6572f1e75a75c64ebe72f14fb8ecc937","f2511840e41a6a450d7aa5dc22fcb04c","0e5dde1cac43aa3311d5a9e959f35cb0","338d9ad25491a29a5b15dbdc9ddfefe6"]}},{"id":747,"url":"https:\/\/brc.desarrollo.itsangee.com\/wp-content\/uploads\/2026\/02\/Ricky-Recycle-for-web.webp","name":"Ricky-Recycle-for-web.webp","meta":{"brizy_attachment_uid":"wp-fbf88d38f647986539d147469ab91254.webp","brizy_post_uid":["60ed1afef46add52c5bf5eabd94e8c44"]}}],"_links":{"self":[{"href":"https:\/\/brc.desarrollo.itsangee.com\/en\/wp-json\/wp\/v2\/pages\/527","targetHints":{"allow":["GET"]}}],"collection":[{"href":"https:\/\/brc.desarrollo.itsangee.com\/en\/wp-json\/wp\/v2\/pages"}],"about":[{"href":"https:\/\/brc.desarrollo.itsangee.com\/en\/wp-json\/wp\/v2\/types\/page"}],"author":[{"embeddable":true,"href":"https:\/\/brc.desarrollo.itsangee.com\/en\/wp-json\/wp\/v2\/users\/1"}],"replies":[{"embeddable":true,"href":"https:\/\/brc.desarrollo.itsangee.com\/en\/wp-json\/wp\/v2\/comments?post=527"}],"version-history":[{"count":16,"href":"https:\/\/brc.desarrollo.itsangee.com\/en\/wp-json\/wp\/v2\/pages\/527\/revisions"}],"predecessor-version":[{"id":684,"href":"https:\/\/brc.desarrollo.itsangee.com\/en\/wp-json\/wp\/v2\/pages\/527\/revisions\/684"}],"wp:attachment":[{"href":"https:\/\/brc.desarrollo.itsangee.com\/en\/wp-json\/wp\/v2\/media?parent=527"}],"curies":[{"name":"wp","href":"https:\/\/api.w.org\/{rel}","templated":true}]}}